{"id":1002875,"date":"2025-06-02T19:40:53","date_gmt":"2025-06-02T11:40:53","guid":{"rendered":"https:\/\/vavin.tw\/?post_type=product&#038;p=1002875"},"modified":"2025-12-26T01:15:24","modified_gmt":"2025-12-25T17:15:24","slug":"dom-garille-igp-cite-de-carcassonne-gris-de-garille-rose-2024","status":"publish","type":"product","link":"https:\/\/vavin.tw\/zh_tw\/product\/dom-garille-igp-cite-de-carcassonne-gris-de-garille-rose-2024\/","title":{"rendered":"\u8fe6\u5229\u723e\u5821 IGP \u5361\u723e\u5361\u677e citt\u00e0 \u4f73\u9e97\u91c0\u8461\u8404\u7d05\u9152 2024"},"content":{"rendered":"<div class=\"vgblk-rw-wrapper limit-wrapper\">\n<div class=\"wine-info\"><strong>\u985e\u5225\uff1a<\/strong> \u7c89\u7d05\u9152<br \/>\n<strong>\u9152\u7cbe\u6fc3\u5ea6\uff1a<\/strong> 12.5% \u5377.<br \/>\n<strong>\u8461\u8404\u54c1\u7a2e\uff1a<\/strong> 55% Cinsault, 30% Grenache, 15% Merlot<br \/>\n<strong>\u5bb9\u91cf\uff1a<\/strong> 750\u6beb\u5347<\/div>\n<hr \/>\n<div class=\"wine-section\">\n<h3>\u9152\u838a\u4ecb\u7d39<\/h3>\n<p>Domaine de Garille \u662f\u6b77\u53f2\u60a0\u4e45\u7684 Lorgeril \u5bb6\u65cf\u838a\u5712\u7684\u4e00\u90e8\u5206\uff0c\u81ea 1620 \u5e74\u4ee5\u4f86\u4fbf\u5728\u6717\u683c\u591a\u514b (Languedoc) \u7d2e\u6839\u3002\u9152\u838a\u4f4d\u65bc Carcassonne \u9644\u8fd1\uff0c\u9ad4\u73fe\u4e86\u5353\u8d8a\u7684\u50b3\u7d71\uff0c\u91c0\u9020\u51fa\u7d50\u5408\u4e86\u5730\u4e2d\u6d77\u7279\u8272\u3001\u6e05\u65b0\u5ea6\u548c\u7cbe\u6e96\u5ea6\u7684\u8461\u8404\u9152\u3002<\/p>\n<hr \/>\n<\/div>\n<div class=\"wine-section\">\n<h3>\u98a8\u571f\u689d\u4ef6<\/h3>\n<p>\u8461\u8404\u5712\u4f4d\u65bc\u9ed1\u5c71 (Montagne Noire) \u8207\u5e87\u91cc\u725b\u65af\u5c71 (Pyrenees) \u4e4b\u9593\uff0c\u53d7\u76ca\u65bc\u77f3\u7070\u5ca9-\u9ecf\u571f\u571f\u58e4\u548c\u53d7\u5230\u5730\u4e2d\u6d77\u8207\u5927\u897f\u6d0b\u5fae\u98a8\u96d9\u91cd\u5f71\u97ff\u7684\u6c23\u5019\u3002\u9019\u500b\u7368\u7279\u7684\u5730\u7406\u4f4d\u7f6e\u78ba\u4fdd\u4e86\u8461\u8404\u7de9\u6162\u6210\u719f\u3001\u5e73\u8861\u611f\u548c\u82b3\u9999\u7684\u7d30\u81a9\u5ea6\u3002<\/p>\n<hr \/>\n<\/div>\n<div class=\"wine-section\">\n<h3>\u54c1\u98f2\u7b46\u8a18<\/h3>\n<p>\u9152\u6db2\u5448\u6de1\u9bad\u9b5a\u7c89\u8272\uff0c\u5e36\u6709\u9280\u8272\u5149\u6fa4\u3002\u9999\u6c23\u7cbe\u7dfb\u7d30\u81a9\uff0c\u6563\u767c\u51fa\u7d05\u8272\u6f3f\u679c\u3001\u767d\u6843\u548c\u67d1\u6a58\u76ae\u7684\u6c23\u606f\u3002\u53e3\u611f\u6e05\u8106\u723d\u53e3\uff0c\u5e36\u6709\u7d72\u6ed1\u7684\u8cea\u5730\u548c\u7dbf\u9577\u3001\u5145\u6eff\u6d3b\u529b\u7684\u6536\u5c3e\u3002<\/p>\n<hr \/>\n<\/div>\n<div class=\"wine-section\">\n<h3>\u9910\u9152\u642d\u914d<\/h3>\n<p>\u642d\u914d\u6d77\u9bae\u3001\u590f\u65e5\u6c99\u62c9\u3001\u58fd\u53f8\u975e\u5e38\u68d2\uff0c\u4e5f\u53ef\u7c21\u55ae\u5730\u4f5c\u70ba\u958b\u80c3\u9152\u4eab\u7528\u3002<\/p>\n<\/div>\n<hr \/>\n<p>&nbsp;<\/p>\n<div style=\"padding: 56.25% 0 0 0; position: relative;\"><iframe style=\"position: absolute; top: 0; left: 0; width: 100%; height: 100%;\" title=\"Maison LORGERIL - Film institutionnel 2025\" src=\"https:\/\/player.vimeo.com\/video\/1045742242?badge=0&amp;autopause=0&amp;player_id=0&amp;app_id=58479\" frameborder=\"0\"><\/iframe><\/div>\n<p><script src=\"https:\/\/player.vimeo.com\/api\/player.js\"><\/script><\/div>\n<p><!-- .vgblk-rw-wrapper --><\/p>","protected":false},"excerpt":{"rendered":"<article class=\"text-token-text-primary w-full focus:outline-none scroll-mt-[calc(var(--header-height)+min(200px,max(70px,20svh)))]\" dir=\"auto\" tabindex=\"-1\" data-turn-id=\"request-WEB:a3ee76c2-cacb-43fd-9b3d-3f89a8621564-2\" data-testid=\"conversation-turn-6\" data-scroll-anchor=\"true\" data-turn=\"assistant\">\n<div class=\"text-base my-auto mx-auto pb-10 [--thread-content-margin:--spacing(4)] thread-sm:[--thread-content-margin:--spacing(6)] thread-lg:[--thread-content-margin:--spacing(16)] px-(--thread-content-margin)\">\n<div class=\"[--thread-content-max-width:40rem] thread-lg:[--thread-content-max-width:48rem] mx-auto max-w-(--thread-content-max-width) flex-1 group\/turn-messages focus-visible:outline-hidden relative flex w-full min-w-0 flex-col agent-turn\" tabindex=\"-1\">\n<div class=\"flex max-w-full flex-col grow\">\n<div class=\"min-h-8 text-message relative flex w-full flex-col items-end gap-2 text-start break-words whitespace-normal [.text-message+&amp;]:mt-5\" dir=\"auto\" data-message-author-role=\"assistant\" data-message-id=\"0549ba06-78ec-4060-8b06-7a0f40673fe2\" data-message-model-slug=\"gpt-4o\">\n<div class=\"flex w-full flex-col gap-1 empty:hidden first:pt-[1px]\">\n<div class=\"markdown prose dark:prose-invert w-full break-words dark markdown-new-styling\">\n<p data-start=\"0\" data-end=\"633\" data-is-last-node=\"\" data-is-only-node=\"\">Radiant and refined, this ros\u00e9 from Domaine de Garille captures the sunlit charm of the Languedoc with effortless grace. Crafted from Cinsault and Grenache, it shimmers a pale salmon pink, its delicate hue a prelude to the elegance within. On the nose, gentle aromas of red berries, white peach, and citrus zest unfold with subtle allure. The palate is crisp yet silky, offering a refreshing vibrancy that lingers through a finely balanced finish. Born of limestone-clay soils and tempered by mountain and sea breezes, this ros\u00e9 is a pure expression of place \u2014\u00a0a versatile and elegant ros\u00e9, perfect for accompanying seafood, summer salads, or sushi, or simply enjoyed on its own as an aperitif.<\/p>\n<\/div>\n<\/div>\n<\/div>\n<\/div>\n<div class=\"z-0 flex min-h-[46px] justify-start\"><\/div>\n<\/div>\n<\/div>\n<\/article>\n<div class=\"pointer-events-none h-px w-px\" aria-hidden=\"true\" data-edge=\"true\"><\/div>\n","protected":false},"featured_media":1002884,"comment_status":"open","ping_status":"closed","template":"","meta":[],"product_brand":[],"product_cat":[138,109],"product_tag":[156,149],"class_list":{"0":"post-1002875","1":"product","2":"type-product","3":"status-publish","4":"has-post-thumbnail","6":"product_cat-languedoc","7":"product_cat-rose","8":"product_tag-grenache","9":"product_tag-syrah","11":"first","12":"instock","13":"shipping-taxable","14":"product-type-simple"},"yoast_head":"<!-- This site is optimized with the Yoast SEO Premium plugin v27.2 (Yoast SEO v27.3) - https:\/\/yoast.com\/product\/yoast-seo-premium-wordpress\/ -->\n<title>Dom Garille IGP Cit\u00e9 de Carcassonne Gris de Garille Ros\u00e9 2024 - Vavin \u9152\u76d2\u5b50<\/title>\n<meta name=\"description\" content=\"Discover Domaine de Garille IGP Cit\u00e9 de Carcassonne Gris de Garille Ros\u00e9 2024, a fresh and elegant ros\u00e9 crafted in Languedoc. With delicate fruit aromas and a refined balance, this wine embodies the charm and authenticity of southern France.\" \/>\n<meta name=\"robots\" content=\"index, follow, max-snippet:-1, max-image-preview:large, max-video-preview:-1\" \/>\n<link rel=\"canonical\" href=\"https:\/\/vavin.tw\/zh_tw\/product\/dom-garille-igp-cite-de-carcassonne-gris-de-garille-rose-2024\/\" \/>\n<meta property=\"og:locale\" content=\"zh_TW\" \/>\n<meta property=\"og:type\" content=\"article\" \/>\n<meta property=\"og:title\" content=\"Dom Garille IGP Cit\u00e9 de Carcassonne Gris de Garille Ros\u00e9 2024\" \/>\n<meta property=\"og:description\" content=\"Discover Domaine de Garille IGP Cit\u00e9 de Carcassonne Gris de Garille Ros\u00e9 2024, a fresh and elegant ros\u00e9 crafted in Languedoc. With delicate fruit aromas and a refined balance, this wine embodies the charm and authenticity of southern France.\" \/>\n<meta property=\"og:url\" content=\"https:\/\/vavin.tw\/zh_tw\/product\/dom-garille-igp-cite-de-carcassonne-gris-de-garille-rose-2024\/\" \/>\n<meta property=\"og:site_name\" content=\"Vavin \u9152\u76d2\u5b50\" \/>\n<meta property=\"article:publisher\" content=\"https:\/\/www.facebook.com\/vavintw\" \/>\n<meta property=\"article:modified_time\" content=\"2025-12-25T17:15:24+00:00\" \/>\n<meta property=\"og:image\" content=\"https:\/\/vavin.tw\/wp-content\/uploads\/2025\/06\/Lorgeril-Cite-de-Carcassonne-Gris-de-Garille-Rose-2024.png\" \/>\n\t<meta property=\"og:image:width\" content=\"400\" \/>\n\t<meta property=\"og:image:height\" content=\"600\" \/>\n\t<meta property=\"og:image:type\" content=\"image\/png\" \/>\n<meta name=\"twitter:card\" content=\"summary_large_image\" \/>\n<meta name=\"twitter:label1\" content=\"\u9810\u4f30\u95b1\u8b80\u6642\u9593\" \/>\n\t<meta name=\"twitter:data1\" content=\"1 \u5206\u9418\" \/>\n<script type=\"application\/ld+json\" class=\"yoast-schema-graph\">{\"@context\":\"https:\\\/\\\/schema.org\",\"@graph\":[{\"@type\":\"WebPage\",\"@id\":\"https:\\\/\\\/vavin.tw\\\/product\\\/dom-garille-igp-cite-de-carcassonne-gris-de-garille-rose-2024\\\/\",\"url\":\"https:\\\/\\\/vavin.tw\\\/product\\\/dom-garille-igp-cite-de-carcassonne-gris-de-garille-rose-2024\\\/\",\"name\":\"Dom Garille IGP Cit\u00e9 de Carcassonne Gris de Garille Ros\u00e9 2024 - Vavin \u9152\u76d2\u5b50\",\"isPartOf\":{\"@id\":\"https:\\\/\\\/vavin.tw\\\/#website\"},\"primaryImageOfPage\":{\"@id\":\"https:\\\/\\\/vavin.tw\\\/product\\\/dom-garille-igp-cite-de-carcassonne-gris-de-garille-rose-2024\\\/#primaryimage\"},\"image\":{\"@id\":\"https:\\\/\\\/vavin.tw\\\/product\\\/dom-garille-igp-cite-de-carcassonne-gris-de-garille-rose-2024\\\/#primaryimage\"},\"thumbnailUrl\":\"https:\\\/\\\/vavin.tw\\\/wp-content\\\/uploads\\\/2025\\\/06\\\/Lorgeril-Cite-de-Carcassonne-Gris-de-Garille-Rose-2024.png\",\"datePublished\":\"2025-06-02T11:40:53+00:00\",\"dateModified\":\"2025-12-25T17:15:24+00:00\",\"description\":\"Discover Domaine de Garille IGP Cit\u00e9 de Carcassonne Gris de Garille Ros\u00e9 2024, a fresh and elegant ros\u00e9 crafted in Languedoc. With delicate fruit aromas and a refined balance, this wine embodies the charm and authenticity of southern France.\",\"breadcrumb\":{\"@id\":\"https:\\\/\\\/vavin.tw\\\/product\\\/dom-garille-igp-cite-de-carcassonne-gris-de-garille-rose-2024\\\/#breadcrumb\"},\"inLanguage\":\"zh-TW\",\"potentialAction\":[{\"@type\":\"ReadAction\",\"target\":[\"https:\\\/\\\/vavin.tw\\\/product\\\/dom-garille-igp-cite-de-carcassonne-gris-de-garille-rose-2024\\\/\"]}]},{\"@type\":\"ImageObject\",\"inLanguage\":\"zh-TW\",\"@id\":\"https:\\\/\\\/vavin.tw\\\/product\\\/dom-garille-igp-cite-de-carcassonne-gris-de-garille-rose-2024\\\/#primaryimage\",\"url\":\"https:\\\/\\\/vavin.tw\\\/wp-content\\\/uploads\\\/2025\\\/06\\\/Lorgeril-Cite-de-Carcassonne-Gris-de-Garille-Rose-2024.png\",\"contentUrl\":\"https:\\\/\\\/vavin.tw\\\/wp-content\\\/uploads\\\/2025\\\/06\\\/Lorgeril-Cite-de-Carcassonne-Gris-de-Garille-Rose-2024.png\",\"width\":400,\"height\":600},{\"@type\":\"BreadcrumbList\",\"@id\":\"https:\\\/\\\/vavin.tw\\\/product\\\/dom-garille-igp-cite-de-carcassonne-gris-de-garille-rose-2024\\\/#breadcrumb\",\"itemListElement\":[{\"@type\":\"ListItem\",\"position\":1,\"name\":\"Home\",\"item\":\"https:\\\/\\\/vavin.tw\\\/\"},{\"@type\":\"ListItem\",\"position\":2,\"name\":\"Products\",\"item\":\"https:\\\/\\\/vavin.tw\\\/shop\\\/\"},{\"@type\":\"ListItem\",\"position\":3,\"name\":\"Dom Garille IGP Cit\u00e9 de Carcassonne Gris de Garille Ros\u00e9 2024\"}]},{\"@type\":\"WebSite\",\"@id\":\"https:\\\/\\\/vavin.tw\\\/#website\",\"url\":\"https:\\\/\\\/vavin.tw\\\/\",\"name\":\"Vavin \u9152\u76d2\u5b50\",\"description\":\"Savor the Art of Wine\",\"publisher\":{\"@id\":\"https:\\\/\\\/vavin.tw\\\/#organization\"},\"potentialAction\":[{\"@type\":\"SearchAction\",\"target\":{\"@type\":\"EntryPoint\",\"urlTemplate\":\"https:\\\/\\\/vavin.tw\\\/?s={search_term_string}\"},\"query-input\":{\"@type\":\"PropertyValueSpecification\",\"valueRequired\":true,\"valueName\":\"search_term_string\"}}],\"inLanguage\":\"zh-TW\"},{\"@type\":\"Organization\",\"@id\":\"https:\\\/\\\/vavin.tw\\\/#organization\",\"name\":\"Vavin \u9152\u76d2\u5b50\",\"url\":\"https:\\\/\\\/vavin.tw\\\/\",\"logo\":{\"@type\":\"ImageObject\",\"inLanguage\":\"zh-TW\",\"@id\":\"https:\\\/\\\/vavin.tw\\\/#\\\/schema\\\/logo\\\/image\\\/\",\"url\":\"https:\\\/\\\/vavin.tw\\\/wp-content\\\/uploads\\\/2023\\\/03\\\/cropped-favicon-violet-v1.png\",\"contentUrl\":\"https:\\\/\\\/vavin.tw\\\/wp-content\\\/uploads\\\/2023\\\/03\\\/cropped-favicon-violet-v1.png\",\"width\":512,\"height\":512,\"caption\":\"Vavin \u9152\u76d2\u5b50\"},\"image\":{\"@id\":\"https:\\\/\\\/vavin.tw\\\/#\\\/schema\\\/logo\\\/image\\\/\"},\"sameAs\":[\"https:\\\/\\\/www.facebook.com\\\/vavintw\",\"https:\\\/\\\/www.instagram.com\\\/vavin_tw\"]}]}<\/script>\n<!-- \/ Yoast SEO Premium plugin. -->","yoast_head_json":{"title":"Dom Garille IGP Cit\u00e9 de Carcassonne Gris de Garille Ros\u00e9 2024 - Vavin \u9152\u76d2\u5b50","description":"Discover Domaine de Garille IGP Cit\u00e9 de Carcassonne Gris de Garille Ros\u00e9 2024, a fresh and elegant ros\u00e9 crafted in Languedoc. With delicate fruit aromas and a refined balance, this wine embodies the charm and authenticity of southern France.","robots":{"index":"index","follow":"follow","max-snippet":"max-snippet:-1","max-image-preview":"max-image-preview:large","max-video-preview":"max-video-preview:-1"},"canonical":"https:\/\/vavin.tw\/zh_tw\/product\/dom-garille-igp-cite-de-carcassonne-gris-de-garille-rose-2024\/","og_locale":"zh_TW","og_type":"article","og_title":"Dom Garille IGP Cit\u00e9 de Carcassonne Gris de Garille Ros\u00e9 2024","og_description":"Discover Domaine de Garille IGP Cit\u00e9 de Carcassonne Gris de Garille Ros\u00e9 2024, a fresh and elegant ros\u00e9 crafted in Languedoc. With delicate fruit aromas and a refined balance, this wine embodies the charm and authenticity of southern France.","og_url":"https:\/\/vavin.tw\/zh_tw\/product\/dom-garille-igp-cite-de-carcassonne-gris-de-garille-rose-2024\/","og_site_name":"Vavin \u9152\u76d2\u5b50","article_publisher":"https:\/\/www.facebook.com\/vavintw","article_modified_time":"2025-12-25T17:15:24+00:00","og_image":[{"width":400,"height":600,"url":"https:\/\/vavin.tw\/wp-content\/uploads\/2025\/06\/Lorgeril-Cite-de-Carcassonne-Gris-de-Garille-Rose-2024.png","type":"image\/png"}],"twitter_card":"summary_large_image","twitter_misc":{"\u9810\u4f30\u95b1\u8b80\u6642\u9593":"1 \u5206\u9418"},"schema":{"@context":"https:\/\/schema.org","@graph":[{"@type":"WebPage","@id":"https:\/\/vavin.tw\/product\/dom-garille-igp-cite-de-carcassonne-gris-de-garille-rose-2024\/","url":"https:\/\/vavin.tw\/product\/dom-garille-igp-cite-de-carcassonne-gris-de-garille-rose-2024\/","name":"Dom Garille IGP Cit\u00e9 de Carcassonne Gris de Garille Ros\u00e9 2024 - Vavin \u9152\u76d2\u5b50","isPartOf":{"@id":"https:\/\/vavin.tw\/#website"},"primaryImageOfPage":{"@id":"https:\/\/vavin.tw\/product\/dom-garille-igp-cite-de-carcassonne-gris-de-garille-rose-2024\/#primaryimage"},"image":{"@id":"https:\/\/vavin.tw\/product\/dom-garille-igp-cite-de-carcassonne-gris-de-garille-rose-2024\/#primaryimage"},"thumbnailUrl":"https:\/\/vavin.tw\/wp-content\/uploads\/2025\/06\/Lorgeril-Cite-de-Carcassonne-Gris-de-Garille-Rose-2024.png","datePublished":"2025-06-02T11:40:53+00:00","dateModified":"2025-12-25T17:15:24+00:00","description":"Discover Domaine de Garille IGP Cit\u00e9 de Carcassonne Gris de Garille Ros\u00e9 2024, a fresh and elegant ros\u00e9 crafted in Languedoc. With delicate fruit aromas and a refined balance, this wine embodies the charm and authenticity of southern France.","breadcrumb":{"@id":"https:\/\/vavin.tw\/product\/dom-garille-igp-cite-de-carcassonne-gris-de-garille-rose-2024\/#breadcrumb"},"inLanguage":"zh-TW","potentialAction":[{"@type":"ReadAction","target":["https:\/\/vavin.tw\/product\/dom-garille-igp-cite-de-carcassonne-gris-de-garille-rose-2024\/"]}]},{"@type":"ImageObject","inLanguage":"zh-TW","@id":"https:\/\/vavin.tw\/product\/dom-garille-igp-cite-de-carcassonne-gris-de-garille-rose-2024\/#primaryimage","url":"https:\/\/vavin.tw\/wp-content\/uploads\/2025\/06\/Lorgeril-Cite-de-Carcassonne-Gris-de-Garille-Rose-2024.png","contentUrl":"https:\/\/vavin.tw\/wp-content\/uploads\/2025\/06\/Lorgeril-Cite-de-Carcassonne-Gris-de-Garille-Rose-2024.png","width":400,"height":600},{"@type":"BreadcrumbList","@id":"https:\/\/vavin.tw\/product\/dom-garille-igp-cite-de-carcassonne-gris-de-garille-rose-2024\/#breadcrumb","itemListElement":[{"@type":"ListItem","position":1,"name":"Home","item":"https:\/\/vavin.tw\/"},{"@type":"ListItem","position":2,"name":"Products","item":"https:\/\/vavin.tw\/shop\/"},{"@type":"ListItem","position":3,"name":"Dom Garille IGP Cit\u00e9 de Carcassonne Gris de Garille Ros\u00e9 2024"}]},{"@type":"WebSite","@id":"https:\/\/vavin.tw\/#website","url":"https:\/\/vavin.tw\/","name":"Vavin \u9152\u76d2\u5b50","description":"\u54c1\u5473\u8461\u8404\u9152\u7684\u85dd\u8853","publisher":{"@id":"https:\/\/vavin.tw\/#organization"},"potentialAction":[{"@type":"SearchAction","target":{"@type":"EntryPoint","urlTemplate":"https:\/\/vavin.tw\/?s={search_term_string}"},"query-input":{"@type":"PropertyValueSpecification","valueRequired":true,"valueName":"search_term_string"}}],"inLanguage":"zh-TW"},{"@type":"Organization","@id":"https:\/\/vavin.tw\/#organization","name":"Vavin \u9152\u76d2\u5b50","url":"https:\/\/vavin.tw\/","logo":{"@type":"ImageObject","inLanguage":"zh-TW","@id":"https:\/\/vavin.tw\/#\/schema\/logo\/image\/","url":"https:\/\/vavin.tw\/wp-content\/uploads\/2023\/03\/cropped-favicon-violet-v1.png","contentUrl":"https:\/\/vavin.tw\/wp-content\/uploads\/2023\/03\/cropped-favicon-violet-v1.png","width":512,"height":512,"caption":"Vavin \u9152\u76d2\u5b50"},"image":{"@id":"https:\/\/vavin.tw\/#\/schema\/logo\/image\/"},"sameAs":["https:\/\/www.facebook.com\/vavintw","https:\/\/www.instagram.com\/vavin_tw"]}]}},"_links":{"self":[{"href":"https:\/\/vavin.tw\/zh_tw\/wp-json\/wp\/v2\/product\/1002875","targetHints":{"allow":["GET"]}}],"collection":[{"href":"https:\/\/vavin.tw\/zh_tw\/wp-json\/wp\/v2\/product"}],"about":[{"href":"https:\/\/vavin.tw\/zh_tw\/wp-json\/wp\/v2\/types\/product"}],"replies":[{"embeddable":true,"href":"https:\/\/vavin.tw\/zh_tw\/wp-json\/wp\/v2\/comments?post=1002875"}],"version-history":[{"count":3,"href":"https:\/\/vavin.tw\/zh_tw\/wp-json\/wp\/v2\/product\/1002875\/revisions"}],"predecessor-version":[{"id":1006018,"href":"https:\/\/vavin.tw\/zh_tw\/wp-json\/wp\/v2\/product\/1002875\/revisions\/1006018"}],"wp:featuredmedia":[{"embeddable":true,"href":"https:\/\/vavin.tw\/zh_tw\/wp-json\/wp\/v2\/media\/1002884"}],"wp:attachment":[{"href":"https:\/\/vavin.tw\/zh_tw\/wp-json\/wp\/v2\/media?parent=1002875"}],"wp:term":[{"taxonomy":"product_brand","embeddable":true,"href":"https:\/\/vavin.tw\/zh_tw\/wp-json\/wp\/v2\/product_brand?post=1002875"},{"taxonomy":"product_cat","embeddable":true,"href":"https:\/\/vavin.tw\/zh_tw\/wp-json\/wp\/v2\/product_cat?post=1002875"},{"taxonomy":"product_tag","embeddable":true,"href":"https:\/\/vavin.tw\/zh_tw\/wp-json\/wp\/v2\/product_tag?post=1002875"}],"curies":[{"name":"WP","href":"https:\/\/api.w.org\/{rel}","templated":true}]}}