{"id":1005875,"date":"2025-11-01T16:56:14","date_gmt":"2025-11-01T08:56:14","guid":{"rendered":"https:\/\/vavin.tw\/?post_type=product&#038;p=1005875"},"modified":"2025-11-03T00:32:32","modified_gmt":"2025-11-02T16:32:32","slug":"chateau-du-cedre-cahors-extra-libre-2020-magnum","status":"publish","type":"product","link":"https:\/\/vavin.tw\/zh_tw\/product\/chateau-du-cedre-cahors-extra-libre-2020-magnum\/","title":{"rendered":"Chateau du C\u00e8dre Cahors Extra Libre 2020 Magnum \u73cd\u85cf\u9152"},"content":{"rendered":"<div class=\"vgblk-rw-wrapper limit-wrapper\">\n<div class=\"wine-info\"><strong>\u985e\u5225\uff1a<\/strong> \u7d05\u9152<br \/>\n<strong>\u9152\u7cbe\u6fc3\u5ea6\uff1a<\/strong> 13.5% \u5377.<br \/>\n<strong>\u8461\u8404\u54c1\u7a2e\uff1a<\/strong> 100% \u99ac\u723e\u8c9d\u514b<br \/>\n<strong>\u5bb9\u91cf\uff1a<\/strong> 750\u6beb\u5347<\/div>\n<hr \/>\n<div class=\"wine-section\">\n<h3>\u9152\u838a\u4ecb\u7d39<\/h3>\n<p>Ch\u00e2teau du C\u00e8dre \u662f\u6cd5\u570b Cahors \u5730\u5340\u7684\u9802\u5c16\u9152\u838a\u4e4b\u4e00\uff0c\u7531 Verhaeghe \u5bb6\u65cf\u4e16\u4ee3\u7d93\u71df\u3002\u4ed6\u5011\u662f\u7576\u5730\u6709\u6a5f\u683d\u57f9\u7684\u5148\u9a45\uff0c\u5c08\u6ce8\u65bc\u91c0\u9020\u512a\u96c5\u4e14\u5c55\u73fe\u98a8\u571f\u7279\u8272\u7684 Malbec \u8461\u8404\u9152\u3002\u300cExtra Libre\u300d\u9152\u6b3e\u9ad4\u73fe\u4e86\u4ed6\u5011\u5c0d\u81ea\u7136\u91c0\u9020\u7684\u627f\u8afe\uff0c\u5b8c\u5168\u4e0d\u6dfb\u52a0\u4e9e\u786b\u9178\u9e7d\u3002<\/p>\n<hr \/>\n<\/div>\n<div class=\"wine-section\">\n<h3>\u98a8\u571f\u689d\u4ef6<\/h3>\n<p>\u8461\u8404\u751f\u9577\u5728 Cahors \u9ad8\u8655\u7684\u68af\u7530\u4e0a\uff0c\u4f4d\u65bc\u5e36\u6709\u9ecf\u571f\u5e95\u5c64\u7684\u77f3\u7070\u5ca9\u591a\u77f3\u571f\u58e4\u3002\u9019\u7a2e\u98a8\u571f\u6709\u52a9\u65bc\u8461\u8404\u85e4\u4fdd\u6301\u5065\u5eb7\u548c\u5e73\u8861\u7684\u6210\u719f\uff0c\u800c\u8461\u8404\u5712\u548c\u9152\u7a96\u4e2d\u7684\u5929\u7136\u91c0\u9152\u6cd5\u5247\u589e\u5f37\u4e86\u8461\u8404\u9152\u7684\u7d14\u6de8\u5ea6\u548c\u82b3\u9999\u8868\u73fe\u3002<\/p>\n<hr \/>\n<\/div>\n<div class=\"wine-section\">\n<h3>\u54c1\u98f2\u7b46\u8a18<\/h3>\n<p>\u9152\u6db2\u5448\u6df1\u7d05\u5bf6\u77f3\u8272\u3002\u9999\u6c23\u7d14\u6de8\u800c\u9bae\u660e\uff0c\u5e36\u6709\u9ed1\u6afb\u6843\u3001\u85cd\u8393\u3001\u7d2b\u7f85\u862d\u8207\u65b0\u9bae\u9999\u8349\u7684\u98a8\u5473\u3002\u53e3\u611f\u591a\u6c41\u800c\u6709\u6d3b\u529b\uff0c\u55ae\u5be7\u7d72\u6ed1\uff0c\u9178\u5ea6\u6e05\u65b0\uff0c\u5c3e\u97fb\u4e7e\u6de8\u4e14\u4ee5\u679c\u9999\u70ba\u4e3b\u3002\u4e0d\u6dfb\u52a0\u4e9e\u786b\u9178\u9e7d\u8b93\u9019\u6b3e\u9152\u5c55\u73fe\u51fa\u96e3\u5f97\u7684\u67d4\u9806\u611f\u8207\u751f\u52d5\u6d3b\u529b\u3002<\/p>\n<p class=\"wine-highlight\">\u9019\u662f\u4e00\u6b3e\u7d14\u7cb9\u4e14\u8868\u73fe\u529b\u5341\u8db3\u7684 Malbec\uff0c\u4ee5\u81ea\u7136\u65b9\u5f0f\u91c0\u9020\uff0c\u5c55\u73fe\u51fa\u6e05\u65b0\u679c\u9999\u8207\u6975\u4f73\u7684\u6613\u98f2\u6027\u2014\u2014\u662f\u5c0d  Cahors  \u73fe\u4ee3\u4e14\u300c\u81ea\u7531\u300d\u98a8\u683c\u7684\u8a6e\u91cb\u3002<\/p>\n<hr \/>\n<\/div>\n<div class=\"wine-section\">\n<h3>\u9910\u9152\u642d\u914d<\/h3>\n<p>\u975e\u5e38\u9069\u5408\u642d\u914d\u70e4\u8089\u3001\u666e\u7f85\u65fa\u65af\u852c\u83dc\u5343\u5c64\u3001\u6241\u8c46\u6c99\u62c9\u6216\u51b7\u8089\u62fc\u76e4\u3002\u7a0d\u5fae\u51b0\u93ae\u5f8c\u98f2\u7528\u98a8\u5473\u6700\u4f73\u3002<\/p>\n<\/div>\n<\/div>\n<p><!-- .vgblk-rw-wrapper --><\/p>","protected":false},"excerpt":{"rendered":"<p>Ch\u00e2teau du C\u00e8dre \u662f\u4f4d\u65bc Cahors \u7684\u5148\u9a45\u6027\u5bb6\u65cf\u9152\u838a\uff0c\u4ee5\u6709\u6a5f\u7a2e\u690d\u548c\u751f\u7522\u512a\u96c5\u3001\u7a81\u986f\u98a8\u571f\u7684 Malbec \u800c\u805e\u540d\u3002\u300cExtra Libre\u300d\u9152\u6b3e\u66f4\u662f\u4ee3\u8868\u4e86\u5bb6\u65cf\u5c0d\u5929\u7136\u91c0\u9020\u7684\u627f\u8afe\uff0c\u5b8c\u5168\u4e0d\u6dfb\u52a0\u4e9e\u786b\u9178\u9e7d\u3002\u9019\u6b3e 100% Malbec \u4f86\u81ea Cahors \u7684\u9ad8\u5730\u68af\u7530\uff0c\u77f3\u7070\u5ca9\u8207\u9ecf\u571f\u5c64\u571f\u58e4\u4fc3\u9032\u8461\u8404\u85e4\u5065\u5eb7\u751f\u9577\u53ca\u5747\u8861\u6210\u719f\u3002\u8461\u8404\u5712\u8207\u9152\u7a96\u7684\u81ea\u7136\u91c0\u9020\u65b9\u6cd5\u9032\u4e00\u6b65\u5c55\u73fe\u4e86\u9152\u6b3e\u7684\u7d14\u6de8\u611f\u8207\u751f\u52d5\u7684\u82b3\u9999\u8868\u73fe\u3002<\/p>\n<p>\u9152\u6db2\u5448\u6df1\u5bf6\u77f3\u7d05\u8272\u3002\u9999\u6c23\u9bae\u660e\u7d14\u6de8\uff0c\u5145\u6eff\u9ed1\u6afb\u6843\u3001\u85cd\u8393\u3001\u7d2b\u7f85\u862d\u8207\u65b0\u9bae\u9999\u8349\u7684\u9999\u5473\u3002\u53e3\u611f\u591a\u6c41\u800c\u6d3b\u6f51\uff0c\u55ae\u5be7\u67d4\u6ed1\uff0c\u9178\u5ea6\u6e05\u65b0\u3002\u672a\u6dfb\u52a0\u4e9e\u786b\u9178\u9e7d\uff0c\u4f7f\u9152\u9ad4\u5c55\u73fe\u51fa\u975e\u51e1\u7684\u67d4\u9806\u611f\u8207\u6d3b\u529b\uff0c\u679c\u9999\u7d14\u6de8\u4e14\u9918\u97fb\u4e7e\u6de8\u3002\u9019\u6b3e\u9152\u662f Cahors \u7684\u73fe\u4ee3\u300c\u81ea\u7531\u300d\u8a6e\u91cb\uff0c\u9069\u5408\u642d\u914d\u70e4\u8089\u3001\u51b7\u76e4\u6216\u852c\u83dc\u6599\u7406\uff0c\u7a0d\u5fae\u51b0\u6dbc\u4eab\u7528\u6700\u4f73\u3002<\/p>","protected":false},"featured_media":990975,"comment_status":"open","ping_status":"closed","template":"","meta":[],"product_brand":[],"product_cat":[63,143],"product_tag":[302,166,265,172],"class_list":{"0":"post-1005875","1":"product","2":"type-product","3":"status-publish","4":"has-post-thumbnail","6":"product_cat-red","7":"product_cat-france-south-west","8":"product_tag-cahors","9":"product_tag-malbec","10":"product_tag-nature-wine","11":"product_tag-no-sulfur","13":"first","14":"instock","15":"shipping-taxable","16":"product-type-simple"},"yoast_head":"<!-- This site is optimized with the Yoast SEO Premium plugin v27.2 (Yoast SEO v27.3) - https:\/\/yoast.com\/product\/yoast-seo-premium-wordpress\/ -->\n<title>Chateau du C\u00e8dre Cahors Extra Libre 2020 Magnum - Vavin \u9152\u76d2\u5b50<\/title>\n<meta name=\"description\" content=\"Ch\u00e2teau du C\u00e8dre Cahors Extra Libre 2020 Magnum \u2014 a pure, no-added-sulfite Malbec bursting with black fruit, floral notes, and fresh energy. A vibrant, naturally made red from Cahors, ideal with grilled meats or Mediterranean dishes.\" \/>\n<meta name=\"robots\" content=\"index, follow, max-snippet:-1, max-image-preview:large, max-video-preview:-1\" \/>\n<link rel=\"canonical\" href=\"https:\/\/vavin.tw\/zh_tw\/product\/chateau-du-cedre-cahors-extra-libre-2020-magnum\/\" \/>\n<meta property=\"og:locale\" content=\"zh_TW\" \/>\n<meta property=\"og:type\" content=\"article\" \/>\n<meta property=\"og:title\" content=\"Chateau du C\u00e8dre Cahors Extra Libre 2020 Magnum\" \/>\n<meta property=\"og:description\" content=\"Ch\u00e2teau du C\u00e8dre Cahors Extra Libre 2020 Magnum \u2014 a pure, no-added-sulfite Malbec bursting with black fruit, floral notes, and fresh energy. A vibrant, naturally made red from Cahors, ideal with grilled meats or Mediterranean dishes.\" \/>\n<meta property=\"og:url\" content=\"https:\/\/vavin.tw\/zh_tw\/product\/chateau-du-cedre-cahors-extra-libre-2020-magnum\/\" \/>\n<meta property=\"og:site_name\" content=\"Vavin \u9152\u76d2\u5b50\" \/>\n<meta property=\"article:publisher\" content=\"https:\/\/www.facebook.com\/vavintw\" \/>\n<meta property=\"article:modified_time\" content=\"2025-11-02T16:32:32+00:00\" \/>\n<meta property=\"og:image\" content=\"https:\/\/vavin.tw\/wp-content\/uploads\/2023\/04\/Cahors-Extra-Libre-Cht-du-Cedre.png\" \/>\n\t<meta property=\"og:image:width\" content=\"400\" \/>\n\t<meta property=\"og:image:height\" content=\"600\" \/>\n\t<meta property=\"og:image:type\" content=\"image\/png\" \/>\n<meta name=\"twitter:card\" content=\"summary_large_image\" \/>\n<meta name=\"twitter:label1\" content=\"\u9810\u4f30\u95b1\u8b80\u6642\u9593\" \/>\n\t<meta name=\"twitter:data1\" content=\"2 \u5206\u9418\" \/>\n<script type=\"application\/ld+json\" class=\"yoast-schema-graph\">{\"@context\":\"https:\\\/\\\/schema.org\",\"@graph\":[{\"@type\":\"WebPage\",\"@id\":\"https:\\\/\\\/vavin.tw\\\/product\\\/chateau-du-cedre-cahors-extra-libre-2020-magnum\\\/\",\"url\":\"https:\\\/\\\/vavin.tw\\\/product\\\/chateau-du-cedre-cahors-extra-libre-2020-magnum\\\/\",\"name\":\"Chateau du C\u00e8dre Cahors Extra Libre 2020 Magnum - Vavin \u9152\u76d2\u5b50\",\"isPartOf\":{\"@id\":\"https:\\\/\\\/vavin.tw\\\/#website\"},\"primaryImageOfPage\":{\"@id\":\"https:\\\/\\\/vavin.tw\\\/product\\\/chateau-du-cedre-cahors-extra-libre-2020-magnum\\\/#primaryimage\"},\"image\":{\"@id\":\"https:\\\/\\\/vavin.tw\\\/product\\\/chateau-du-cedre-cahors-extra-libre-2020-magnum\\\/#primaryimage\"},\"thumbnailUrl\":\"https:\\\/\\\/vavin.tw\\\/wp-content\\\/uploads\\\/2023\\\/04\\\/Cahors-Extra-Libre-Cht-du-Cedre.png\",\"datePublished\":\"2025-11-01T08:56:14+00:00\",\"dateModified\":\"2025-11-02T16:32:32+00:00\",\"description\":\"Ch\u00e2teau du C\u00e8dre Cahors Extra Libre 2020 Magnum \u2014 a pure, no-added-sulfite Malbec bursting with black fruit, floral notes, and fresh energy. A vibrant, naturally made red from Cahors, ideal with grilled meats or Mediterranean dishes.\",\"breadcrumb\":{\"@id\":\"https:\\\/\\\/vavin.tw\\\/product\\\/chateau-du-cedre-cahors-extra-libre-2020-magnum\\\/#breadcrumb\"},\"inLanguage\":\"zh-TW\",\"potentialAction\":[{\"@type\":\"ReadAction\",\"target\":[\"https:\\\/\\\/vavin.tw\\\/product\\\/chateau-du-cedre-cahors-extra-libre-2020-magnum\\\/\"]}]},{\"@type\":\"ImageObject\",\"inLanguage\":\"zh-TW\",\"@id\":\"https:\\\/\\\/vavin.tw\\\/product\\\/chateau-du-cedre-cahors-extra-libre-2020-magnum\\\/#primaryimage\",\"url\":\"https:\\\/\\\/vavin.tw\\\/wp-content\\\/uploads\\\/2023\\\/04\\\/Cahors-Extra-Libre-Cht-du-Cedre.png\",\"contentUrl\":\"https:\\\/\\\/vavin.tw\\\/wp-content\\\/uploads\\\/2023\\\/04\\\/Cahors-Extra-Libre-Cht-du-Cedre.png\",\"width\":400,\"height\":600},{\"@type\":\"BreadcrumbList\",\"@id\":\"https:\\\/\\\/vavin.tw\\\/product\\\/chateau-du-cedre-cahors-extra-libre-2020-magnum\\\/#breadcrumb\",\"itemListElement\":[{\"@type\":\"ListItem\",\"position\":1,\"name\":\"Home\",\"item\":\"https:\\\/\\\/vavin.tw\\\/\"},{\"@type\":\"ListItem\",\"position\":2,\"name\":\"Products\",\"item\":\"https:\\\/\\\/vavin.tw\\\/shop\\\/\"},{\"@type\":\"ListItem\",\"position\":3,\"name\":\"Chateau du C\u00e8dre Cahors Extra Libre 2020 Magnum\"}]},{\"@type\":\"WebSite\",\"@id\":\"https:\\\/\\\/vavin.tw\\\/#website\",\"url\":\"https:\\\/\\\/vavin.tw\\\/\",\"name\":\"Vavin \u9152\u76d2\u5b50\",\"description\":\"Savor the Art of Wine\",\"publisher\":{\"@id\":\"https:\\\/\\\/vavin.tw\\\/#organization\"},\"potentialAction\":[{\"@type\":\"SearchAction\",\"target\":{\"@type\":\"EntryPoint\",\"urlTemplate\":\"https:\\\/\\\/vavin.tw\\\/?s={search_term_string}\"},\"query-input\":{\"@type\":\"PropertyValueSpecification\",\"valueRequired\":true,\"valueName\":\"search_term_string\"}}],\"inLanguage\":\"zh-TW\"},{\"@type\":\"Organization\",\"@id\":\"https:\\\/\\\/vavin.tw\\\/#organization\",\"name\":\"Vavin \u9152\u76d2\u5b50\",\"url\":\"https:\\\/\\\/vavin.tw\\\/\",\"logo\":{\"@type\":\"ImageObject\",\"inLanguage\":\"zh-TW\",\"@id\":\"https:\\\/\\\/vavin.tw\\\/#\\\/schema\\\/logo\\\/image\\\/\",\"url\":\"https:\\\/\\\/vavin.tw\\\/wp-content\\\/uploads\\\/2023\\\/03\\\/cropped-favicon-violet-v1.png\",\"contentUrl\":\"https:\\\/\\\/vavin.tw\\\/wp-content\\\/uploads\\\/2023\\\/03\\\/cropped-favicon-violet-v1.png\",\"width\":512,\"height\":512,\"caption\":\"Vavin \u9152\u76d2\u5b50\"},\"image\":{\"@id\":\"https:\\\/\\\/vavin.tw\\\/#\\\/schema\\\/logo\\\/image\\\/\"},\"sameAs\":[\"https:\\\/\\\/www.facebook.com\\\/vavintw\",\"https:\\\/\\\/www.instagram.com\\\/vavin_tw\"]}]}<\/script>\n<!-- \/ Yoast SEO Premium plugin. -->","yoast_head_json":{"title":"Chateau du C\u00e8dre Cahors Extra Libre 2020 Magnum - Vavin \u9152\u76d2\u5b50","description":"Ch\u00e2teau du C\u00e8dre Cahors Extra Libre 2020 Magnum \u2014 a pure, no-added-sulfite Malbec bursting with black fruit, floral notes, and fresh energy. A vibrant, naturally made red from Cahors, ideal with grilled meats or Mediterranean dishes.","robots":{"index":"index","follow":"follow","max-snippet":"max-snippet:-1","max-image-preview":"max-image-preview:large","max-video-preview":"max-video-preview:-1"},"canonical":"https:\/\/vavin.tw\/zh_tw\/product\/chateau-du-cedre-cahors-extra-libre-2020-magnum\/","og_locale":"zh_TW","og_type":"article","og_title":"Chateau du C\u00e8dre Cahors Extra Libre 2020 Magnum","og_description":"Ch\u00e2teau du C\u00e8dre Cahors Extra Libre 2020 Magnum \u2014 a pure, no-added-sulfite Malbec bursting with black fruit, floral notes, and fresh energy. A vibrant, naturally made red from Cahors, ideal with grilled meats or Mediterranean dishes.","og_url":"https:\/\/vavin.tw\/zh_tw\/product\/chateau-du-cedre-cahors-extra-libre-2020-magnum\/","og_site_name":"Vavin \u9152\u76d2\u5b50","article_publisher":"https:\/\/www.facebook.com\/vavintw","article_modified_time":"2025-11-02T16:32:32+00:00","og_image":[{"width":400,"height":600,"url":"https:\/\/vavin.tw\/wp-content\/uploads\/2023\/04\/Cahors-Extra-Libre-Cht-du-Cedre.png","type":"image\/png"}],"twitter_card":"summary_large_image","twitter_misc":{"\u9810\u4f30\u95b1\u8b80\u6642\u9593":"2 \u5206\u9418"},"schema":{"@context":"https:\/\/schema.org","@graph":[{"@type":"WebPage","@id":"https:\/\/vavin.tw\/product\/chateau-du-cedre-cahors-extra-libre-2020-magnum\/","url":"https:\/\/vavin.tw\/product\/chateau-du-cedre-cahors-extra-libre-2020-magnum\/","name":"Chateau du C\u00e8dre Cahors Extra Libre 2020 Magnum - Vavin \u9152\u76d2\u5b50","isPartOf":{"@id":"https:\/\/vavin.tw\/#website"},"primaryImageOfPage":{"@id":"https:\/\/vavin.tw\/product\/chateau-du-cedre-cahors-extra-libre-2020-magnum\/#primaryimage"},"image":{"@id":"https:\/\/vavin.tw\/product\/chateau-du-cedre-cahors-extra-libre-2020-magnum\/#primaryimage"},"thumbnailUrl":"https:\/\/vavin.tw\/wp-content\/uploads\/2023\/04\/Cahors-Extra-Libre-Cht-du-Cedre.png","datePublished":"2025-11-01T08:56:14+00:00","dateModified":"2025-11-02T16:32:32+00:00","description":"Ch\u00e2teau du C\u00e8dre Cahors Extra Libre 2020 Magnum \u2014 a pure, no-added-sulfite Malbec bursting with black fruit, floral notes, and fresh energy. A vibrant, naturally made red from Cahors, ideal with grilled meats or Mediterranean dishes.","breadcrumb":{"@id":"https:\/\/vavin.tw\/product\/chateau-du-cedre-cahors-extra-libre-2020-magnum\/#breadcrumb"},"inLanguage":"zh-TW","potentialAction":[{"@type":"ReadAction","target":["https:\/\/vavin.tw\/product\/chateau-du-cedre-cahors-extra-libre-2020-magnum\/"]}]},{"@type":"ImageObject","inLanguage":"zh-TW","@id":"https:\/\/vavin.tw\/product\/chateau-du-cedre-cahors-extra-libre-2020-magnum\/#primaryimage","url":"https:\/\/vavin.tw\/wp-content\/uploads\/2023\/04\/Cahors-Extra-Libre-Cht-du-Cedre.png","contentUrl":"https:\/\/vavin.tw\/wp-content\/uploads\/2023\/04\/Cahors-Extra-Libre-Cht-du-Cedre.png","width":400,"height":600},{"@type":"BreadcrumbList","@id":"https:\/\/vavin.tw\/product\/chateau-du-cedre-cahors-extra-libre-2020-magnum\/#breadcrumb","itemListElement":[{"@type":"ListItem","position":1,"name":"Home","item":"https:\/\/vavin.tw\/"},{"@type":"ListItem","position":2,"name":"Products","item":"https:\/\/vavin.tw\/shop\/"},{"@type":"ListItem","position":3,"name":"Chateau du C\u00e8dre Cahors Extra Libre 2020 Magnum"}]},{"@type":"WebSite","@id":"https:\/\/vavin.tw\/#website","url":"https:\/\/vavin.tw\/","name":"Vavin \u9152\u76d2\u5b50","description":"\u54c1\u5473\u8461\u8404\u9152\u7684\u85dd\u8853","publisher":{"@id":"https:\/\/vavin.tw\/#organization"},"potentialAction":[{"@type":"SearchAction","target":{"@type":"EntryPoint","urlTemplate":"https:\/\/vavin.tw\/?s={search_term_string}"},"query-input":{"@type":"PropertyValueSpecification","valueRequired":true,"valueName":"search_term_string"}}],"inLanguage":"zh-TW"},{"@type":"Organization","@id":"https:\/\/vavin.tw\/#organization","name":"Vavin \u9152\u76d2\u5b50","url":"https:\/\/vavin.tw\/","logo":{"@type":"ImageObject","inLanguage":"zh-TW","@id":"https:\/\/vavin.tw\/#\/schema\/logo\/image\/","url":"https:\/\/vavin.tw\/wp-content\/uploads\/2023\/03\/cropped-favicon-violet-v1.png","contentUrl":"https:\/\/vavin.tw\/wp-content\/uploads\/2023\/03\/cropped-favicon-violet-v1.png","width":512,"height":512,"caption":"Vavin \u9152\u76d2\u5b50"},"image":{"@id":"https:\/\/vavin.tw\/#\/schema\/logo\/image\/"},"sameAs":["https:\/\/www.facebook.com\/vavintw","https:\/\/www.instagram.com\/vavin_tw"]}]}},"_links":{"self":[{"href":"https:\/\/vavin.tw\/zh_tw\/wp-json\/wp\/v2\/product\/1005875","targetHints":{"allow":["GET"]}}],"collection":[{"href":"https:\/\/vavin.tw\/zh_tw\/wp-json\/wp\/v2\/product"}],"about":[{"href":"https:\/\/vavin.tw\/zh_tw\/wp-json\/wp\/v2\/types\/product"}],"replies":[{"embeddable":true,"href":"https:\/\/vavin.tw\/zh_tw\/wp-json\/wp\/v2\/comments?post=1005875"}],"version-history":[{"count":1,"href":"https:\/\/vavin.tw\/zh_tw\/wp-json\/wp\/v2\/product\/1005875\/revisions"}],"predecessor-version":[{"id":1005876,"href":"https:\/\/vavin.tw\/zh_tw\/wp-json\/wp\/v2\/product\/1005875\/revisions\/1005876"}],"wp:featuredmedia":[{"embeddable":true,"href":"https:\/\/vavin.tw\/zh_tw\/wp-json\/wp\/v2\/media\/990975"}],"wp:attachment":[{"href":"https:\/\/vavin.tw\/zh_tw\/wp-json\/wp\/v2\/media?parent=1005875"}],"wp:term":[{"taxonomy":"product_brand","embeddable":true,"href":"https:\/\/vavin.tw\/zh_tw\/wp-json\/wp\/v2\/product_brand?post=1005875"},{"taxonomy":"product_cat","embeddable":true,"href":"https:\/\/vavin.tw\/zh_tw\/wp-json\/wp\/v2\/product_cat?post=1005875"},{"taxonomy":"product_tag","embeddable":true,"href":"https:\/\/vavin.tw\/zh_tw\/wp-json\/wp\/v2\/product_tag?post=1005875"}],"curies":[{"name":"WP","href":"https:\/\/api.w.org\/{rel}","templated":true}]}}