{"id":1006283,"date":"2025-12-26T18:45:33","date_gmt":"2025-12-26T10:45:33","guid":{"rendered":"https:\/\/vavin.tw\/?post_type=product&#038;p=1006283"},"modified":"2026-01-01T01:21:46","modified_gmt":"2025-12-31T17:21:46","slug":"2022%e5%b9%b4%e7%b6%ad%e7%88%be%e5%85%8b%e8%90%8a%e6%96%af%e7%9b%a7%e4%bd%a9%e7%a7%91%e5%8b%92","status":"publish","type":"product","link":"https:\/\/vavin.tw\/zh_tw\/product\/vire-clesse-lupe-cholet-2022\/","title":{"rendered":"\u7dad\u96f7classlist \u76e7\u4f69 \u856d\u6d1b 2022"},"content":{"rendered":"<div class=\"vgblk-rw-wrapper limit-wrapper\">\n<div class=\"wine-info\"><strong>\u985e\u5225\uff1a<\/strong> \u767d\u9152<br \/>\n<strong>\u9152\u7cbe\u6fc3\u5ea6\uff1a<\/strong> 13% \u5377.<br \/>\n<strong>\u8461\u8404\u54c1\u7a2e\uff1a<\/strong> \u590f\u591a\u5167<br \/>\n<strong>\u5bb9\u91cf\uff1a<\/strong> 750\u6beb\u5347<\/div>\n<hr \/>\n<div class=\"wine-section\">\n<h3>\u9152\u838a\u4ecb\u7d39<\/h3>\n<p>Lup\u00e9-Cholet \u662f\u5e03\u6839\u5730\u6b77\u53f2\u60a0\u4e45\u7684\u9152\u5546\uff0c\u6e90\u81ea 20 \u4e16\u7d00\u521d\u3002\u8a72\u9152\u838a\u4ee5\u5c0d\u5e03\u6839\u5730\u98a8\u571f\u7684\u6df1\u5165\u4e86\u89e3\u805e\u540d\uff0c\u4e26\u8207\u503c\u5f97\u4fe1\u8cf4\u7684\u8461\u8404\u7a2e\u690d\u8005\u7dca\u5bc6\u5408\u4f5c\uff0c\u7cbe\u9078\u9ad8\u54c1\u8cea\u8461\u8404\uff0c\u91c0\u9020\u51fa\u80fd\u5c55\u73fe\u7522\u5340\u512a\u96c5\u3001\u7cbe\u7dfb\u8207\u771f\u5be6\u98a8\u683c\u7684\u8461\u8404\u9152\u3002<\/p>\n<hr \/>\n<\/div>\n<div class=\"wine-section\">\n<h3>\u98a8\u571f\u689d\u4ef6<\/h3>\n<p>Vir\u00e9-Cless\u00e9 \u4f4d\u65bc\u5e03\u6839\u5730\u5357\u90e8\u7684\u99ac\u5b54\u7522\u5340\uff08M\u00e2connais\uff09\uff0c\u590f\u591a\u5167\uff08Chardonnay\uff09\u5728\u9019\u88e1\u7684\u77f3\u7070\u5ca9\u8207\u9ecf\u571f\u571f\u58e4\u4e0a\u751f\u9577\u8301\u58ef\u3002\u7de9\u5761\u8461\u8404\u5712\u53d7\u76ca\u65bc\u6eab\u548c\u6c23\u5019\u548c\u5145\u8db3\u65e5\u7167\uff0c\u4f7f\u8461\u8404\u5f97\u4ee5\u5145\u5206\u6210\u719f\uff0c\u540c\u6642\u4fdd\u6301\u6e05\u65b0\u611f\u8207\u7926\u7269\u5f35\u529b\u3002\u9019\u7247\u98a8\u571f\u8ce6\u4e88\u8461\u8404\u9152\u8c50\u5bcc\u5ea6\u8207\u7cbe\u7dfb\u611f\u517c\u5177\u7684\u7279\u8cea\u3002<\/p>\n<hr \/>\n<\/div>\n<div class=\"wine-section\">\n<h3>\u54c1\u98f2\u7b46\u8a18<\/h3>\n<p data-start=\"832\" data-end=\"1156\">\u9152\u6db2\u5448\u4eae\u9e97\u7684\u6de1\u91d1\u8272\u3002\u9999\u6c23\u7cbe\u7dfb\u4e14\u5bcc\u8868\u73fe\u529b\uff0c\u6563\u767c\u767d\u82b1\u3001\u719f\u68a8\u3001\u860b\u679c\u548c\u67d1\u6a58\u76ae\u7684\u6c23\u606f\uff0c\u4e26\u4f34\u96a8\u5fae\u5999\u7684\u674f\u4ec1\u8207\u6fd5\u77f3\u9999\u3002\u53e3\u611f\u5e73\u8861\u512a\u96c5\uff0c\u8cea\u5730\u7d72\u6ed1\u67d4\u548c\uff0c\u6e05\u723d\u9178\u5ea6\u652f\u6490\u8457\u8c50\u5bcc\u53e3\u611f\uff0c\u9918\u97fb\u60a0\u9577\uff0c\u4ee5\u7926\u7269\u611f\u70ba\u4e3b\u5c0e\u3002<\/p>\n<p data-start=\"1158\" data-end=\"1247\">\u7d93\u5178\u4e14\u7cbe\u7dfb\u7684\u5e03\u6839\u5730\u767d\u8461\u8404\u9152\uff0c\u517c\u5177\u6e05\u65b0\u611f\u3001\u6df1\u5ea6\u8207\u98a8\u571f\u7279\u8272\u3002<\/p>\n<hr \/>\n<\/div>\n<div class=\"wine-section\">\n<h3>\u9910\u9152\u642d\u914d<\/h3>\n<p>\u975e\u5e38\u9069\u5408\u642d\u914d\u70e4\u9b5a\u3001\u8c9d\u985e\u3001\u70e4\u96de\u3001\u5976\u6cb9\u7fa9\u5927\u5229\u9eb5\u3001\u83c7\u985e\u6599\u7406\u6216\u4e2d\u719f\u81f3\u8edf\u8cea\u8d77\u53f8\u3002\u65e2\u9069\u5408\u65e5\u5e38\u4eab\u7528\uff0c\u4e5f\u9069\u5408\u7cbe\u7dfb\u9910\u9ede\u642d\u914d\u3002<\/p>\n<\/div>\n<\/div>\n<p><!-- .vgblk-rw-wrapper --><\/p>","protected":false},"excerpt":{"rendered":"<p>\u7531\u6b77\u53f2\u60a0\u4e45\u7684 Lup\u00e9-Cholet \u9152\u838a\u91c0\u9020\uff0cLup\u00e9-Cholet Vir\u00e9-Cless\u00e9 White 2022 \u662f\u4e00\u6b3e\u4f86\u81ea\u5e03\u6839\u5730\u5357\u90e8\u99ac\u8ca2\u5167\uff08M\u00e2connais\uff09\u7522\u5340\u7684\u512a\u96c5\u590f\u591a\u5167\u767d\u9152\uff0c\u5b8c\u7f8e\u5c55\u73fe\u6210\u719f\u679c\u5473\u3001\u65b0\u9bae\u611f\u8207\u98a8\u571f\u8868\u73fe\u4e4b\u9593\u7684\u548c\u8ae7\u3002Vir\u00e9-Cless\u00e9 \u7684\u8461\u8404\u5712\u4f4d\u65bc\u7de9\u5761\u4e18\u9675\u4e4b\u4e0a\uff0c\u571f\u58e4\u4ee5\u77f3\u7070\u5ca9\u8207\u9ecf\u571f\u70ba\u4e3b\uff0c\u70ba\u590f\u591a\u5167\u63d0\u4f9b\u7406\u60f3\u7684\u751f\u9577\u74b0\u5883\u3002\u5145\u8db3\u7684\u65e5\u7167\u4f7f\u8461\u8404\u5f97\u4ee5\u5145\u5206\u6210\u719f\uff0c\u800c\u6eab\u548c\u7684\u6c23\u5019\u8207\u6dbc\u723d\u7684\u591c\u665a\u5247\u6709\u52a9\u65bc\u4fdd\u7559\u660e\u4eae\u800c\u6e05\u65b0\u7684\u9178\u5ea6\u3002<\/p>\n<p data-start=\"775\" data-end=\"1190\">\u9999\u6c23\u7d30\u7dfb\u800c\u5bcc\u6709\u8868\u73fe\u529b\uff0c\u5c55\u73fe\u767d\u8272\u82b1\u6735\u3001\u6210\u719f\u68a8\u5b50\u3001\u860b\u679c\u8207\u67d1\u6a58\u76ae\u7684\u9999\u6c23\uff0c\u4e26\u4f34\u96a8\u6de1\u96c5\u7684\u674f\u4ec1\u8207\u6fd5\u77f3\u7926\u7269\u6c23\u606f\u3002\u53e3\u611f\u5e73\u8861\u800c\u5713\u6f64\uff0c\u5e36\u6709\u67d4\u9806\u3001\u5fae\u5fae\u5976\u6cb9\u822c\u7684\u8cea\u5730\uff0c\u540c\u6642\u4fdd\u6709\u660e\u4eae\u6d3b\u6f51\u7684\u9178\u5ea6\u3002\u5c3e\u97fb\u60a0\u9577\u3001\u7d14\u6de8\u4e14\u4ee5\u7926\u7269\u611f\u70ba\u4e3b\u8ef8\uff0c\u7559\u4e0b\u6e05\u65b0\u512a\u96c5\u7684\u5370\u8c61\u3002\u98a8\u683c\u767e\u642d\u4e14\u9069\u5408\u4f50\u9910\uff0cLup\u00e9-Cholet Vir\u00e9-Cless\u00e9 White 2022 \u975e\u5e38\u9069\u5408\u642d\u914d\u70e4\u9b5a\u3001\u8c9d\u985e\u8207\u70e4\u96de\uff0c\u5176\u9178\u5ea6\u8207\u53e3\u611f\u4ea6\u80fd\u5b8c\u7f8e\u896f\u6258\u5976\u6cb9\u7fa9\u5927\u5229\u9eb5\u3001\u83c7\u985e\u6599\u7406\u4ee5\u53ca\u8edf\u8cea\u81f3\u4e2d\u5ea6\u719f\u6210\u8d77\u53f8\u3002<\/p>","protected":false},"featured_media":993349,"comment_status":"open","ping_status":"closed","template":"","meta":[],"product_brand":[],"product_cat":[135,90],"product_tag":[147],"class_list":{"0":"post-1006283","1":"product","2":"type-product","3":"status-publish","4":"has-post-thumbnail","6":"product_cat-burgundy","7":"product_cat-white","8":"product_tag-chardonnay","10":"first","11":"instock","12":"shipping-taxable","13":"product-type-simple"},"yoast_head":"<!-- This site is optimized with the Yoast SEO Premium plugin v27.2 (Yoast SEO v27.3) - https:\/\/yoast.com\/product\/yoast-seo-premium-wordpress\/ -->\n<title>Vir\u00e9-Cless\u00e9 Lup\u00e9 Cholet 2022 - Vavin \u9152\u76d2\u5b50<\/title>\n<meta name=\"robots\" content=\"index, follow, max-snippet:-1, max-image-preview:large, max-video-preview:-1\" \/>\n<link rel=\"canonical\" href=\"https:\/\/vavin.tw\/zh_tw\/product\/2022\u5e74\u7dad\u723e\u514b\u840a\u65af\u76e7\u4f69\u79d1\u52d2\/\" \/>\n<meta property=\"og:locale\" content=\"zh_TW\" \/>\n<meta property=\"og:type\" content=\"article\" \/>\n<meta property=\"og:title\" content=\"Vir\u00e9-Cless\u00e9 Lup\u00e9 Cholet 2022\" \/>\n<meta property=\"og:description\" content=\"Produced by the historic Lup\u00e9-Cholet house, Lup\u00e9-Cholet Vir\u00e9-Cless\u00e9 White 2022 is an elegant Chardonnay from the M\u00e2connais in southern Burgundy, showcasing the harmony between ripe fruit, freshness, and terroir expression. The vineyards of Vir\u00e9-Cless\u00e9 lie on gently sloping hills with limestone and clay soils, an ideal environment for Chardonnay. Ample sunlight allows the grapes to ripen fully, while the region\u2019s temperate climate and cooler nights help maintain vibrant acidity. The nose is refined and expressive, offering aromas of white flowers, ripe pear, apple, and citrus zest, enhanced by delicate hints of almond and wet stone. On the palate, it is well-balanced and polished, combining a smooth, lightly creamy texture with lively acidity. The finish is long, clean, and mineral-driven, leaving a fresh and elegant impression. Versatile and food-friendly, Lup\u00e9-Cholet Vir\u00e9-Cless\u00e9 White 2022 pairs beautifully with grilled fish, shellfish, and roast chicken. Its acidity and texture also complement creamy pasta dishes, mushroom-based recipes, and soft to medium-aged cheeses.\" \/>\n<meta property=\"og:url\" content=\"https:\/\/vavin.tw\/zh_tw\/product\/2022\u5e74\u7dad\u723e\u514b\u840a\u65af\u76e7\u4f69\u79d1\u52d2\/\" \/>\n<meta property=\"og:site_name\" content=\"Vavin \u9152\u76d2\u5b50\" \/>\n<meta property=\"article:publisher\" content=\"https:\/\/www.facebook.com\/vavintw\" \/>\n<meta property=\"article:modified_time\" content=\"2025-12-31T17:21:46+00:00\" \/>\n<meta property=\"og:image\" content=\"https:\/\/vavin.tw\/wp-content\/uploads\/2023\/04\/vire-clesse-lupe-cholet-2018.png\" \/>\n\t<meta property=\"og:image:width\" content=\"400\" \/>\n\t<meta property=\"og:image:height\" content=\"600\" \/>\n\t<meta property=\"og:image:type\" content=\"image\/png\" \/>\n<meta name=\"twitter:card\" content=\"summary_large_image\" \/>\n<meta name=\"twitter:label1\" content=\"\u9810\u4f30\u95b1\u8b80\u6642\u9593\" \/>\n\t<meta name=\"twitter:data1\" content=\"2 \u5206\u9418\" \/>\n<script type=\"application\/ld+json\" class=\"yoast-schema-graph\">{\"@context\":\"https:\\\/\\\/schema.org\",\"@graph\":[{\"@type\":\"WebPage\",\"@id\":\"https:\\\/\\\/vavin.tw\\\/product\\\/vire-clesse-lupe-cholet-2022\\\/\",\"url\":\"https:\\\/\\\/vavin.tw\\\/product\\\/vire-clesse-lupe-cholet-2022\\\/\",\"name\":\"Vir\u00e9-Cless\u00e9 Lup\u00e9 Cholet 2022 - Vavin \u9152\u76d2\u5b50\",\"isPartOf\":{\"@id\":\"https:\\\/\\\/vavin.tw\\\/#website\"},\"primaryImageOfPage\":{\"@id\":\"https:\\\/\\\/vavin.tw\\\/product\\\/vire-clesse-lupe-cholet-2022\\\/#primaryimage\"},\"image\":{\"@id\":\"https:\\\/\\\/vavin.tw\\\/product\\\/vire-clesse-lupe-cholet-2022\\\/#primaryimage\"},\"thumbnailUrl\":\"https:\\\/\\\/vavin.tw\\\/wp-content\\\/uploads\\\/2023\\\/04\\\/vire-clesse-lupe-cholet-2018.png\",\"datePublished\":\"2025-12-26T10:45:33+00:00\",\"dateModified\":\"2025-12-31T17:21:46+00:00\",\"breadcrumb\":{\"@id\":\"https:\\\/\\\/vavin.tw\\\/product\\\/vire-clesse-lupe-cholet-2022\\\/#breadcrumb\"},\"inLanguage\":\"zh-TW\",\"potentialAction\":[{\"@type\":\"ReadAction\",\"target\":[\"https:\\\/\\\/vavin.tw\\\/product\\\/vire-clesse-lupe-cholet-2022\\\/\"]}]},{\"@type\":\"ImageObject\",\"inLanguage\":\"zh-TW\",\"@id\":\"https:\\\/\\\/vavin.tw\\\/product\\\/vire-clesse-lupe-cholet-2022\\\/#primaryimage\",\"url\":\"https:\\\/\\\/vavin.tw\\\/wp-content\\\/uploads\\\/2023\\\/04\\\/vire-clesse-lupe-cholet-2018.png\",\"contentUrl\":\"https:\\\/\\\/vavin.tw\\\/wp-content\\\/uploads\\\/2023\\\/04\\\/vire-clesse-lupe-cholet-2018.png\",\"width\":400,\"height\":600},{\"@type\":\"BreadcrumbList\",\"@id\":\"https:\\\/\\\/vavin.tw\\\/product\\\/vire-clesse-lupe-cholet-2022\\\/#breadcrumb\",\"itemListElement\":[{\"@type\":\"ListItem\",\"position\":1,\"name\":\"Home\",\"item\":\"https:\\\/\\\/vavin.tw\\\/\"},{\"@type\":\"ListItem\",\"position\":2,\"name\":\"Products\",\"item\":\"https:\\\/\\\/vavin.tw\\\/shop\\\/\"},{\"@type\":\"ListItem\",\"position\":3,\"name\":\"Vir\u00e9-Cless\u00e9 Lup\u00e9 Cholet 2022\"}]},{\"@type\":\"WebSite\",\"@id\":\"https:\\\/\\\/vavin.tw\\\/#website\",\"url\":\"https:\\\/\\\/vavin.tw\\\/\",\"name\":\"Vavin \u9152\u76d2\u5b50\",\"description\":\"Savor the Art of Wine\",\"publisher\":{\"@id\":\"https:\\\/\\\/vavin.tw\\\/#organization\"},\"potentialAction\":[{\"@type\":\"SearchAction\",\"target\":{\"@type\":\"EntryPoint\",\"urlTemplate\":\"https:\\\/\\\/vavin.tw\\\/?s={search_term_string}\"},\"query-input\":{\"@type\":\"PropertyValueSpecification\",\"valueRequired\":true,\"valueName\":\"search_term_string\"}}],\"inLanguage\":\"zh-TW\"},{\"@type\":\"Organization\",\"@id\":\"https:\\\/\\\/vavin.tw\\\/#organization\",\"name\":\"Vavin \u9152\u76d2\u5b50\",\"url\":\"https:\\\/\\\/vavin.tw\\\/\",\"logo\":{\"@type\":\"ImageObject\",\"inLanguage\":\"zh-TW\",\"@id\":\"https:\\\/\\\/vavin.tw\\\/#\\\/schema\\\/logo\\\/image\\\/\",\"url\":\"https:\\\/\\\/vavin.tw\\\/wp-content\\\/uploads\\\/2023\\\/03\\\/cropped-favicon-violet-v1.png\",\"contentUrl\":\"https:\\\/\\\/vavin.tw\\\/wp-content\\\/uploads\\\/2023\\\/03\\\/cropped-favicon-violet-v1.png\",\"width\":512,\"height\":512,\"caption\":\"Vavin \u9152\u76d2\u5b50\"},\"image\":{\"@id\":\"https:\\\/\\\/vavin.tw\\\/#\\\/schema\\\/logo\\\/image\\\/\"},\"sameAs\":[\"https:\\\/\\\/www.facebook.com\\\/vavintw\",\"https:\\\/\\\/www.instagram.com\\\/vavin_tw\"]}]}<\/script>\n<!-- \/ Yoast SEO Premium plugin. -->","yoast_head_json":{"title":"\u7dad\u96f7\u514b\u840a\u65af\u76e7\u4f69\u55ac\u840a2022 - \u74e6\u6587\u8461\u8404\u9152\u76d2","robots":{"index":"index","follow":"follow","max-snippet":"max-snippet:-1","max-image-preview":"max-image-preview:large","max-video-preview":"max-video-preview:-1"},"canonical":"https:\/\/vavin.tw\/zh_tw\/product\/2022\u5e74\u7dad\u723e\u514b\u840a\u65af\u76e7\u4f69\u79d1\u52d2\/","og_locale":"zh_TW","og_type":"article","og_title":"Vir\u00e9-Cless\u00e9 Lup\u00e9 Cholet 2022","og_description":"Produced by the historic Lup\u00e9-Cholet house, Lup\u00e9-Cholet Vir\u00e9-Cless\u00e9 White 2022 is an elegant Chardonnay from the M\u00e2connais in southern Burgundy, showcasing the harmony between ripe fruit, freshness, and terroir expression. The vineyards of Vir\u00e9-Cless\u00e9 lie on gently sloping hills with limestone and clay soils, an ideal environment for Chardonnay. Ample sunlight allows the grapes to ripen fully, while the region\u2019s temperate climate and cooler nights help maintain vibrant acidity. The nose is refined and expressive, offering aromas of white flowers, ripe pear, apple, and citrus zest, enhanced by delicate hints of almond and wet stone. On the palate, it is well-balanced and polished, combining a smooth, lightly creamy texture with lively acidity. The finish is long, clean, and mineral-driven, leaving a fresh and elegant impression. Versatile and food-friendly, Lup\u00e9-Cholet Vir\u00e9-Cless\u00e9 White 2022 pairs beautifully with grilled fish, shellfish, and roast chicken. Its acidity and texture also complement creamy pasta dishes, mushroom-based recipes, and soft to medium-aged cheeses.","og_url":"https:\/\/vavin.tw\/zh_tw\/product\/2022\u5e74\u7dad\u723e\u514b\u840a\u65af\u76e7\u4f69\u79d1\u52d2\/","og_site_name":"Vavin \u9152\u76d2\u5b50","article_publisher":"https:\/\/www.facebook.com\/vavintw","article_modified_time":"2025-12-31T17:21:46+00:00","og_image":[{"width":400,"height":600,"url":"https:\/\/vavin.tw\/wp-content\/uploads\/2023\/04\/vire-clesse-lupe-cholet-2018.png","type":"image\/png"}],"twitter_card":"summary_large_image","twitter_misc":{"\u9810\u4f30\u95b1\u8b80\u6642\u9593":"2 \u5206\u9418"},"schema":{"@context":"https:\/\/schema.org","@graph":[{"@type":"WebPage","@id":"https:\/\/vavin.tw\/product\/vire-clesse-lupe-cholet-2022\/","url":"https:\/\/vavin.tw\/product\/vire-clesse-lupe-cholet-2022\/","name":"\u7dad\u96f7\u514b\u840a\u65af\u76e7\u4f69\u55ac\u840a2022 - \u74e6\u6587\u8461\u8404\u9152\u76d2","isPartOf":{"@id":"https:\/\/vavin.tw\/#website"},"primaryImageOfPage":{"@id":"https:\/\/vavin.tw\/product\/vire-clesse-lupe-cholet-2022\/#primaryimage"},"image":{"@id":"https:\/\/vavin.tw\/product\/vire-clesse-lupe-cholet-2022\/#primaryimage"},"thumbnailUrl":"https:\/\/vavin.tw\/wp-content\/uploads\/2023\/04\/vire-clesse-lupe-cholet-2018.png","datePublished":"2025-12-26T10:45:33+00:00","dateModified":"2025-12-31T17:21:46+00:00","breadcrumb":{"@id":"https:\/\/vavin.tw\/product\/vire-clesse-lupe-cholet-2022\/#breadcrumb"},"inLanguage":"zh-TW","potentialAction":[{"@type":"ReadAction","target":["https:\/\/vavin.tw\/product\/vire-clesse-lupe-cholet-2022\/"]}]},{"@type":"ImageObject","inLanguage":"zh-TW","@id":"https:\/\/vavin.tw\/product\/vire-clesse-lupe-cholet-2022\/#primaryimage","url":"https:\/\/vavin.tw\/wp-content\/uploads\/2023\/04\/vire-clesse-lupe-cholet-2018.png","contentUrl":"https:\/\/vavin.tw\/wp-content\/uploads\/2023\/04\/vire-clesse-lupe-cholet-2018.png","width":400,"height":600},{"@type":"BreadcrumbList","@id":"https:\/\/vavin.tw\/product\/vire-clesse-lupe-cholet-2022\/#breadcrumb","itemListElement":[{"@type":"ListItem","position":1,"name":"Home","item":"https:\/\/vavin.tw\/"},{"@type":"ListItem","position":2,"name":"Products","item":"https:\/\/vavin.tw\/shop\/"},{"@type":"ListItem","position":3,"name":"Vir\u00e9-Cless\u00e9 Lup\u00e9 Cholet 2022"}]},{"@type":"WebSite","@id":"https:\/\/vavin.tw\/#website","url":"https:\/\/vavin.tw\/","name":"Vavin \u9152\u76d2\u5b50","description":"\u54c1\u5473\u8461\u8404\u9152\u7684\u85dd\u8853","publisher":{"@id":"https:\/\/vavin.tw\/#organization"},"potentialAction":[{"@type":"SearchAction","target":{"@type":"EntryPoint","urlTemplate":"https:\/\/vavin.tw\/?s={search_term_string}"},"query-input":{"@type":"PropertyValueSpecification","valueRequired":true,"valueName":"search_term_string"}}],"inLanguage":"zh-TW"},{"@type":"Organization","@id":"https:\/\/vavin.tw\/#organization","name":"Vavin \u9152\u76d2\u5b50","url":"https:\/\/vavin.tw\/","logo":{"@type":"ImageObject","inLanguage":"zh-TW","@id":"https:\/\/vavin.tw\/#\/schema\/logo\/image\/","url":"https:\/\/vavin.tw\/wp-content\/uploads\/2023\/03\/cropped-favicon-violet-v1.png","contentUrl":"https:\/\/vavin.tw\/wp-content\/uploads\/2023\/03\/cropped-favicon-violet-v1.png","width":512,"height":512,"caption":"Vavin \u9152\u76d2\u5b50"},"image":{"@id":"https:\/\/vavin.tw\/#\/schema\/logo\/image\/"},"sameAs":["https:\/\/www.facebook.com\/vavintw","https:\/\/www.instagram.com\/vavin_tw"]}]}},"_links":{"self":[{"href":"https:\/\/vavin.tw\/zh_tw\/wp-json\/wp\/v2\/product\/1006283","targetHints":{"allow":["GET"]}}],"collection":[{"href":"https:\/\/vavin.tw\/zh_tw\/wp-json\/wp\/v2\/product"}],"about":[{"href":"https:\/\/vavin.tw\/zh_tw\/wp-json\/wp\/v2\/types\/product"}],"replies":[{"embeddable":true,"href":"https:\/\/vavin.tw\/zh_tw\/wp-json\/wp\/v2\/comments?post=1006283"}],"version-history":[{"count":3,"href":"https:\/\/vavin.tw\/zh_tw\/wp-json\/wp\/v2\/product\/1006283\/revisions"}],"predecessor-version":[{"id":1006294,"href":"https:\/\/vavin.tw\/zh_tw\/wp-json\/wp\/v2\/product\/1006283\/revisions\/1006294"}],"wp:featuredmedia":[{"embeddable":true,"href":"https:\/\/vavin.tw\/zh_tw\/wp-json\/wp\/v2\/media\/993349"}],"wp:attachment":[{"href":"https:\/\/vavin.tw\/zh_tw\/wp-json\/wp\/v2\/media?parent=1006283"}],"wp:term":[{"taxonomy":"product_brand","embeddable":true,"href":"https:\/\/vavin.tw\/zh_tw\/wp-json\/wp\/v2\/product_brand?post=1006283"},{"taxonomy":"product_cat","embeddable":true,"href":"https:\/\/vavin.tw\/zh_tw\/wp-json\/wp\/v2\/product_cat?post=1006283"},{"taxonomy":"product_tag","embeddable":true,"href":"https:\/\/vavin.tw\/zh_tw\/wp-json\/wp\/v2\/product_tag?post=1006283"}],"curies":[{"name":"WP","href":"https:\/\/api.w.org\/{rel}","templated":true}]}}