{"id":990468,"date":"2023-04-11T17:58:23","date_gmt":"2023-04-11T09:58:23","guid":{"rendered":"https:\/\/v2.vavin.tw\/product\/pouilly-fuisse-vieilles-vignes-jean-pierre-seve-2018\/"},"modified":"2025-04-27T22:34:27","modified_gmt":"2025-04-27T14:34:27","slug":"%e8%ae%93%ef%bc%8e%e7%9a%ae%e8%80%b6%ef%bc%8e%e8%b3%bd%e5%bc%97%e8%8e%8a%e5%9c%92-%e6%99%ae%e4%bc%8a%e8%8a%99%e8%98%ad-%e4%b8%80%e7%b4%9a%e5%9c%92-%e8%80%81%e8%97%a4-2018","status":"publish","type":"product","link":"https:\/\/vavin.tw\/zh_tw\/product\/domaine-jean-pierre-seve-pouilly-fuisse-selection-vieilles-vignes-2018\/","title":{"rendered":"\u8cfd\u592b\u73cd\u5bf6\u838a\u5712\u8056\u51e1\u585e\u7cbe\u9078\u8001\u85e4\u767d\u9152 2018"},"content":{"rendered":"<div class=\"vgblk-rw-wrapper limit-wrapper\"><span style=\"font-weight: 400\">\u6b64\u6b3e\u9152\u6876\u7279\u91c0S\u00e9lection Vieilles Vignes\u9078\u81ea\u5e73\u574750\u5e74\u8001\u85e4\u7684\u8461\u8404\u91c0\u88fd\u3002<\/span><\/p>\n<p><span style=\"font-weight: 400\">\u8f03\u8001\u7684\u8461\u8404\u85e4\u6bd4\u65b0\u7684\u8461\u8404\u85e4\u7522\u751f\u66f4\u5c11\u7684\u679c\u5be6\uff0c\u4f46\u662f\u8d8a\u8001\u7684\u8461\u8404\u85e4\u9577\u51fa\u7684\u8461\u8404\u8cea\u91cf\u8207\u8c50\u5bcc\u5ea6\u8d8a\u9ad8\u3002\u9152\u8272\u5448\u73fe\u6ab8\u6aac\u9ec3\u8272\uff0c\u676f\u7de3\u5247\u5e36\u6709\u9280\u8272\u5149\u6fa4\u3002\u5728\u9152\u9999\u4e0a\uff0c\u6211\u5011\u53ef\u4ee5\u55c5\u5230\u679c\u6838\u6c34\u679c(\u6843\u5b50\uff0c\u674f\u5b50)\uff0c\u9ec3\u6ab8\u6aac\u548c\u91d1\u9280\u82b1\u7684\u82b1\u9999\uff0c\u7136\u5f8c\u662f\u70e4\u9eb5\u5305\u548c\u9999\u8349\u6c23\u606f\u3002\u9019\u6b3e\u9152\u53e3\u611f\u5713\u6f64\u5b9c\u4eba\uff1a\u6e3e\u5713\uff0c\u7d50\u69cb\u8c50\u5bcc\uff0c\u5e73\u8861\u6027\u4f73\u4e14\u5e36\u6709\u7926\u7269\u8cea\u5c3e\u97fb\u3002<\/span><\/div>\n<p><!-- .vgblk-rw-wrapper --><\/p>","protected":false},"excerpt":{"rendered":"<p>This special cuvee \u201cS\u00e9lection Vieilles Vignes\u201d is from average 50 years old vines. Older vines produce less quantity of fruits than the new vines, but the older the vines are the higher the quality. This wine shows a medium gold color with a silver hue. On the nose, we can sample a bouquet of peach,&#8230;<\/p>","protected":false},"featured_media":993792,"comment_status":"open","ping_status":"closed","template":"","meta":[],"product_brand":[],"product_cat":[135,90],"product_tag":[147],"class_list":{"0":"post-990468","1":"product","2":"type-product","3":"status-publish","4":"has-post-thumbnail","6":"product_cat-burgundy","7":"product_cat-white","8":"product_tag-chardonnay","10":"first","11":"outofstock","12":"shipping-taxable","13":"product-type-simple"},"yoast_head":"<!-- This site is optimized with the Yoast SEO Premium plugin v27.2 (Yoast SEO v27.3) - https:\/\/yoast.com\/product\/yoast-seo-premium-wordpress\/ -->\n<title>Domaine Jean-Pierre S\u00e8ve Pouilly Fuiss\u00e9 S\u00e9lection Vieilles Vignes 2018 - Vavin \u9152\u76d2\u5b50<\/title>\n<meta name=\"robots\" content=\"index, follow, max-snippet:-1, max-image-preview:large, max-video-preview:-1\" \/>\n<link rel=\"canonical\" href=\"https:\/\/vavin.tw\/zh_tw\/product\/\u8b93\uff0e\u76ae\u8036\uff0e\u8cfd\u5f17\u838a\u5712-\u666e\u4f0a\u8299\u862d-\u4e00\u7d1a\u5712-\u8001\u85e4-2018\/\" \/>\n<meta property=\"og:locale\" content=\"zh_TW\" \/>\n<meta property=\"og:type\" content=\"article\" \/>\n<meta property=\"og:title\" content=\"Domaine Jean-Pierre S\u00e8ve Pouilly Fuiss\u00e9 S\u00e9lection Vieilles Vignes 2018\" \/>\n<meta property=\"og:description\" content=\"This special cuvee \u201cS\u00e9lection Vieilles Vignes\u201d is from average 50 years old vines. Older vines produce less quantity of fruits than the new vines, but the older the vines are the higher the quality. This wine shows a medium gold color with a silver hue. On the nose, we can sample a bouquet of peach,...\" \/>\n<meta property=\"og:url\" content=\"https:\/\/vavin.tw\/zh_tw\/product\/\u8b93\uff0e\u76ae\u8036\uff0e\u8cfd\u5f17\u838a\u5712-\u666e\u4f0a\u8299\u862d-\u4e00\u7d1a\u5712-\u8001\u85e4-2018\/\" \/>\n<meta property=\"og:site_name\" content=\"Vavin \u9152\u76d2\u5b50\" \/>\n<meta property=\"article:publisher\" content=\"https:\/\/www.facebook.com\/vavintw\" \/>\n<meta property=\"article:modified_time\" content=\"2025-04-27T14:34:27+00:00\" \/>\n<meta property=\"og:image\" content=\"https:\/\/vavin.tw\/wp-content\/uploads\/2023\/04\/Domaine-Jean-Pierre-Seve-Pouilly-Fuisse-Selection-Vieilles-Vignes-2018.png\" \/>\n\t<meta property=\"og:image:width\" content=\"400\" \/>\n\t<meta property=\"og:image:height\" content=\"600\" \/>\n\t<meta property=\"og:image:type\" content=\"image\/png\" \/>\n<meta name=\"twitter:card\" content=\"summary_large_image\" \/>\n<meta name=\"twitter:label1\" content=\"\u9810\u4f30\u95b1\u8b80\u6642\u9593\" \/>\n\t<meta name=\"twitter:data1\" content=\"1 \u5206\u9418\" \/>\n<script type=\"application\/ld+json\" class=\"yoast-schema-graph\">{\"@context\":\"https:\\\/\\\/schema.org\",\"@graph\":[{\"@type\":\"WebPage\",\"@id\":\"https:\\\/\\\/vavin.tw\\\/product\\\/domaine-jean-pierre-seve-pouilly-fuisse-selection-vieilles-vignes-2018\\\/\",\"url\":\"https:\\\/\\\/vavin.tw\\\/product\\\/domaine-jean-pierre-seve-pouilly-fuisse-selection-vieilles-vignes-2018\\\/\",\"name\":\"Domaine Jean-Pierre S\u00e8ve Pouilly Fuiss\u00e9 S\u00e9lection Vieilles Vignes 2018 - Vavin \u9152\u76d2\u5b50\",\"isPartOf\":{\"@id\":\"https:\\\/\\\/vavin.tw\\\/#website\"},\"primaryImageOfPage\":{\"@id\":\"https:\\\/\\\/vavin.tw\\\/product\\\/domaine-jean-pierre-seve-pouilly-fuisse-selection-vieilles-vignes-2018\\\/#primaryimage\"},\"image\":{\"@id\":\"https:\\\/\\\/vavin.tw\\\/product\\\/domaine-jean-pierre-seve-pouilly-fuisse-selection-vieilles-vignes-2018\\\/#primaryimage\"},\"thumbnailUrl\":\"https:\\\/\\\/vavin.tw\\\/wp-content\\\/uploads\\\/2023\\\/04\\\/Domaine-Jean-Pierre-Seve-Pouilly-Fuisse-Selection-Vieilles-Vignes-2018.png\",\"datePublished\":\"2023-04-11T09:58:23+00:00\",\"dateModified\":\"2025-04-27T14:34:27+00:00\",\"breadcrumb\":{\"@id\":\"https:\\\/\\\/vavin.tw\\\/product\\\/domaine-jean-pierre-seve-pouilly-fuisse-selection-vieilles-vignes-2018\\\/#breadcrumb\"},\"inLanguage\":\"zh-TW\",\"potentialAction\":[{\"@type\":\"ReadAction\",\"target\":[\"https:\\\/\\\/vavin.tw\\\/product\\\/domaine-jean-pierre-seve-pouilly-fuisse-selection-vieilles-vignes-2018\\\/\"]}]},{\"@type\":\"ImageObject\",\"inLanguage\":\"zh-TW\",\"@id\":\"https:\\\/\\\/vavin.tw\\\/product\\\/domaine-jean-pierre-seve-pouilly-fuisse-selection-vieilles-vignes-2018\\\/#primaryimage\",\"url\":\"https:\\\/\\\/vavin.tw\\\/wp-content\\\/uploads\\\/2023\\\/04\\\/Domaine-Jean-Pierre-Seve-Pouilly-Fuisse-Selection-Vieilles-Vignes-2018.png\",\"contentUrl\":\"https:\\\/\\\/vavin.tw\\\/wp-content\\\/uploads\\\/2023\\\/04\\\/Domaine-Jean-Pierre-Seve-Pouilly-Fuisse-Selection-Vieilles-Vignes-2018.png\",\"width\":400,\"height\":600},{\"@type\":\"BreadcrumbList\",\"@id\":\"https:\\\/\\\/vavin.tw\\\/product\\\/domaine-jean-pierre-seve-pouilly-fuisse-selection-vieilles-vignes-2018\\\/#breadcrumb\",\"itemListElement\":[{\"@type\":\"ListItem\",\"position\":1,\"name\":\"Home\",\"item\":\"https:\\\/\\\/vavin.tw\\\/\"},{\"@type\":\"ListItem\",\"position\":2,\"name\":\"Products\",\"item\":\"https:\\\/\\\/vavin.tw\\\/shop\\\/\"},{\"@type\":\"ListItem\",\"position\":3,\"name\":\"Domaine Jean-Pierre S\u00e8ve Pouilly Fuiss\u00e9 S\u00e9lection Vieilles Vignes 2018\"}]},{\"@type\":\"WebSite\",\"@id\":\"https:\\\/\\\/vavin.tw\\\/#website\",\"url\":\"https:\\\/\\\/vavin.tw\\\/\",\"name\":\"Vavin \u9152\u76d2\u5b50\",\"description\":\"Savor the Art of Wine\",\"publisher\":{\"@id\":\"https:\\\/\\\/vavin.tw\\\/#organization\"},\"potentialAction\":[{\"@type\":\"SearchAction\",\"target\":{\"@type\":\"EntryPoint\",\"urlTemplate\":\"https:\\\/\\\/vavin.tw\\\/?s={search_term_string}\"},\"query-input\":{\"@type\":\"PropertyValueSpecification\",\"valueRequired\":true,\"valueName\":\"search_term_string\"}}],\"inLanguage\":\"zh-TW\"},{\"@type\":\"Organization\",\"@id\":\"https:\\\/\\\/vavin.tw\\\/#organization\",\"name\":\"Vavin \u9152\u76d2\u5b50\",\"url\":\"https:\\\/\\\/vavin.tw\\\/\",\"logo\":{\"@type\":\"ImageObject\",\"inLanguage\":\"zh-TW\",\"@id\":\"https:\\\/\\\/vavin.tw\\\/#\\\/schema\\\/logo\\\/image\\\/\",\"url\":\"https:\\\/\\\/vavin.tw\\\/wp-content\\\/uploads\\\/2023\\\/03\\\/cropped-favicon-violet-v1.png\",\"contentUrl\":\"https:\\\/\\\/vavin.tw\\\/wp-content\\\/uploads\\\/2023\\\/03\\\/cropped-favicon-violet-v1.png\",\"width\":512,\"height\":512,\"caption\":\"Vavin \u9152\u76d2\u5b50\"},\"image\":{\"@id\":\"https:\\\/\\\/vavin.tw\\\/#\\\/schema\\\/logo\\\/image\\\/\"},\"sameAs\":[\"https:\\\/\\\/www.facebook.com\\\/vavintw\",\"https:\\\/\\\/www.instagram.com\\\/vavin_tw\"]}]}<\/script>\n<!-- \/ Yoast SEO Premium plugin. -->","yoast_head_json":{"title":"Domaine Jean-Pierre S\u00e8ve Pouilly Fuiss\u00e9 S\u00e9lection Vieilles Vignes 2018 - Vavin \u9152\u76d2","robots":{"index":"index","follow":"follow","max-snippet":"max-snippet:-1","max-image-preview":"max-image-preview:large","max-video-preview":"max-video-preview:-1"},"canonical":"https:\/\/vavin.tw\/zh_tw\/product\/\u8b93\uff0e\u76ae\u8036\uff0e\u8cfd\u5f17\u838a\u5712-\u666e\u4f0a\u8299\u862d-\u4e00\u7d1a\u5712-\u8001\u85e4-2018\/","og_locale":"zh_TW","og_type":"article","og_title":"Domaine Jean-Pierre S\u00e8ve Pouilly Fuiss\u00e9 S\u00e9lection Vieilles Vignes 2018","og_description":"This special cuvee \u201cS\u00e9lection Vieilles Vignes\u201d is from average 50 years old vines. Older vines produce less quantity of fruits than the new vines, but the older the vines are the higher the quality. This wine shows a medium gold color with a silver hue. On the nose, we can sample a bouquet of peach,...","og_url":"https:\/\/vavin.tw\/zh_tw\/product\/\u8b93\uff0e\u76ae\u8036\uff0e\u8cfd\u5f17\u838a\u5712-\u666e\u4f0a\u8299\u862d-\u4e00\u7d1a\u5712-\u8001\u85e4-2018\/","og_site_name":"Vavin \u9152\u76d2\u5b50","article_publisher":"https:\/\/www.facebook.com\/vavintw","article_modified_time":"2025-04-27T14:34:27+00:00","og_image":[{"width":400,"height":600,"url":"https:\/\/vavin.tw\/wp-content\/uploads\/2023\/04\/Domaine-Jean-Pierre-Seve-Pouilly-Fuisse-Selection-Vieilles-Vignes-2018.png","type":"image\/png"}],"twitter_card":"summary_large_image","twitter_misc":{"\u9810\u4f30\u95b1\u8b80\u6642\u9593":"1 \u5206\u9418"},"schema":{"@context":"https:\/\/schema.org","@graph":[{"@type":"WebPage","@id":"https:\/\/vavin.tw\/product\/domaine-jean-pierre-seve-pouilly-fuisse-selection-vieilles-vignes-2018\/","url":"https:\/\/vavin.tw\/product\/domaine-jean-pierre-seve-pouilly-fuisse-selection-vieilles-vignes-2018\/","name":"Domaine Jean-Pierre S\u00e8ve Pouilly Fuiss\u00e9 S\u00e9lection Vieilles Vignes 2018 - Vavin \u9152\u76d2","isPartOf":{"@id":"https:\/\/vavin.tw\/#website"},"primaryImageOfPage":{"@id":"https:\/\/vavin.tw\/product\/domaine-jean-pierre-seve-pouilly-fuisse-selection-vieilles-vignes-2018\/#primaryimage"},"image":{"@id":"https:\/\/vavin.tw\/product\/domaine-jean-pierre-seve-pouilly-fuisse-selection-vieilles-vignes-2018\/#primaryimage"},"thumbnailUrl":"https:\/\/vavin.tw\/wp-content\/uploads\/2023\/04\/Domaine-Jean-Pierre-Seve-Pouilly-Fuisse-Selection-Vieilles-Vignes-2018.png","datePublished":"2023-04-11T09:58:23+00:00","dateModified":"2025-04-27T14:34:27+00:00","breadcrumb":{"@id":"https:\/\/vavin.tw\/product\/domaine-jean-pierre-seve-pouilly-fuisse-selection-vieilles-vignes-2018\/#breadcrumb"},"inLanguage":"zh-TW","potentialAction":[{"@type":"ReadAction","target":["https:\/\/vavin.tw\/product\/domaine-jean-pierre-seve-pouilly-fuisse-selection-vieilles-vignes-2018\/"]}]},{"@type":"ImageObject","inLanguage":"zh-TW","@id":"https:\/\/vavin.tw\/product\/domaine-jean-pierre-seve-pouilly-fuisse-selection-vieilles-vignes-2018\/#primaryimage","url":"https:\/\/vavin.tw\/wp-content\/uploads\/2023\/04\/Domaine-Jean-Pierre-Seve-Pouilly-Fuisse-Selection-Vieilles-Vignes-2018.png","contentUrl":"https:\/\/vavin.tw\/wp-content\/uploads\/2023\/04\/Domaine-Jean-Pierre-Seve-Pouilly-Fuisse-Selection-Vieilles-Vignes-2018.png","width":400,"height":600},{"@type":"BreadcrumbList","@id":"https:\/\/vavin.tw\/product\/domaine-jean-pierre-seve-pouilly-fuisse-selection-vieilles-vignes-2018\/#breadcrumb","itemListElement":[{"@type":"ListItem","position":1,"name":"Home","item":"https:\/\/vavin.tw\/"},{"@type":"ListItem","position":2,"name":"Products","item":"https:\/\/vavin.tw\/shop\/"},{"@type":"ListItem","position":3,"name":"Domaine Jean-Pierre S\u00e8ve Pouilly Fuiss\u00e9 S\u00e9lection Vieilles Vignes 2018"}]},{"@type":"WebSite","@id":"https:\/\/vavin.tw\/#website","url":"https:\/\/vavin.tw\/","name":"Vavin \u9152\u76d2\u5b50","description":"\u54c1\u5473\u8461\u8404\u9152\u7684\u85dd\u8853","publisher":{"@id":"https:\/\/vavin.tw\/#organization"},"potentialAction":[{"@type":"SearchAction","target":{"@type":"EntryPoint","urlTemplate":"https:\/\/vavin.tw\/?s={search_term_string}"},"query-input":{"@type":"PropertyValueSpecification","valueRequired":true,"valueName":"search_term_string"}}],"inLanguage":"zh-TW"},{"@type":"Organization","@id":"https:\/\/vavin.tw\/#organization","name":"Vavin \u9152\u76d2\u5b50","url":"https:\/\/vavin.tw\/","logo":{"@type":"ImageObject","inLanguage":"zh-TW","@id":"https:\/\/vavin.tw\/#\/schema\/logo\/image\/","url":"https:\/\/vavin.tw\/wp-content\/uploads\/2023\/03\/cropped-favicon-violet-v1.png","contentUrl":"https:\/\/vavin.tw\/wp-content\/uploads\/2023\/03\/cropped-favicon-violet-v1.png","width":512,"height":512,"caption":"Vavin \u9152\u76d2\u5b50"},"image":{"@id":"https:\/\/vavin.tw\/#\/schema\/logo\/image\/"},"sameAs":["https:\/\/www.facebook.com\/vavintw","https:\/\/www.instagram.com\/vavin_tw"]}]}},"_links":{"self":[{"href":"https:\/\/vavin.tw\/zh_tw\/wp-json\/wp\/v2\/product\/990468","targetHints":{"allow":["GET"]}}],"collection":[{"href":"https:\/\/vavin.tw\/zh_tw\/wp-json\/wp\/v2\/product"}],"about":[{"href":"https:\/\/vavin.tw\/zh_tw\/wp-json\/wp\/v2\/types\/product"}],"replies":[{"embeddable":true,"href":"https:\/\/vavin.tw\/zh_tw\/wp-json\/wp\/v2\/comments?post=990468"}],"version-history":[{"count":0,"href":"https:\/\/vavin.tw\/zh_tw\/wp-json\/wp\/v2\/product\/990468\/revisions"}],"wp:featuredmedia":[{"embeddable":true,"href":"https:\/\/vavin.tw\/zh_tw\/wp-json\/wp\/v2\/media\/993792"}],"wp:attachment":[{"href":"https:\/\/vavin.tw\/zh_tw\/wp-json\/wp\/v2\/media?parent=990468"}],"wp:term":[{"taxonomy":"product_brand","embeddable":true,"href":"https:\/\/vavin.tw\/zh_tw\/wp-json\/wp\/v2\/product_brand?post=990468"},{"taxonomy":"product_cat","embeddable":true,"href":"https:\/\/vavin.tw\/zh_tw\/wp-json\/wp\/v2\/product_cat?post=990468"},{"taxonomy":"product_tag","embeddable":true,"href":"https:\/\/vavin.tw\/zh_tw\/wp-json\/wp\/v2\/product_tag?post=990468"}],"curies":[{"name":"WP","href":"https:\/\/api.w.org\/{rel}","templated":true}]}}