{"id":990562,"date":"2023-04-11T17:59:08","date_gmt":"2023-04-11T09:59:08","guid":{"rendered":"https:\/\/v2.vavin.tw\/product\/margaux-cht-dufort-vivens-2009\/"},"modified":"2025-04-28T11:34:42","modified_gmt":"2025-04-28T03:34:42","slug":"%e6%9d%9c%e5%a4%ab%e7%89%b9%e7%b6%ad%e6%97%ba%e9%85%92%e8%8e%8a-2009","status":"publish","type":"product","link":"https:\/\/vavin.tw\/zh_tw\/product\/chateau-dufort-vivens-margaux-2009\/","title":{"rendered":"\u6155\u591a-\u7dad\u7dad\u5b89\u9152\u838a 2009"},"content":{"rendered":"<div class=\"vgblk-rw-wrapper limit-wrapper\">\n<div class=\"wine-info\"><strong>\u985e\u5225\uff1a<\/strong> \u7d05\u9152<br \/>\n<strong>\u9152\u7cbe\u6fc3\u5ea6\uff1a<\/strong> 13.5% \u5377.<br \/>\n<strong>\u8461\u8404\u54c1\u7a2e\uff1a<\/strong> 70% Cabernet Sauvignon, 25% Merlot, 5% Cabernet Franc<br \/>\n<strong>\u5bb9\u91cf\uff1a<\/strong> 750\u6beb\u5347<\/div>\n<hr \/>\n<div class=\"wine-section\">\n<h3>\u9152\u838a\u4ecb\u7d39<\/h3>\n<p>**\u590f\u5716\u675c\u798f\u7dad\u82b3 (Ch\u00e2teau Dufort-Vivens)** \u5728 1855 \u5e74\u88ab\u8a55\u70ba\u4e8c\u7d1a\u9152\u838a\uff0c\u5750\u843d\u65bc\u746a\u6b4c (Margaux) \u7522\u5340\u7684\u6838\u5fc3\u5730\u5e36\u3002\u81ea 1960 \u5e74\u4ee3\u4ee5\u4f86\uff0cLurton \u5bb6\u65cf\u4e00\u76f4\u71b1\u60c5\u5730\u5728\u6b64\u7a2e\u690d\u8461\u8404\u85e4\uff0c\u4e26\u9010\u6b65\u5f15\u5165\u4e86\u751f\u7269\u52d5\u529b\u6cd5\u7684\u8015\u4f5c\u65b9\u5f0f\u3002\u8a72\u9152\u838a\u4ee5\u751f\u7522\u51fa\u6975\u70ba\u7d30\u81a9\u3001\u98a8\u683c\u512a\u96c5\u7684\u8461\u8404\u9152\u800c\u805e\u540d\uff0c\u5177\u6709\u51fa\u8272\u7684\u9673\u5e74\u6f5b\u529b\uff0c\u5178\u578b\u5730\u5c55\u73fe\u4e86\u9802\u7d1a\u746a\u6b4c\u8461\u8404\u9152\u7684\u7279\u8cea\u3002.<\/p>\n<hr \/>\n<\/div>\n<div class=\"wine-section\">\n<h3>\u98a8\u571f\u689d\u4ef6<\/h3>\n<p>\u8461\u8404\u5712\u5750\u843d\u65bc\u6df1\u539a\u7684\u792b\u77f3\u571f\u58e4\u4e0a\uff0c\u975e\u5e38\u9069\u5408\u5361\u672c\u5167\u8607\u7dad\u6fc3\u7684\u6210\u719f\u3002\u5409\u502b\u7279\u6cb3\u7684\u9130\u8fd1\u5e36\u4f86\u4e86\u6eab\u548c\u7684\u5fae\u6c23\u5019\uff0c\u6709\u5229\u65bc\u8461\u8404\u7de9\u6162\u800c\u5747\u52fb\u5730\u6210\u719f\u3002\u9019\u7247\u98a8\u571f\u8ce6\u4e88\u8461\u8404\u9152\u5e73\u8861\u3001\u6e05\u65b0\u548c\u8c50\u5bcc\u7684\u9999\u6c23\u3002.<\/p>\n<hr \/>\n<\/div>\n<div class=\"wine-section\">\n<h3>\u91c0\u9020\u5de5\u85dd<\/h3>\n<p>\u624b\u5de5\u63a1\u6458\uff0c\u5728\u6eab\u63a7\u4e0d\u93fd\u92fc\u69fd\u4e2d\u767c\u9175\uff0c\u6eab\u548c\u8403\u53d6\u4ee5\u4fdd\u7559\u6c34\u679c\u7684\u512a\u96c5\u3002 \u5728\u6cd5\u570b\u6a61\u6728\u6876\u4e2d\u9673\u91c0 18 \u81f3 24 \u500b\u6708\uff0c\u5176\u4e2d\u7d04 40%% \u70ba\u65b0\u6876\uff0c\u8ce6\u4e88\u590d\u6742\u5ea6\u8207\u7d50\u69cb\uff0c\u4f46\u4e0d\u63a9\u84cb\u8461\u8404\u9152\u7684\u7279\u6027\u3002.<\/p>\n<hr \/>\n<\/div>\n<div class=\"wine-section\">\n<h3>\u54c1\u98f2\u7b46\u8a18<\/h3>\n<p>\u6df1\u5bf6\u77f3\u7d05\u8272\u9152\u88d9\u3002\u9999\u6c23\u6563\u767c\u8457\u9ed1\u918b\u6817\u3001\u9ed1\u8393\u3001\u7d2b\u7f85\u862d\u548c\u96ea\u677e\u7684\u6c23\u606f\uff0c\u4f34\u96a8\u8457\u6de1\u83f8\u8349\u548c\u751c\u9999\u6599\u7684\u9ede\u7db4\u3002\u53e3\u611f\u65b9\u9762\uff0c\u9152\u9ad4\u98fd\u6eff\uff0c\u55ae\u5be7\u7d72\u6ed1\uff0c\u826f\u597d\u7684\u9178\u5ea6\u5e73\u8861\u4e86 2009 \u5e74\u4efd\u7684\u6fc3\u90c1\u3002\u9918\u97fb\u60a0\u9577\u3001\u512a\u96c5\u4e14\u6301\u4e45\uff0c\u4e26\u5e36\u6709\u6e05\u65b0\u548c\u8907\u96dc\u7684\u7279\u5fb5\u3002.<\/p>\n<p class=\"wine-highlight\">\u4e00\u6b3e\u7cbe\u7dfb\u4e14\u7d50\u69cb\u611f\u5341\u8db3\u7684\u746a\u6b4c\u7d05\u9152\uff0c\u4f86\u81ea\u4e00\u500b\u5049\u5927\u7684\u5e74\u4efd\uff0c\u7d50\u5408\u4e86\u9152\u9ad4\u3001\u512a\u96c5\u548c\u5353\u8d8a\u7684\u9673\u5e74\u6f5b\u529b\u3002.<\/p>\n<hr \/>\n<\/div>\n<div class=\"wine-section\">\n<h3>\u9910\u9152\u642d\u914d<\/h3>\n<p>\u975e\u5e38\u9069\u5408\u642d\u914d\u70e4\u7f8a\u6392\u3001\u83f2\u529b\u725b\u6392\u3001\u9d28\u80f8\u8089\u6216\u719f\u6210\u8d77\u53f8\uff0c\u5982\u5b54\u6cf0\u8d77\u53f8\u6216\u8056\u5167\u514b\u6cf0\u723e\u8d77\u53f8\u3002.<\/p>\n<\/div>\n<\/div>\n<p><!-- .vgblk-rw-wrapper --><\/p>","protected":false},"excerpt":{"rendered":"<p>Color: Red Alcohol: 13.5% vol. Grape Variety: 70% Cabernet Sauvignon, 25% Merlot, 5% Cabernet Franc Bottle Size: 75 cl Domaine History Class\u00e9 Deuxi\u00e8me Grand Cru en 1855, **Ch\u00e2teau Dufort-Vivens** est situ\u00e9 au c\u0153ur de l\u2019appellation Margaux. Depuis les ann\u00e9es 1960, la famille Lurton y cultive la vigne avec passion, int\u00e9grant progressivement des pratiques de biodynamie&#8230;.<\/p>","protected":false},"featured_media":988525,"comment_status":"open","ping_status":"closed","template":"","meta":[],"product_brand":[],"product_cat":[139,63],"product_tag":[150,151,270,157],"class_list":{"0":"post-990562","1":"product","2":"type-product","3":"status-publish","4":"has-post-thumbnail","6":"product_cat-bordeaux","7":"product_cat-red","8":"product_tag-cabernet-franc","9":"product_tag-cabernet-sauvignon","10":"product_tag-margaux","11":"product_tag-merlot","13":"first","14":"instock","15":"shipping-taxable","16":"product-type-simple"},"yoast_head":"<!-- This site is optimized with the Yoast SEO Premium plugin v27.2 (Yoast SEO v27.3) - https:\/\/yoast.com\/product\/yoast-seo-premium-wordpress\/ -->\n<title>Ch\u00e2teau Dufort-Vivens Margaux 2009 - Vavin \u9152\u76d2\u5b50<\/title>\n<meta name=\"description\" content=\"Discover Ch\u00e2teau Dufort-Vivens 2009 Margaux\u2014a Grand Cru Class\u00e9 Bordeaux with ripe black fruit, floral notes, silky tannins, and elegant structure. A refined and age-worthy wine from an exceptional vintage.\" \/>\n<meta name=\"robots\" content=\"index, follow, max-snippet:-1, max-image-preview:large, max-video-preview:-1\" \/>\n<link rel=\"canonical\" href=\"https:\/\/vavin.tw\/zh_tw\/product\/\u675c\u592b\u7279\u7dad\u65fa\u9152\u838a-2009\/\" \/>\n<meta property=\"og:locale\" content=\"zh_TW\" \/>\n<meta property=\"og:type\" content=\"article\" \/>\n<meta property=\"og:title\" content=\"Ch\u00e2teau Dufort-Vivens Margaux 2009\" \/>\n<meta property=\"og:description\" content=\"Discover Ch\u00e2teau Dufort-Vivens 2009 Margaux\u2014a Grand Cru Class\u00e9 Bordeaux with ripe black fruit, floral notes, silky tannins, and elegant structure. A refined and age-worthy wine from an exceptional vintage.\" \/>\n<meta property=\"og:url\" content=\"https:\/\/vavin.tw\/zh_tw\/product\/\u675c\u592b\u7279\u7dad\u65fa\u9152\u838a-2009\/\" \/>\n<meta property=\"og:site_name\" content=\"Vavin \u9152\u76d2\u5b50\" \/>\n<meta property=\"article:publisher\" content=\"https:\/\/www.facebook.com\/vavintw\" \/>\n<meta property=\"article:modified_time\" content=\"2025-04-28T03:34:42+00:00\" \/>\n<meta property=\"og:image\" content=\"https:\/\/vavin.tw\/wp-content\/uploads\/2023\/03\/Margaux-Chateau-Durfort-Vivens-2009.png\" \/>\n\t<meta property=\"og:image:width\" content=\"400\" \/>\n\t<meta property=\"og:image:height\" content=\"600\" \/>\n\t<meta property=\"og:image:type\" content=\"image\/png\" \/>\n<meta name=\"twitter:card\" content=\"summary_large_image\" \/>\n<meta name=\"twitter:label1\" content=\"\u9810\u4f30\u95b1\u8b80\u6642\u9593\" \/>\n\t<meta name=\"twitter:data1\" content=\"2 \u5206\u9418\" \/>\n<script type=\"application\/ld+json\" class=\"yoast-schema-graph\">{\"@context\":\"https:\\\/\\\/schema.org\",\"@graph\":[{\"@type\":\"WebPage\",\"@id\":\"https:\\\/\\\/vavin.tw\\\/product\\\/chateau-dufort-vivens-margaux-2009\\\/\",\"url\":\"https:\\\/\\\/vavin.tw\\\/product\\\/chateau-dufort-vivens-margaux-2009\\\/\",\"name\":\"Ch\u00e2teau Dufort-Vivens Margaux 2009 - Vavin \u9152\u76d2\u5b50\",\"isPartOf\":{\"@id\":\"https:\\\/\\\/vavin.tw\\\/#website\"},\"primaryImageOfPage\":{\"@id\":\"https:\\\/\\\/vavin.tw\\\/product\\\/chateau-dufort-vivens-margaux-2009\\\/#primaryimage\"},\"image\":{\"@id\":\"https:\\\/\\\/vavin.tw\\\/product\\\/chateau-dufort-vivens-margaux-2009\\\/#primaryimage\"},\"thumbnailUrl\":\"https:\\\/\\\/vavin.tw\\\/wp-content\\\/uploads\\\/2023\\\/03\\\/Margaux-Chateau-Durfort-Vivens-2009.png\",\"datePublished\":\"2023-04-11T09:59:08+00:00\",\"dateModified\":\"2025-04-28T03:34:42+00:00\",\"description\":\"Discover Ch\u00e2teau Dufort-Vivens 2009 Margaux\u2014a Grand Cru Class\u00e9 Bordeaux with ripe black fruit, floral notes, silky tannins, and elegant structure. A refined and age-worthy wine from an exceptional vintage.\",\"breadcrumb\":{\"@id\":\"https:\\\/\\\/vavin.tw\\\/product\\\/chateau-dufort-vivens-margaux-2009\\\/#breadcrumb\"},\"inLanguage\":\"zh-TW\",\"potentialAction\":[{\"@type\":\"ReadAction\",\"target\":[\"https:\\\/\\\/vavin.tw\\\/product\\\/chateau-dufort-vivens-margaux-2009\\\/\"]}]},{\"@type\":\"ImageObject\",\"inLanguage\":\"zh-TW\",\"@id\":\"https:\\\/\\\/vavin.tw\\\/product\\\/chateau-dufort-vivens-margaux-2009\\\/#primaryimage\",\"url\":\"https:\\\/\\\/vavin.tw\\\/wp-content\\\/uploads\\\/2023\\\/03\\\/Margaux-Chateau-Durfort-Vivens-2009.png\",\"contentUrl\":\"https:\\\/\\\/vavin.tw\\\/wp-content\\\/uploads\\\/2023\\\/03\\\/Margaux-Chateau-Durfort-Vivens-2009.png\",\"width\":400,\"height\":600},{\"@type\":\"BreadcrumbList\",\"@id\":\"https:\\\/\\\/vavin.tw\\\/product\\\/chateau-dufort-vivens-margaux-2009\\\/#breadcrumb\",\"itemListElement\":[{\"@type\":\"ListItem\",\"position\":1,\"name\":\"Home\",\"item\":\"https:\\\/\\\/vavin.tw\\\/\"},{\"@type\":\"ListItem\",\"position\":2,\"name\":\"Products\",\"item\":\"https:\\\/\\\/vavin.tw\\\/shop\\\/\"},{\"@type\":\"ListItem\",\"position\":3,\"name\":\"Ch\u00e2teau Dufort-Vivens Margaux 2009\"}]},{\"@type\":\"WebSite\",\"@id\":\"https:\\\/\\\/vavin.tw\\\/#website\",\"url\":\"https:\\\/\\\/vavin.tw\\\/\",\"name\":\"Vavin \u9152\u76d2\u5b50\",\"description\":\"Savor the Art of Wine\",\"publisher\":{\"@id\":\"https:\\\/\\\/vavin.tw\\\/#organization\"},\"potentialAction\":[{\"@type\":\"SearchAction\",\"target\":{\"@type\":\"EntryPoint\",\"urlTemplate\":\"https:\\\/\\\/vavin.tw\\\/?s={search_term_string}\"},\"query-input\":{\"@type\":\"PropertyValueSpecification\",\"valueRequired\":true,\"valueName\":\"search_term_string\"}}],\"inLanguage\":\"zh-TW\"},{\"@type\":\"Organization\",\"@id\":\"https:\\\/\\\/vavin.tw\\\/#organization\",\"name\":\"Vavin \u9152\u76d2\u5b50\",\"url\":\"https:\\\/\\\/vavin.tw\\\/\",\"logo\":{\"@type\":\"ImageObject\",\"inLanguage\":\"zh-TW\",\"@id\":\"https:\\\/\\\/vavin.tw\\\/#\\\/schema\\\/logo\\\/image\\\/\",\"url\":\"https:\\\/\\\/vavin.tw\\\/wp-content\\\/uploads\\\/2023\\\/03\\\/cropped-favicon-violet-v1.png\",\"contentUrl\":\"https:\\\/\\\/vavin.tw\\\/wp-content\\\/uploads\\\/2023\\\/03\\\/cropped-favicon-violet-v1.png\",\"width\":512,\"height\":512,\"caption\":\"Vavin \u9152\u76d2\u5b50\"},\"image\":{\"@id\":\"https:\\\/\\\/vavin.tw\\\/#\\\/schema\\\/logo\\\/image\\\/\"},\"sameAs\":[\"https:\\\/\\\/www.facebook.com\\\/vavintw\",\"https:\\\/\\\/www.instagram.com\\\/vavin_tw\"]}]}<\/script>\n<!-- \/ Yoast SEO Premium plugin. -->","yoast_head_json":{"title":"\u675c\u4f5b\u7dad\u6069\u9152\u838a 2009 \u5e74\u746a\u6b4c\u7d05\u9152 - \u74e6\u842c\u9152\u76d2","description":"\u63a2\u7d22\u675c\u798f\u723e\u7dad\u6587\u9152\u838a 2009 \u5e74\u746a\u6b4c\u7d05\u9152\u2014\u2014\u9019\u662f\u4e00\u6b3e\u9802\u7d1a\u9152\u838a\u5206\u985e\u6ce2\u723e\u591a\u7d05\u9152\uff0c\u5e36\u6709\u6210\u719f\u7684\u9ed1\u8393\u679c\u9999\u3001\u82b1\u9999\u3001\u7d72\u6ed1\u7684\u55ae\u5be7\u548c\u512a\u96c5\u7684\u7d50\u69cb\u3002\u4f86\u81ea\u975e\u51e1\u5e74\u4efd\u7684\u7cbe\u7dfb\u4e14\u5177\u5099\u9673\u5e74\u6f5b\u529b\u7684\u7f8e\u9152\u3002.","robots":{"index":"index","follow":"follow","max-snippet":"max-snippet:-1","max-image-preview":"max-image-preview:large","max-video-preview":"max-video-preview:-1"},"canonical":"https:\/\/vavin.tw\/zh_tw\/product\/\u675c\u592b\u7279\u7dad\u65fa\u9152\u838a-2009\/","og_locale":"zh_TW","og_type":"article","og_title":"Ch\u00e2teau Dufort-Vivens Margaux 2009","og_description":"Discover Ch\u00e2teau Dufort-Vivens 2009 Margaux\u2014a Grand Cru Class\u00e9 Bordeaux with ripe black fruit, floral notes, silky tannins, and elegant structure. A refined and age-worthy wine from an exceptional vintage.","og_url":"https:\/\/vavin.tw\/zh_tw\/product\/\u675c\u592b\u7279\u7dad\u65fa\u9152\u838a-2009\/","og_site_name":"Vavin \u9152\u76d2\u5b50","article_publisher":"https:\/\/www.facebook.com\/vavintw","article_modified_time":"2025-04-28T03:34:42+00:00","og_image":[{"width":400,"height":600,"url":"https:\/\/vavin.tw\/wp-content\/uploads\/2023\/03\/Margaux-Chateau-Durfort-Vivens-2009.png","type":"image\/png"}],"twitter_card":"summary_large_image","twitter_misc":{"\u9810\u4f30\u95b1\u8b80\u6642\u9593":"2 \u5206\u9418"},"schema":{"@context":"https:\/\/schema.org","@graph":[{"@type":"WebPage","@id":"https:\/\/vavin.tw\/product\/chateau-dufort-vivens-margaux-2009\/","url":"https:\/\/vavin.tw\/product\/chateau-dufort-vivens-margaux-2009\/","name":"\u675c\u4f5b\u7dad\u6069\u9152\u838a 2009 \u5e74\u746a\u6b4c\u7d05\u9152 - \u74e6\u842c\u9152\u76d2","isPartOf":{"@id":"https:\/\/vavin.tw\/#website"},"primaryImageOfPage":{"@id":"https:\/\/vavin.tw\/product\/chateau-dufort-vivens-margaux-2009\/#primaryimage"},"image":{"@id":"https:\/\/vavin.tw\/product\/chateau-dufort-vivens-margaux-2009\/#primaryimage"},"thumbnailUrl":"https:\/\/vavin.tw\/wp-content\/uploads\/2023\/03\/Margaux-Chateau-Durfort-Vivens-2009.png","datePublished":"2023-04-11T09:59:08+00:00","dateModified":"2025-04-28T03:34:42+00:00","description":"\u63a2\u7d22\u675c\u798f\u723e\u7dad\u6587\u9152\u838a 2009 \u5e74\u746a\u6b4c\u7d05\u9152\u2014\u2014\u9019\u662f\u4e00\u6b3e\u9802\u7d1a\u9152\u838a\u5206\u985e\u6ce2\u723e\u591a\u7d05\u9152\uff0c\u5e36\u6709\u6210\u719f\u7684\u9ed1\u8393\u679c\u9999\u3001\u82b1\u9999\u3001\u7d72\u6ed1\u7684\u55ae\u5be7\u548c\u512a\u96c5\u7684\u7d50\u69cb\u3002\u4f86\u81ea\u975e\u51e1\u5e74\u4efd\u7684\u7cbe\u7dfb\u4e14\u5177\u5099\u9673\u5e74\u6f5b\u529b\u7684\u7f8e\u9152\u3002.","breadcrumb":{"@id":"https:\/\/vavin.tw\/product\/chateau-dufort-vivens-margaux-2009\/#breadcrumb"},"inLanguage":"zh-TW","potentialAction":[{"@type":"ReadAction","target":["https:\/\/vavin.tw\/product\/chateau-dufort-vivens-margaux-2009\/"]}]},{"@type":"ImageObject","inLanguage":"zh-TW","@id":"https:\/\/vavin.tw\/product\/chateau-dufort-vivens-margaux-2009\/#primaryimage","url":"https:\/\/vavin.tw\/wp-content\/uploads\/2023\/03\/Margaux-Chateau-Durfort-Vivens-2009.png","contentUrl":"https:\/\/vavin.tw\/wp-content\/uploads\/2023\/03\/Margaux-Chateau-Durfort-Vivens-2009.png","width":400,"height":600},{"@type":"BreadcrumbList","@id":"https:\/\/vavin.tw\/product\/chateau-dufort-vivens-margaux-2009\/#breadcrumb","itemListElement":[{"@type":"ListItem","position":1,"name":"Home","item":"https:\/\/vavin.tw\/"},{"@type":"ListItem","position":2,"name":"Products","item":"https:\/\/vavin.tw\/shop\/"},{"@type":"ListItem","position":3,"name":"Ch\u00e2teau Dufort-Vivens Margaux 2009"}]},{"@type":"WebSite","@id":"https:\/\/vavin.tw\/#website","url":"https:\/\/vavin.tw\/","name":"Vavin \u9152\u76d2\u5b50","description":"\u54c1\u5473\u8461\u8404\u9152\u7684\u85dd\u8853","publisher":{"@id":"https:\/\/vavin.tw\/#organization"},"potentialAction":[{"@type":"SearchAction","target":{"@type":"EntryPoint","urlTemplate":"https:\/\/vavin.tw\/?s={search_term_string}"},"query-input":{"@type":"PropertyValueSpecification","valueRequired":true,"valueName":"search_term_string"}}],"inLanguage":"zh-TW"},{"@type":"Organization","@id":"https:\/\/vavin.tw\/#organization","name":"Vavin \u9152\u76d2\u5b50","url":"https:\/\/vavin.tw\/","logo":{"@type":"ImageObject","inLanguage":"zh-TW","@id":"https:\/\/vavin.tw\/#\/schema\/logo\/image\/","url":"https:\/\/vavin.tw\/wp-content\/uploads\/2023\/03\/cropped-favicon-violet-v1.png","contentUrl":"https:\/\/vavin.tw\/wp-content\/uploads\/2023\/03\/cropped-favicon-violet-v1.png","width":512,"height":512,"caption":"Vavin \u9152\u76d2\u5b50"},"image":{"@id":"https:\/\/vavin.tw\/#\/schema\/logo\/image\/"},"sameAs":["https:\/\/www.facebook.com\/vavintw","https:\/\/www.instagram.com\/vavin_tw"]}]}},"_links":{"self":[{"href":"https:\/\/vavin.tw\/zh_tw\/wp-json\/wp\/v2\/product\/990562","targetHints":{"allow":["GET"]}}],"collection":[{"href":"https:\/\/vavin.tw\/zh_tw\/wp-json\/wp\/v2\/product"}],"about":[{"href":"https:\/\/vavin.tw\/zh_tw\/wp-json\/wp\/v2\/types\/product"}],"replies":[{"embeddable":true,"href":"https:\/\/vavin.tw\/zh_tw\/wp-json\/wp\/v2\/comments?post=990562"}],"version-history":[{"count":0,"href":"https:\/\/vavin.tw\/zh_tw\/wp-json\/wp\/v2\/product\/990562\/revisions"}],"wp:featuredmedia":[{"embeddable":true,"href":"https:\/\/vavin.tw\/zh_tw\/wp-json\/wp\/v2\/media\/988525"}],"wp:attachment":[{"href":"https:\/\/vavin.tw\/zh_tw\/wp-json\/wp\/v2\/media?parent=990562"}],"wp:term":[{"taxonomy":"product_brand","embeddable":true,"href":"https:\/\/vavin.tw\/zh_tw\/wp-json\/wp\/v2\/product_brand?post=990562"},{"taxonomy":"product_cat","embeddable":true,"href":"https:\/\/vavin.tw\/zh_tw\/wp-json\/wp\/v2\/product_cat?post=990562"},{"taxonomy":"product_tag","embeddable":true,"href":"https:\/\/vavin.tw\/zh_tw\/wp-json\/wp\/v2\/product_tag?post=990562"}],"curies":[{"name":"WP","href":"https:\/\/api.w.org\/{rel}","templated":true}]}}