{"id":990591,"date":"2023-04-11T17:59:22","date_gmt":"2023-04-11T09:59:22","guid":{"rendered":"https:\/\/v2.vavin.tw\/product\/st-julien-clos-du-marquis-2009\/"},"modified":"2025-04-27T20:46:38","modified_gmt":"2025-04-27T12:46:38","slug":"2009-%e6%b3%a2%e7%88%be%e5%a4%9a%e8%81%96%e6%9c%b1%e5%88%a9%e5%ae%89%e7%94%a2%e5%8d%80-clos-du-marquis","status":"publish","type":"product","link":"https:\/\/vavin.tw\/zh_tw\/product\/clos-du-marquis-saint-julien-2009\/","title":{"rendered":"\u675c\u5361\u65af\u57ce\u5821 2009"},"content":{"rendered":"<div class=\"vgblk-rw-wrapper limit-wrapper\">\n<div class=\"wine-info\"><strong>\u985e\u5225\uff1a<\/strong> \u7d05\u9152<br \/>\n<strong>\u9152\u7cbe\u6fc3\u5ea6\uff1a<\/strong> 13.5% \u5377.<br \/>\n<strong>\u8461\u8404\u54c1\u7a2e\uff1a<\/strong> \u5361\u672c\u5167\u8607\u7dad\u6fc3\u3001\u6885\u6d1b\u3001\u5361\u672c\u5167\u5f17\u6717\u3001\u9ed1\u76ae\u8afe<br \/>\n<strong>\u5bb9\u91cf\uff1a<\/strong> 750\u6beb\u5347<\/div>\n<hr \/>\n<div class=\"wine-section\">\n<h3>\u9152\u838a\u4ecb\u7d39<\/h3>\n<p>**Clos du Marquis** \u5275\u65bc\u4e8c\u5341\u4e16\u7d00\u521d\uff0c\u6e90\u81ea\u8056\u6731\u5229\u5b89\uff08Saint-Julien\uff09\u96c4\u7345\u5821\uff08Ch\u00e2teau L\u00e9oville Las Cases\uff09\u7684\u6b77\u53f2\u8461\u8404\u5712\u3002\u96d6\u7136\u5e38\u88ab\u8996\u70ba\u96c4\u7345\u5821\u7684\u4e8c\u8ecd\u9152\uff0c\u4f46 Clos du Marquis \u672c\u8eab\u4e5f\u662f\u4e00\u6b3e\u7368\u7acb\u7684\u8461\u8404\u9152\uff0c\u63a1\u7528\u4f86\u81ea\u50b3\u5947\u300c\u5927\u570d\u6b04\u300d\uff08Grand Enclos\uff09\u4e4b\u5916\u3001\u792b\u77f3\u8c50\u5bcc\u3001\u6700\u9069\u5408\u5361\u672c\u5167\u8607\u7dad\u6fc3\uff08Cabernet Sauvignon\uff09\u7684\u7368\u7279\u5730\u584a\u7684\u8461\u8404\u91c0\u9020\u3002Clos du Marquis \u4ee5\u5176\u7d93\u5178\u6885\u591a\u514b\uff08M\u00e9doc\uff09\u98a8\u683c\u8457\u7a31\uff0c\u53e3\u611f\u7d50\u69cb\u611f\u4f73\uff0c\u98a8\u683c\u512a\u96c5\uff0c\u4e14\u5177\u5099\u5353\u8d8a\u7684\u9673\u5e74\u6f5b\u529b\u3002.<\/p>\n<hr \/>\n<\/div>\n<div class=\"wine-section\">\n<h3>\u98a8\u571f\u689d\u4ef6<\/h3>\n<p>\u9152\u838a\u5750\u843d\u65bc\u8056\u6731\u5229\u5b89\u6cd5\u5b9a\u7522\u5340\uff0c\u64c1\u6709\u5bcc\u542b\u792b\u77f3\u3001\u4e0b\u65b9\u70ba\u9ecf\u571f\u7684\u6df1\u539a\u571f\u58e4\uff0c\u70ba\u5361\u672c\u5167\u8607\u7dad\u6fc3\u7684\u751f\u9577\u63d0\u4f9b\u4e86\u7406\u60f3\u7684\u6392\u6c34\u689d\u4ef6\u3002\u53d7\u5409\u502b\u7279\u6cb3\u53e3\u5f71\u97ff\u7684\u6d77\u6d0b\u6027\u6c23\u5019\uff0c\u4f7f\u8461\u8404\u7de9\u6162\u800c\u5747\u52fb\u5730\u6210\u719f\uff0c\u6709\u52a9\u65bc\u63d0\u5347\u8461\u8404\u9152\u7684\u5e73\u8861\u611f\u8207\u82b3\u9999\u7684\u8907\u96dc\u5ea6\u3002.<\/p>\n<hr \/>\n<\/div>\n<div class=\"wine-section\">\n<h3>\u91c0\u9020\u5de5\u85dd<\/h3>\n<p>\u8461\u8404\u63a1\u7528\u624b\u5de5\u63a1\u6458\u4e26\u7cbe\u5fc3\u6311\u9078\u3002\u767c\u9175\u5728\u6eab\u63a7\u4e0d\u93fd\u92fc\u7f50\u4e2d\u9032\u884c\uff0c\u96a8\u5f8c\u65bc\u6cd5\u570b\u6a61\u6728\u6876\u4e2d\u9673\u91c0\uff08\u7d04 50% \u65b0\u6876\uff09\uff0c\u9673\u91c0\u6642\u9593\u70ba 18 \u81f3 20 \u500b\u6708\u3002\u9019\u7a2e\u50b3\u7d71\u7684\u6ce2\u723e\u591a\u91c0\u9152\u65b9\u5f0f\u78ba\u4fdd\u4e86\u9152\u9ad4\u7684\u7d50\u69cb\u3001\u6df1\u5ea6\u4ee5\u53ca\u512a\u96c5\u9673\u5e74\u7684\u6f5b\u529b\u3002.<\/p>\n<hr \/>\n<\/div>\n<div class=\"wine-section\">\n<h3>\u54c1\u98f2\u7b46\u8a18<\/h3>\n<p>2009 \u5e74\u4efd\u7684 Clos du Marquis \u5448\u73fe\u6df1\u67d8\u69b4\u77f3\u8272\u6fa4\uff0c\u5e36\u6709\u7d05\u5bf6\u77f3\u8272\u7684\u5149\u6fa4\u3002\u9999\u6c23\u8c50\u5bcc\u4e14\u512a\u96c5\uff0c\u6563\u767c\u51fa\u9ed1\u918b\u6817\u3001\u9ed1\u8393\u3001\u674e\u5b50\u3001\u96ea\u677e\u548c\u77f3\u58a8\u7684\u9999\u6c23\uff0c\u4e26\u4f34\u6709\u7159\u8349\u3001\u7d2b\u7f85\u862d\u548c\u751c\u9999\u6599\u7684\u6c23\u606f\u3002\u53e3\u611f\u4e0a\uff0c\u6b64\u9152\u9152\u9ad4\u98fd\u6eff\uff0c\u7d50\u69cb\u7d2e\u5be6\u4e14\u67d4\u6ed1\uff0c\u55ae\u5be7\u6210\u719f\u5713\u6f64\uff0c\u9178\u5ea6\u5e73\u8861\u3002\u9918\u97fb\u60a0\u9577\u4e14\u6301\u4e45\uff0c\u5c55\u73fe\u51fa\u5c64\u5c64\u758a\u758a\u7684\u6df1\u8272\u6c34\u679c\u3001\u6ce5\u571f\u6c23\u606f\u548c\u4e00\u7d72\u7926\u7269\u611f\u3002\u9019\u662f\u4e00\u6b3e\u7d93\u5178\u7684\u8056\u6731\u5229\u5b89\u8461\u8404\u9152\uff0c\u517c\u5177\u529b\u91cf\u8207\u7cbe\u7dfb\uff0c\u73fe\u98f2\u6b63\u4f73\uff0c\u4ea6\u80fd\u9032\u4e00\u6b65\u7a96\u85cf\u3002.<\/p>\n<p class=\"wine-highlight\">\u4e00\u6b3e\u7d50\u69cb\u7cbe\u7dfb\u3001\u512a\u96c5\u7684\u6ce2\u723e\u591a\u540d\u9152\uff0c\u4f86\u81ea\u9802\u7d1a\u5e74\u4efd\u2014\u5e73\u8861\u3001\u8907\u96dc\u4e14\u7d93\u5f97\u8d77\u6642\u9593\u8003\u9a57\uff0c\u5c55\u73fe\u4e86\u8056\u6731\u5229\u5b89\u7684\u8cb4\u65cf\u6c23\u606f\u3002.<\/p>\n<hr \/>\n<\/div>\n<div class=\"wine-section\">\n<h3>\u9910\u9152\u642d\u914d<\/h3>\n<p>\u9069\u5408\u642d\u914d\u70e4\u808b\u773c\u725b\u6392\u3001\u70e4\u7f8a\u8089\u3001\u9d28\u80f8\u3001\u9e7f\u8089\u6216\u719f\u6210\u8d77\u53f8\uff0c\u5982\u5b54\u6cf0\u8d77\u53f8\u548c\u5e15\u746a\u68ee\u8d77\u53f8\u3002.<\/p>\n<\/div>\n<\/div>\n<p><!-- .vgblk-rw-wrapper --><\/p>","protected":false},"excerpt":{"rendered":"<p>Color: Red Alcohol: 13.5% vol. Grape Variety: Cabernet Sauvignon, Merlot, Cabernet Franc, Petit Verdot Bottle Size: 75 cl Domaine History Created in the early 20th century, **Clos du Marquis** originates from the historic vineyard plots of Ch\u00e2teau L\u00e9oville Las Cases in Saint-Julien. Though often considered the second wine of L\u00e9oville Las Cases, Clos du Marquis&#8230;<\/p>","protected":false},"featured_media":988619,"comment_status":"open","ping_status":"closed","template":"","meta":[],"product_brand":[],"product_cat":[139,63],"product_tag":[150,151,157,218,304],"class_list":{"0":"post-990591","1":"product","2":"type-product","3":"status-publish","4":"has-post-thumbnail","6":"product_cat-bordeaux","7":"product_cat-red","8":"product_tag-cabernet-franc","9":"product_tag-cabernet-sauvignon","10":"product_tag-merlot","11":"product_tag-petit-verdot","12":"product_tag-saint-julien","14":"first","15":"instock","16":"shipping-taxable","17":"product-type-simple"},"yoast_head":"<!-- This site is optimized with the Yoast SEO Premium plugin v27.2 (Yoast SEO v27.3) - https:\/\/yoast.com\/product\/yoast-seo-premium-wordpress\/ -->\n<title>Clos du Marquis Saint-Julien 2009 - Vavin \u9152\u76d2\u5b50<\/title>\n<meta name=\"description\" content=\"Discover Clos du Marquis Saint-Julien 2009\u2014a structured and elegant Bordeaux with black fruit, cedar, and spice notes. Silky tannins and great aging potential from one of Saint-Julien\u2019s finest terroirs. Perfect with lamb, duck, or aged cheeses.\" \/>\n<meta name=\"robots\" content=\"index, follow, max-snippet:-1, max-image-preview:large, max-video-preview:-1\" \/>\n<link rel=\"canonical\" href=\"https:\/\/vavin.tw\/zh_tw\/product\/2009-\u6ce2\u723e\u591a\u8056\u6731\u5229\u5b89\u7522\u5340-clos-du-marquis\/\" \/>\n<meta property=\"og:locale\" content=\"zh_TW\" \/>\n<meta property=\"og:type\" content=\"article\" \/>\n<meta property=\"og:title\" content=\"Clos du Marquis Saint-Julien 2009\" \/>\n<meta property=\"og:description\" content=\"Discover Clos du Marquis Saint-Julien 2009\u2014a structured and elegant Bordeaux with black fruit, cedar, and spice notes. Silky tannins and great aging potential from one of Saint-Julien\u2019s finest terroirs. Perfect with lamb, duck, or aged cheeses.\" \/>\n<meta property=\"og:url\" content=\"https:\/\/vavin.tw\/zh_tw\/product\/2009-\u6ce2\u723e\u591a\u8056\u6731\u5229\u5b89\u7522\u5340-clos-du-marquis\/\" \/>\n<meta property=\"og:site_name\" content=\"Vavin \u9152\u76d2\u5b50\" \/>\n<meta property=\"article:publisher\" content=\"https:\/\/www.facebook.com\/vavintw\" \/>\n<meta property=\"article:modified_time\" content=\"2025-04-27T12:46:38+00:00\" \/>\n<meta property=\"og:image\" content=\"https:\/\/vavin.tw\/wp-content\/uploads\/2023\/03\/Saint-Julien-Clos-du-Marquis-2009.png\" \/>\n\t<meta property=\"og:image:width\" content=\"400\" \/>\n\t<meta property=\"og:image:height\" content=\"600\" \/>\n\t<meta property=\"og:image:type\" content=\"image\/png\" \/>\n<meta name=\"twitter:card\" content=\"summary_large_image\" \/>\n<meta name=\"twitter:label1\" content=\"\u9810\u4f30\u95b1\u8b80\u6642\u9593\" \/>\n\t<meta name=\"twitter:data1\" content=\"2 \u5206\u9418\" \/>\n<script type=\"application\/ld+json\" class=\"yoast-schema-graph\">{\"@context\":\"https:\\\/\\\/schema.org\",\"@graph\":[{\"@type\":\"WebPage\",\"@id\":\"https:\\\/\\\/vavin.tw\\\/product\\\/clos-du-marquis-saint-julien-2009\\\/\",\"url\":\"https:\\\/\\\/vavin.tw\\\/product\\\/clos-du-marquis-saint-julien-2009\\\/\",\"name\":\"Clos du Marquis Saint-Julien 2009 - Vavin \u9152\u76d2\u5b50\",\"isPartOf\":{\"@id\":\"https:\\\/\\\/vavin.tw\\\/#website\"},\"primaryImageOfPage\":{\"@id\":\"https:\\\/\\\/vavin.tw\\\/product\\\/clos-du-marquis-saint-julien-2009\\\/#primaryimage\"},\"image\":{\"@id\":\"https:\\\/\\\/vavin.tw\\\/product\\\/clos-du-marquis-saint-julien-2009\\\/#primaryimage\"},\"thumbnailUrl\":\"https:\\\/\\\/vavin.tw\\\/wp-content\\\/uploads\\\/2023\\\/03\\\/Saint-Julien-Clos-du-Marquis-2009.png\",\"datePublished\":\"2023-04-11T09:59:22+00:00\",\"dateModified\":\"2025-04-27T12:46:38+00:00\",\"description\":\"Discover Clos du Marquis Saint-Julien 2009\u2014a structured and elegant Bordeaux with black fruit, cedar, and spice notes. Silky tannins and great aging potential from one of Saint-Julien\u2019s finest terroirs. Perfect with lamb, duck, or aged cheeses.\",\"breadcrumb\":{\"@id\":\"https:\\\/\\\/vavin.tw\\\/product\\\/clos-du-marquis-saint-julien-2009\\\/#breadcrumb\"},\"inLanguage\":\"zh-TW\",\"potentialAction\":[{\"@type\":\"ReadAction\",\"target\":[\"https:\\\/\\\/vavin.tw\\\/product\\\/clos-du-marquis-saint-julien-2009\\\/\"]}]},{\"@type\":\"ImageObject\",\"inLanguage\":\"zh-TW\",\"@id\":\"https:\\\/\\\/vavin.tw\\\/product\\\/clos-du-marquis-saint-julien-2009\\\/#primaryimage\",\"url\":\"https:\\\/\\\/vavin.tw\\\/wp-content\\\/uploads\\\/2023\\\/03\\\/Saint-Julien-Clos-du-Marquis-2009.png\",\"contentUrl\":\"https:\\\/\\\/vavin.tw\\\/wp-content\\\/uploads\\\/2023\\\/03\\\/Saint-Julien-Clos-du-Marquis-2009.png\",\"width\":400,\"height\":600},{\"@type\":\"BreadcrumbList\",\"@id\":\"https:\\\/\\\/vavin.tw\\\/product\\\/clos-du-marquis-saint-julien-2009\\\/#breadcrumb\",\"itemListElement\":[{\"@type\":\"ListItem\",\"position\":1,\"name\":\"Home\",\"item\":\"https:\\\/\\\/vavin.tw\\\/\"},{\"@type\":\"ListItem\",\"position\":2,\"name\":\"Products\",\"item\":\"https:\\\/\\\/vavin.tw\\\/shop\\\/\"},{\"@type\":\"ListItem\",\"position\":3,\"name\":\"Clos du Marquis Saint-Julien 2009\"}]},{\"@type\":\"WebSite\",\"@id\":\"https:\\\/\\\/vavin.tw\\\/#website\",\"url\":\"https:\\\/\\\/vavin.tw\\\/\",\"name\":\"Vavin \u9152\u76d2\u5b50\",\"description\":\"Savor the Art of Wine\",\"publisher\":{\"@id\":\"https:\\\/\\\/vavin.tw\\\/#organization\"},\"potentialAction\":[{\"@type\":\"SearchAction\",\"target\":{\"@type\":\"EntryPoint\",\"urlTemplate\":\"https:\\\/\\\/vavin.tw\\\/?s={search_term_string}\"},\"query-input\":{\"@type\":\"PropertyValueSpecification\",\"valueRequired\":true,\"valueName\":\"search_term_string\"}}],\"inLanguage\":\"zh-TW\"},{\"@type\":\"Organization\",\"@id\":\"https:\\\/\\\/vavin.tw\\\/#organization\",\"name\":\"Vavin \u9152\u76d2\u5b50\",\"url\":\"https:\\\/\\\/vavin.tw\\\/\",\"logo\":{\"@type\":\"ImageObject\",\"inLanguage\":\"zh-TW\",\"@id\":\"https:\\\/\\\/vavin.tw\\\/#\\\/schema\\\/logo\\\/image\\\/\",\"url\":\"https:\\\/\\\/vavin.tw\\\/wp-content\\\/uploads\\\/2023\\\/03\\\/cropped-favicon-violet-v1.png\",\"contentUrl\":\"https:\\\/\\\/vavin.tw\\\/wp-content\\\/uploads\\\/2023\\\/03\\\/cropped-favicon-violet-v1.png\",\"width\":512,\"height\":512,\"caption\":\"Vavin \u9152\u76d2\u5b50\"},\"image\":{\"@id\":\"https:\\\/\\\/vavin.tw\\\/#\\\/schema\\\/logo\\\/image\\\/\"},\"sameAs\":[\"https:\\\/\\\/www.facebook.com\\\/vavintw\",\"https:\\\/\\\/www.instagram.com\\\/vavin_tw\"]}]}<\/script>\n<!-- \/ Yoast SEO Premium plugin. -->","yoast_head_json":{"title":"Clos du Marquis Saint-Julien 2009 - Vavin \u9152\u76d2","description":"\u63a2\u7d22 2009 \u5e74 Clos du Marquis Saint-Julien\uff0d\u4e00\u6b3e\u7d50\u69cb\u826f\u597d\u3001\u512a\u96c5\u7684\u6ce2\u723e\u591a\u8461\u8404\u9152\uff0c\u5e36\u6709\u9ed1\u918b\u6817\u3001\u96ea\u677e\u548c\u9999\u6599\u7684\u9999\u6c23\u3002\u4f86\u81ea\u8056\u6731\u5229\u5b89\u6700\u9802\u7d1a\u98a8\u571f\u7684\u7d72\u6ed1\u55ae\u5be7\u548c\u7d55\u4f73\u7684\u9673\u5e74\u6f5b\u529b\u3002\u975e\u5e38\u9069\u5408\u642d\u914d\u7f8a\u8089\u3001\u9d28\u8089\u6216\u9673\u5e74\u8d77\u53f8\u3002.","robots":{"index":"index","follow":"follow","max-snippet":"max-snippet:-1","max-image-preview":"max-image-preview:large","max-video-preview":"max-video-preview:-1"},"canonical":"https:\/\/vavin.tw\/zh_tw\/product\/2009-\u6ce2\u723e\u591a\u8056\u6731\u5229\u5b89\u7522\u5340-clos-du-marquis\/","og_locale":"zh_TW","og_type":"article","og_title":"Clos du Marquis Saint-Julien 2009","og_description":"Discover Clos du Marquis Saint-Julien 2009\u2014a structured and elegant Bordeaux with black fruit, cedar, and spice notes. Silky tannins and great aging potential from one of Saint-Julien\u2019s finest terroirs. Perfect with lamb, duck, or aged cheeses.","og_url":"https:\/\/vavin.tw\/zh_tw\/product\/2009-\u6ce2\u723e\u591a\u8056\u6731\u5229\u5b89\u7522\u5340-clos-du-marquis\/","og_site_name":"Vavin \u9152\u76d2\u5b50","article_publisher":"https:\/\/www.facebook.com\/vavintw","article_modified_time":"2025-04-27T12:46:38+00:00","og_image":[{"width":400,"height":600,"url":"https:\/\/vavin.tw\/wp-content\/uploads\/2023\/03\/Saint-Julien-Clos-du-Marquis-2009.png","type":"image\/png"}],"twitter_card":"summary_large_image","twitter_misc":{"\u9810\u4f30\u95b1\u8b80\u6642\u9593":"2 \u5206\u9418"},"schema":{"@context":"https:\/\/schema.org","@graph":[{"@type":"WebPage","@id":"https:\/\/vavin.tw\/product\/clos-du-marquis-saint-julien-2009\/","url":"https:\/\/vavin.tw\/product\/clos-du-marquis-saint-julien-2009\/","name":"Clos du Marquis Saint-Julien 2009 - Vavin \u9152\u76d2","isPartOf":{"@id":"https:\/\/vavin.tw\/#website"},"primaryImageOfPage":{"@id":"https:\/\/vavin.tw\/product\/clos-du-marquis-saint-julien-2009\/#primaryimage"},"image":{"@id":"https:\/\/vavin.tw\/product\/clos-du-marquis-saint-julien-2009\/#primaryimage"},"thumbnailUrl":"https:\/\/vavin.tw\/wp-content\/uploads\/2023\/03\/Saint-Julien-Clos-du-Marquis-2009.png","datePublished":"2023-04-11T09:59:22+00:00","dateModified":"2025-04-27T12:46:38+00:00","description":"\u63a2\u7d22 2009 \u5e74 Clos du Marquis Saint-Julien\uff0d\u4e00\u6b3e\u7d50\u69cb\u826f\u597d\u3001\u512a\u96c5\u7684\u6ce2\u723e\u591a\u8461\u8404\u9152\uff0c\u5e36\u6709\u9ed1\u918b\u6817\u3001\u96ea\u677e\u548c\u9999\u6599\u7684\u9999\u6c23\u3002\u4f86\u81ea\u8056\u6731\u5229\u5b89\u6700\u9802\u7d1a\u98a8\u571f\u7684\u7d72\u6ed1\u55ae\u5be7\u548c\u7d55\u4f73\u7684\u9673\u5e74\u6f5b\u529b\u3002\u975e\u5e38\u9069\u5408\u642d\u914d\u7f8a\u8089\u3001\u9d28\u8089\u6216\u9673\u5e74\u8d77\u53f8\u3002.","breadcrumb":{"@id":"https:\/\/vavin.tw\/product\/clos-du-marquis-saint-julien-2009\/#breadcrumb"},"inLanguage":"zh-TW","potentialAction":[{"@type":"ReadAction","target":["https:\/\/vavin.tw\/product\/clos-du-marquis-saint-julien-2009\/"]}]},{"@type":"ImageObject","inLanguage":"zh-TW","@id":"https:\/\/vavin.tw\/product\/clos-du-marquis-saint-julien-2009\/#primaryimage","url":"https:\/\/vavin.tw\/wp-content\/uploads\/2023\/03\/Saint-Julien-Clos-du-Marquis-2009.png","contentUrl":"https:\/\/vavin.tw\/wp-content\/uploads\/2023\/03\/Saint-Julien-Clos-du-Marquis-2009.png","width":400,"height":600},{"@type":"BreadcrumbList","@id":"https:\/\/vavin.tw\/product\/clos-du-marquis-saint-julien-2009\/#breadcrumb","itemListElement":[{"@type":"ListItem","position":1,"name":"Home","item":"https:\/\/vavin.tw\/"},{"@type":"ListItem","position":2,"name":"Products","item":"https:\/\/vavin.tw\/shop\/"},{"@type":"ListItem","position":3,"name":"Clos du Marquis Saint-Julien 2009"}]},{"@type":"WebSite","@id":"https:\/\/vavin.tw\/#website","url":"https:\/\/vavin.tw\/","name":"Vavin \u9152\u76d2\u5b50","description":"\u54c1\u5473\u8461\u8404\u9152\u7684\u85dd\u8853","publisher":{"@id":"https:\/\/vavin.tw\/#organization"},"potentialAction":[{"@type":"SearchAction","target":{"@type":"EntryPoint","urlTemplate":"https:\/\/vavin.tw\/?s={search_term_string}"},"query-input":{"@type":"PropertyValueSpecification","valueRequired":true,"valueName":"search_term_string"}}],"inLanguage":"zh-TW"},{"@type":"Organization","@id":"https:\/\/vavin.tw\/#organization","name":"Vavin \u9152\u76d2\u5b50","url":"https:\/\/vavin.tw\/","logo":{"@type":"ImageObject","inLanguage":"zh-TW","@id":"https:\/\/vavin.tw\/#\/schema\/logo\/image\/","url":"https:\/\/vavin.tw\/wp-content\/uploads\/2023\/03\/cropped-favicon-violet-v1.png","contentUrl":"https:\/\/vavin.tw\/wp-content\/uploads\/2023\/03\/cropped-favicon-violet-v1.png","width":512,"height":512,"caption":"Vavin \u9152\u76d2\u5b50"},"image":{"@id":"https:\/\/vavin.tw\/#\/schema\/logo\/image\/"},"sameAs":["https:\/\/www.facebook.com\/vavintw","https:\/\/www.instagram.com\/vavin_tw"]}]}},"_links":{"self":[{"href":"https:\/\/vavin.tw\/zh_tw\/wp-json\/wp\/v2\/product\/990591","targetHints":{"allow":["GET"]}}],"collection":[{"href":"https:\/\/vavin.tw\/zh_tw\/wp-json\/wp\/v2\/product"}],"about":[{"href":"https:\/\/vavin.tw\/zh_tw\/wp-json\/wp\/v2\/types\/product"}],"replies":[{"embeddable":true,"href":"https:\/\/vavin.tw\/zh_tw\/wp-json\/wp\/v2\/comments?post=990591"}],"version-history":[{"count":0,"href":"https:\/\/vavin.tw\/zh_tw\/wp-json\/wp\/v2\/product\/990591\/revisions"}],"wp:featuredmedia":[{"embeddable":true,"href":"https:\/\/vavin.tw\/zh_tw\/wp-json\/wp\/v2\/media\/988619"}],"wp:attachment":[{"href":"https:\/\/vavin.tw\/zh_tw\/wp-json\/wp\/v2\/media?parent=990591"}],"wp:term":[{"taxonomy":"product_brand","embeddable":true,"href":"https:\/\/vavin.tw\/zh_tw\/wp-json\/wp\/v2\/product_brand?post=990591"},{"taxonomy":"product_cat","embeddable":true,"href":"https:\/\/vavin.tw\/zh_tw\/wp-json\/wp\/v2\/product_cat?post=990591"},{"taxonomy":"product_tag","embeddable":true,"href":"https:\/\/vavin.tw\/zh_tw\/wp-json\/wp\/v2\/product_tag?post=990591"}],"curies":[{"name":"WP","href":"https:\/\/api.w.org\/{rel}","templated":true}]}}