{"id":990701,"date":"2023-04-11T18:00:10","date_gmt":"2023-04-11T10:00:10","guid":{"rendered":"https:\/\/v2.vavin.tw\/product\/echezaux-grand-cru-jacques-prieur-2018\/"},"modified":"2025-04-27T14:19:15","modified_gmt":"2025-04-27T06:19:15","slug":"%e9%9b%85%e5%85%8b%c2%b7%e6%99%ae%e9%87%8c%e5%8e%84-%e8%89%be%e9%9b%aa%e4%bd%90-%e7%89%b9%e7%ba%a7%e7%94%b0-2018","status":"publish","type":"product","link":"https:\/\/vavin.tw\/zh_tw\/product\/jacques-prieur-echezaux-grand-cru-2018\/","title":{"rendered":"\u96c5\u514b\u00b7\u76ae\u512a \u827e\u96ea\u7d22\u7279\u7279\u7d1a\u5712 2018"},"content":{"rendered":"<div class=\"vgblk-rw-wrapper limit-wrapper\">\n<div class=\"wine-info\"><strong>\u985e\u5225\uff1a<\/strong> \u7d05\u9152<br \/>\n<strong>\u9152\u7cbe\u6fc3\u5ea6\uff1a<\/strong> 13.5% \u5377.<br \/>\n<strong>\u8461\u8404\u54c1\u7a2e\uff1a<\/strong> 100% \u9ed1\u76ae\u8afe<br \/>\n<strong>\u5bb9\u91cf\uff1a<\/strong> 750\u6beb\u5347<\/div>\n<hr \/>\n<div class=\"wine-section\">\n<h3>\u9152\u838a\u6b77\u53f2<\/h3>\n<p>Jacques Prieur**\u9152\u838a\u5275\u7acb\u65bc1868\u5e74\uff0c\u662f\u52c3\u826e\u7b2c\u5c11\u6578\u540c\u6642\u64c1\u6709C\u00f4te de Beaune\u548cC\u00f4te de Nuits\u5169\u500b\u7279\u7d1a\u8461\u8404\u5712\u7684\u9152\u838a\u4e4b\u4e00\u3002\u00c9chezeaux\u7279\u7d1a\u8461\u8404\u5712**\u4f4d\u65bc Vosne-Roman\u00e9e \u7522\u5340\u7684\u5fc3\u81df\u5730\u5e36\uff0c\u56e0\u5176\u5728\u529b\u91cf\u3001\u7d30\u7dfb\u5ea6\u548c\u82b3\u9999\u8907\u96dc\u5ea6\u4e4b\u9593\u7684\u5e73\u8861\u800c\u812b\u7a4e\u800c\u51fa\uff0c\u9019\u662f\u9019\u4e00\u6b77\u53f2\u6027\u6c23\u5019\u5340\u57df\u7684\u6a19\u8a8c\u3002.<\/p>\n<hr \/>\n<\/div>\n<div class=\"wine-section\">\n<h3>\u98a8\u571f\u689d\u4ef6<\/h3>\n<p>\u00c9chezeaux\u7279\u7d1a\u8461\u8404\u5712**\u4f4d\u65bc Clos de Vougeot \u4e0b\u65b9\uff0c\u571f\u58e4\u70ba\u6392\u6c34\u826f\u597d\u7684\u77f3\u7070\u8cea\u9ecf\u571f\u3002\u8a72\u8461\u8404\u5712\u4f4d\u65bc Clos de Vougeot \u4e0b\u65b9\uff0c\u571f\u58e4\u70ba\u6392\u6c34\u6027\u826f\u597d\u7684\u9ecf\u571f\u77f3\u7070\u571f\uff0c\u5411\u6771\u5357\u5ef6\u4f38\uff0c\u5761\u5ea6\u5e73\u7de9\uff0c\u53ef\u8b93\u9ed1\u76ae\u8afe\u8461\u8404\u9054\u5230\u5b8c\u7f8e\u7684\u6210\u719f\u5ea6\uff0c\u91c0\u9020\u51fa\u5177\u6709\u6df1\u5ea6\u3001\u7d50\u69cb\u548c\u975e\u51e1\u512a\u96c5\u7684\u8461\u8404\u9152\u3002.<\/p>\n<hr \/>\n<\/div>\n<div class=\"wine-section\">\n<h3>\u54c1\u98f2\u7b46\u8a18<\/h3>\n<p>\u5448\u6df1\u7d05\u5bf6\u77f3\u8272\uff0c\u53cd\u5149\u660e\u4eae\u3002\u9152\u9999\u8c50\u5bcc\u800c\u8907\u96dc\uff0c\u5e36\u6709\u9ed1\u6afb\u6843\u3001\u9ed1\u8393\u3001\u7d2b\u7f85\u862d\u548c\u751c\u9999\u6599\u7684\u82b3\u9999\uff0c\u4ee5\u53ca\u6de1\u6de1\u7684\u704c\u6728\u9999\u3002\u53e3\u611f\u8c50\u539a\u67d4\u9806\uff0c\u55ae\u5be7\u7d30\u7dfb\uff0c\u9178\u5ea6\u6e05\u65b0\uff0c\u9918\u97fb\u60a0\u9577\u512a\u96c5\uff0c\u7926\u7269\u548c\u82b1\u9999\u66f4\u589e\u6dfb\u4e86\u97fb\u5473\u3002.<\/p>\n<p class=\"wine-highlight\">\u4e00\u6b3e\u7cbe\u7dfb\u4e14\u7d50\u69cb\u5206\u660e\u7684 \u00c9chezeaux Grand Cru \u2014 \u7d50\u5408\u4e86\u82b3\u9999\u7684\u8c50\u5bcc\u5ea6\u3001\u5e73\u8861\u611f\u8207\u9673\u5e74\u6f5b\u529b\uff0c\u7531 Domaine Jacques Prieur \u7cbe\u5fc3\u91c0\u9020\u3002.<\/p>\n<hr \/>\n<\/div>\n<div class=\"wine-section\">\n<h3>\u9910\u9152\u642d\u914d<\/h3>\n<p>\u6700\u9069\u5408\u642d\u914d\u9d28\u80f8\u8089\u3001\u70e4\u7f8a\u8089\u3001\u9e7f\u8089\uff0c\u6216 Comt\u00e9 \u548c \u00c9poisses \u7b49\u9673\u5e74\u4e73\u916a\u3002\u4e5f\u662f\u7279\u6b8a\u5834\u5408\u548c\u7a96\u85cf\u7684\u7406\u60f3\u9078\u64c7\u3002.<\/p>\n<\/div>\n<\/div>\n<p><!-- .vgblk-rw-wrapper --><\/p>","protected":false},"excerpt":{"rendered":"<p>Color: Red Alcohol: 13.5% vol. Grape Variety: 100% Pinot Noir Bottle Size: 75 cl Estate History Established in 1868, **Domaine Jacques Prieur** is one of Burgundy\u2019s rare domaines with vineyard holdings across both C\u00f4te de Beaune and C\u00f4te de Nuits Grands Crus. The **\u00c9chezeaux Grand Cru**, located in the heart of the Vosne-Roman\u00e9e appellation, stands&#8230;<\/p>","protected":false},"featured_media":995100,"comment_status":"open","ping_status":"closed","template":"","meta":[],"product_brand":[],"product_cat":[135,63],"product_tag":[353,146],"class_list":{"0":"post-990701","1":"product","2":"type-product","3":"status-publish","4":"has-post-thumbnail","6":"product_cat-burgundy","7":"product_cat-red","8":"product_tag-echezaux","9":"product_tag-pinot-noir","11":"first","12":"instock","13":"shipping-taxable","14":"product-type-simple"},"yoast_head":"<!-- This site is optimized with the Yoast SEO Premium plugin v27.2 (Yoast SEO v27.3) - https:\/\/yoast.com\/product\/yoast-seo-premium-wordpress\/ -->\n<title>Jacques Prieur Echezaux Grand Cru 2018 - Vavin \u9152\u76d2\u5b50<\/title>\n<meta name=\"description\" content=\"Jacques Prieur \u00c9chezeaux Grand Cru 2018 \u2014 a structured and elegant Burgundy Pinot Noir with cherry, violet, spice, and earthy notes. Silky tannins and long finish. Ideal with duck, lamb, or aged cheeses. Great aging potential.\" \/>\n<meta name=\"robots\" content=\"index, follow, max-snippet:-1, max-image-preview:large, max-video-preview:-1\" \/>\n<link rel=\"canonical\" href=\"https:\/\/vavin.tw\/zh_tw\/product\/\u96c5\u514b\u00b7\u666e\u91cc\u5384-\u827e\u96ea\u4f50-\u7279\u7ea7\u7530-2018\/\" \/>\n<meta property=\"og:locale\" content=\"zh_TW\" \/>\n<meta property=\"og:type\" content=\"article\" \/>\n<meta property=\"og:title\" content=\"Jacques Prieur Echezaux Grand Cru 2018\" \/>\n<meta property=\"og:description\" content=\"Jacques Prieur \u00c9chezeaux Grand Cru 2018 \u2014 a structured and elegant Burgundy Pinot Noir with cherry, violet, spice, and earthy notes. Silky tannins and long finish. Ideal with duck, lamb, or aged cheeses. Great aging potential.\" \/>\n<meta property=\"og:url\" content=\"https:\/\/vavin.tw\/zh_tw\/product\/\u96c5\u514b\u00b7\u666e\u91cc\u5384-\u827e\u96ea\u4f50-\u7279\u7ea7\u7530-2018\/\" \/>\n<meta property=\"og:site_name\" content=\"Vavin \u9152\u76d2\u5b50\" \/>\n<meta property=\"article:publisher\" content=\"https:\/\/www.facebook.com\/vavintw\" \/>\n<meta property=\"article:modified_time\" content=\"2025-04-27T06:19:15+00:00\" \/>\n<meta property=\"og:image\" content=\"https:\/\/vavin.tw\/wp-content\/uploads\/2023\/04\/Echezaux-Grand-cru-Jacques-Prieur_-1.png\" \/>\n\t<meta property=\"og:image:width\" content=\"400\" \/>\n\t<meta property=\"og:image:height\" content=\"600\" \/>\n\t<meta property=\"og:image:type\" content=\"image\/png\" \/>\n<meta name=\"twitter:card\" content=\"summary_large_image\" \/>\n<meta name=\"twitter:label1\" content=\"\u9810\u4f30\u95b1\u8b80\u6642\u9593\" \/>\n\t<meta name=\"twitter:data1\" content=\"2 \u5206\u9418\" \/>\n<script type=\"application\/ld+json\" class=\"yoast-schema-graph\">{\"@context\":\"https:\\\/\\\/schema.org\",\"@graph\":[{\"@type\":\"WebPage\",\"@id\":\"https:\\\/\\\/vavin.tw\\\/product\\\/jacques-prieur-echezaux-grand-cru-2018\\\/\",\"url\":\"https:\\\/\\\/vavin.tw\\\/product\\\/jacques-prieur-echezaux-grand-cru-2018\\\/\",\"name\":\"Jacques Prieur Echezaux Grand Cru 2018 - Vavin \u9152\u76d2\u5b50\",\"isPartOf\":{\"@id\":\"https:\\\/\\\/vavin.tw\\\/#website\"},\"primaryImageOfPage\":{\"@id\":\"https:\\\/\\\/vavin.tw\\\/product\\\/jacques-prieur-echezaux-grand-cru-2018\\\/#primaryimage\"},\"image\":{\"@id\":\"https:\\\/\\\/vavin.tw\\\/product\\\/jacques-prieur-echezaux-grand-cru-2018\\\/#primaryimage\"},\"thumbnailUrl\":\"https:\\\/\\\/vavin.tw\\\/wp-content\\\/uploads\\\/2023\\\/04\\\/Echezaux-Grand-cru-Jacques-Prieur_-1.png\",\"datePublished\":\"2023-04-11T10:00:10+00:00\",\"dateModified\":\"2025-04-27T06:19:15+00:00\",\"description\":\"Jacques Prieur \u00c9chezeaux Grand Cru 2018 \u2014 a structured and elegant Burgundy Pinot Noir with cherry, violet, spice, and earthy notes. Silky tannins and long finish. Ideal with duck, lamb, or aged cheeses. Great aging potential.\",\"breadcrumb\":{\"@id\":\"https:\\\/\\\/vavin.tw\\\/product\\\/jacques-prieur-echezaux-grand-cru-2018\\\/#breadcrumb\"},\"inLanguage\":\"zh-TW\",\"potentialAction\":[{\"@type\":\"ReadAction\",\"target\":[\"https:\\\/\\\/vavin.tw\\\/product\\\/jacques-prieur-echezaux-grand-cru-2018\\\/\"]}]},{\"@type\":\"ImageObject\",\"inLanguage\":\"zh-TW\",\"@id\":\"https:\\\/\\\/vavin.tw\\\/product\\\/jacques-prieur-echezaux-grand-cru-2018\\\/#primaryimage\",\"url\":\"https:\\\/\\\/vavin.tw\\\/wp-content\\\/uploads\\\/2023\\\/04\\\/Echezaux-Grand-cru-Jacques-Prieur_-1.png\",\"contentUrl\":\"https:\\\/\\\/vavin.tw\\\/wp-content\\\/uploads\\\/2023\\\/04\\\/Echezaux-Grand-cru-Jacques-Prieur_-1.png\",\"width\":400,\"height\":600},{\"@type\":\"BreadcrumbList\",\"@id\":\"https:\\\/\\\/vavin.tw\\\/product\\\/jacques-prieur-echezaux-grand-cru-2018\\\/#breadcrumb\",\"itemListElement\":[{\"@type\":\"ListItem\",\"position\":1,\"name\":\"Home\",\"item\":\"https:\\\/\\\/vavin.tw\\\/\"},{\"@type\":\"ListItem\",\"position\":2,\"name\":\"Products\",\"item\":\"https:\\\/\\\/vavin.tw\\\/shop\\\/\"},{\"@type\":\"ListItem\",\"position\":3,\"name\":\"Jacques Prieur Echezaux Grand Cru 2018\"}]},{\"@type\":\"WebSite\",\"@id\":\"https:\\\/\\\/vavin.tw\\\/#website\",\"url\":\"https:\\\/\\\/vavin.tw\\\/\",\"name\":\"Vavin \u9152\u76d2\u5b50\",\"description\":\"Savor the Art of Wine\",\"publisher\":{\"@id\":\"https:\\\/\\\/vavin.tw\\\/#organization\"},\"potentialAction\":[{\"@type\":\"SearchAction\",\"target\":{\"@type\":\"EntryPoint\",\"urlTemplate\":\"https:\\\/\\\/vavin.tw\\\/?s={search_term_string}\"},\"query-input\":{\"@type\":\"PropertyValueSpecification\",\"valueRequired\":true,\"valueName\":\"search_term_string\"}}],\"inLanguage\":\"zh-TW\"},{\"@type\":\"Organization\",\"@id\":\"https:\\\/\\\/vavin.tw\\\/#organization\",\"name\":\"Vavin \u9152\u76d2\u5b50\",\"url\":\"https:\\\/\\\/vavin.tw\\\/\",\"logo\":{\"@type\":\"ImageObject\",\"inLanguage\":\"zh-TW\",\"@id\":\"https:\\\/\\\/vavin.tw\\\/#\\\/schema\\\/logo\\\/image\\\/\",\"url\":\"https:\\\/\\\/vavin.tw\\\/wp-content\\\/uploads\\\/2023\\\/03\\\/cropped-favicon-violet-v1.png\",\"contentUrl\":\"https:\\\/\\\/vavin.tw\\\/wp-content\\\/uploads\\\/2023\\\/03\\\/cropped-favicon-violet-v1.png\",\"width\":512,\"height\":512,\"caption\":\"Vavin \u9152\u76d2\u5b50\"},\"image\":{\"@id\":\"https:\\\/\\\/vavin.tw\\\/#\\\/schema\\\/logo\\\/image\\\/\"},\"sameAs\":[\"https:\\\/\\\/www.facebook.com\\\/vavintw\",\"https:\\\/\\\/www.instagram.com\\\/vavin_tw\"]}]}<\/script>\n<!-- \/ Yoast SEO Premium plugin. -->","yoast_head_json":{"title":"Jacques Prieur Echezaux Grand Cru 2018 - Vavin \u9152\u76d2\u5b50","description":"\u96c5\u514b\u00b7\u76ae\u8036 (Jacques Prieur) \u4f9d\u745f\u7d22\u7279\u7d1a\u5712 (\u00c9chezeaux Grand Cru) 2018 \u2014 \u4e00\u6b3e\u7d50\u69cb\u611f\u4f73\u4e14\u512a\u96c5\u7684\u52c3\u826e\u7b2c\u9ed1\u76ae\u8afe\uff0c\u5e36\u6709\u6afb\u6843\u3001\u7d2b\u7f85\u862d\u3001\u9999\u6599\u548c\u6ce5\u571f\u7684\u9999\u6c23\u3002\u55ae\u5be7\u67d4\u6ed1\uff0c\u9918\u97fb\u60a0\u9577\u3002\u975e\u5e38\u9069\u5408\u642d\u914d\u9d28\u8089\u3001\u7f8a\u8089\u6216\u9673\u5e74\u8d77\u53f8\u3002\u9673\u5e74\u6f5b\u529b\u4f73\u3002.","robots":{"index":"index","follow":"follow","max-snippet":"max-snippet:-1","max-image-preview":"max-image-preview:large","max-video-preview":"max-video-preview:-1"},"canonical":"https:\/\/vavin.tw\/zh_tw\/product\/\u96c5\u514b\u00b7\u666e\u91cc\u5384-\u827e\u96ea\u4f50-\u7279\u7ea7\u7530-2018\/","og_locale":"zh_TW","og_type":"article","og_title":"Jacques Prieur Echezaux Grand Cru 2018","og_description":"Jacques Prieur \u00c9chezeaux Grand Cru 2018 \u2014 a structured and elegant Burgundy Pinot Noir with cherry, violet, spice, and earthy notes. Silky tannins and long finish. Ideal with duck, lamb, or aged cheeses. Great aging potential.","og_url":"https:\/\/vavin.tw\/zh_tw\/product\/\u96c5\u514b\u00b7\u666e\u91cc\u5384-\u827e\u96ea\u4f50-\u7279\u7ea7\u7530-2018\/","og_site_name":"Vavin \u9152\u76d2\u5b50","article_publisher":"https:\/\/www.facebook.com\/vavintw","article_modified_time":"2025-04-27T06:19:15+00:00","og_image":[{"width":400,"height":600,"url":"https:\/\/vavin.tw\/wp-content\/uploads\/2023\/04\/Echezaux-Grand-cru-Jacques-Prieur_-1.png","type":"image\/png"}],"twitter_card":"summary_large_image","twitter_misc":{"\u9810\u4f30\u95b1\u8b80\u6642\u9593":"2 \u5206\u9418"},"schema":{"@context":"https:\/\/schema.org","@graph":[{"@type":"WebPage","@id":"https:\/\/vavin.tw\/product\/jacques-prieur-echezaux-grand-cru-2018\/","url":"https:\/\/vavin.tw\/product\/jacques-prieur-echezaux-grand-cru-2018\/","name":"Jacques Prieur Echezaux Grand Cru 2018 - Vavin \u9152\u76d2\u5b50","isPartOf":{"@id":"https:\/\/vavin.tw\/#website"},"primaryImageOfPage":{"@id":"https:\/\/vavin.tw\/product\/jacques-prieur-echezaux-grand-cru-2018\/#primaryimage"},"image":{"@id":"https:\/\/vavin.tw\/product\/jacques-prieur-echezaux-grand-cru-2018\/#primaryimage"},"thumbnailUrl":"https:\/\/vavin.tw\/wp-content\/uploads\/2023\/04\/Echezaux-Grand-cru-Jacques-Prieur_-1.png","datePublished":"2023-04-11T10:00:10+00:00","dateModified":"2025-04-27T06:19:15+00:00","description":"\u96c5\u514b\u00b7\u76ae\u8036 (Jacques Prieur) \u4f9d\u745f\u7d22\u7279\u7d1a\u5712 (\u00c9chezeaux Grand Cru) 2018 \u2014 \u4e00\u6b3e\u7d50\u69cb\u611f\u4f73\u4e14\u512a\u96c5\u7684\u52c3\u826e\u7b2c\u9ed1\u76ae\u8afe\uff0c\u5e36\u6709\u6afb\u6843\u3001\u7d2b\u7f85\u862d\u3001\u9999\u6599\u548c\u6ce5\u571f\u7684\u9999\u6c23\u3002\u55ae\u5be7\u67d4\u6ed1\uff0c\u9918\u97fb\u60a0\u9577\u3002\u975e\u5e38\u9069\u5408\u642d\u914d\u9d28\u8089\u3001\u7f8a\u8089\u6216\u9673\u5e74\u8d77\u53f8\u3002\u9673\u5e74\u6f5b\u529b\u4f73\u3002.","breadcrumb":{"@id":"https:\/\/vavin.tw\/product\/jacques-prieur-echezaux-grand-cru-2018\/#breadcrumb"},"inLanguage":"zh-TW","potentialAction":[{"@type":"ReadAction","target":["https:\/\/vavin.tw\/product\/jacques-prieur-echezaux-grand-cru-2018\/"]}]},{"@type":"ImageObject","inLanguage":"zh-TW","@id":"https:\/\/vavin.tw\/product\/jacques-prieur-echezaux-grand-cru-2018\/#primaryimage","url":"https:\/\/vavin.tw\/wp-content\/uploads\/2023\/04\/Echezaux-Grand-cru-Jacques-Prieur_-1.png","contentUrl":"https:\/\/vavin.tw\/wp-content\/uploads\/2023\/04\/Echezaux-Grand-cru-Jacques-Prieur_-1.png","width":400,"height":600},{"@type":"BreadcrumbList","@id":"https:\/\/vavin.tw\/product\/jacques-prieur-echezaux-grand-cru-2018\/#breadcrumb","itemListElement":[{"@type":"ListItem","position":1,"name":"Home","item":"https:\/\/vavin.tw\/"},{"@type":"ListItem","position":2,"name":"Products","item":"https:\/\/vavin.tw\/shop\/"},{"@type":"ListItem","position":3,"name":"Jacques Prieur Echezaux Grand Cru 2018"}]},{"@type":"WebSite","@id":"https:\/\/vavin.tw\/#website","url":"https:\/\/vavin.tw\/","name":"Vavin \u9152\u76d2\u5b50","description":"\u54c1\u5473\u8461\u8404\u9152\u7684\u85dd\u8853","publisher":{"@id":"https:\/\/vavin.tw\/#organization"},"potentialAction":[{"@type":"SearchAction","target":{"@type":"EntryPoint","urlTemplate":"https:\/\/vavin.tw\/?s={search_term_string}"},"query-input":{"@type":"PropertyValueSpecification","valueRequired":true,"valueName":"search_term_string"}}],"inLanguage":"zh-TW"},{"@type":"Organization","@id":"https:\/\/vavin.tw\/#organization","name":"Vavin \u9152\u76d2\u5b50","url":"https:\/\/vavin.tw\/","logo":{"@type":"ImageObject","inLanguage":"zh-TW","@id":"https:\/\/vavin.tw\/#\/schema\/logo\/image\/","url":"https:\/\/vavin.tw\/wp-content\/uploads\/2023\/03\/cropped-favicon-violet-v1.png","contentUrl":"https:\/\/vavin.tw\/wp-content\/uploads\/2023\/03\/cropped-favicon-violet-v1.png","width":512,"height":512,"caption":"Vavin \u9152\u76d2\u5b50"},"image":{"@id":"https:\/\/vavin.tw\/#\/schema\/logo\/image\/"},"sameAs":["https:\/\/www.facebook.com\/vavintw","https:\/\/www.instagram.com\/vavin_tw"]}]}},"_links":{"self":[{"href":"https:\/\/vavin.tw\/zh_tw\/wp-json\/wp\/v2\/product\/990701","targetHints":{"allow":["GET"]}}],"collection":[{"href":"https:\/\/vavin.tw\/zh_tw\/wp-json\/wp\/v2\/product"}],"about":[{"href":"https:\/\/vavin.tw\/zh_tw\/wp-json\/wp\/v2\/types\/product"}],"replies":[{"embeddable":true,"href":"https:\/\/vavin.tw\/zh_tw\/wp-json\/wp\/v2\/comments?post=990701"}],"version-history":[{"count":0,"href":"https:\/\/vavin.tw\/zh_tw\/wp-json\/wp\/v2\/product\/990701\/revisions"}],"wp:featuredmedia":[{"embeddable":true,"href":"https:\/\/vavin.tw\/zh_tw\/wp-json\/wp\/v2\/media\/995100"}],"wp:attachment":[{"href":"https:\/\/vavin.tw\/zh_tw\/wp-json\/wp\/v2\/media?parent=990701"}],"wp:term":[{"taxonomy":"product_brand","embeddable":true,"href":"https:\/\/vavin.tw\/zh_tw\/wp-json\/wp\/v2\/product_brand?post=990701"},{"taxonomy":"product_cat","embeddable":true,"href":"https:\/\/vavin.tw\/zh_tw\/wp-json\/wp\/v2\/product_cat?post=990701"},{"taxonomy":"product_tag","embeddable":true,"href":"https:\/\/vavin.tw\/zh_tw\/wp-json\/wp\/v2\/product_tag?post=990701"}],"curies":[{"name":"WP","href":"https:\/\/api.w.org\/{rel}","templated":true}]}}