{"id":990842,"date":"2023-04-11T18:01:22","date_gmt":"2023-04-11T10:01:22","guid":{"rendered":"https:\/\/v2.vavin.tw\/product\/vallee-du-paradis-pech-de-rozies-domaine-balansa-2020\/"},"modified":"2026-01-01T01:21:47","modified_gmt":"2025-12-31T17:21:47","slug":"%e5%b7%b4%e8%98%ad%e8%96%a9%e5%a4%a9%e5%a0%82%e8%b0%b7%e4%bd%a9%e5%a5%87%e5%be%b7%e7%be%85%e8%a5%bf%e6%96%af%e7%be%85%e8%a8%a5%e6%b2%b3%e7%b4%85%e8%91%a1%e8%90%84%e9%85%92-2020","status":"publish","type":"product","link":"https:\/\/vavin.tw\/zh_tw\/product\/balansa-vallee-du-paradis-pech-de-rozies-rose-2020\/","title":{"rendered":"Balansa \u6b61\u6a02\u5c71\u8c37 \u7f85\u6fa4 2020"},"content":{"rendered":"<div class=\"vgblk-rw-wrapper limit-wrapper\">\n<div class=\"wine-info\"><strong>\u985e\u5225\uff1a<\/strong> \u7c89\u7d05\u9152<br \/>\n<strong>\u9152\u7cbe\u6fc3\u5ea6\uff1a<\/strong> 13% \u5377.<br \/>\n<strong>\u8461\u8404\u54c1\u7a2e\uff1a<\/strong> \u683c\u90a3\u5e0c\u3001\u5e2d\u54c8<br \/>\n<strong>\u5bb9\u91cf\uff1a<\/strong> 750\u6beb\u5347<\/div>\n<hr \/>\n<div class=\"wine-section\">\n<h3>\u9152\u838a\u6b77\u53f2<\/h3>\n<p>Balansa \u662f\u4e00\u5bb6\u4f4d\u65bc\u6717\u683c\u591a\u514b\u6838\u5fc3\u5730\u5e36\u300c\u5929\u5802\u8c37\u300d\uff08Vall\u00e9e du Paradis\uff09\u7684\u5bb6\u65cf\u7d93\u71df\u9152\u838a\u3002\u81f4\u529b\u65bc\u6709\u6a5f\u8207\u751f\u7269\u52d5\u529b\u8fb2\u6cd5\uff0c\u9152\u838a\u63a1\u4f4e\u7522\u91cf\u8207\u624b\u5de5\u63a1\u6536\u65b9\u5f0f\uff0c\u91c0\u9020\u51fa\u5177\u98a8\u571f\u8868\u73fe\u529b\u7684\u8461\u8404\u9152\uff0c\u5fe0\u65bc\u81ea\u7136\u8207\u50b3\u7d71\u3002<\/p>\n<hr \/>\n<\/div>\n<div class=\"wine-section\">\n<h3>\u98a8\u571f\u689d\u4ef6<\/h3>\n<p>\u8461\u8404\u5712\u4f4d\u65bc\u5929\u5802\u8c37\uff08Vall\u00e9e du Paradis\uff09\uff0c\u5750\u843d\u65bc\u77f3\u7070\u5ca9\u8207\u7247\u5ca9\u571f\u58e4\u4e4b\u4e0a\uff0c\u4eab\u6709\u5730\u4e2d\u6d77\u967d\u5149\u8207\u6d77\u98a8\u8abf\u7bc0\u7684\u6dbc\u723d\u6c23\u5019\u3002\u9019\u4e9b\u7406\u60f3\u7684\u81ea\u7136\u689d\u4ef6\u4f7f\u8461\u8404\u5728\u6210\u719f\u5ea6\u3001\u6e05\u65b0\u611f\u8207\u9999\u6c23\u8868\u73fe\u4e4b\u9593\u9054\u5230\u7d55\u4f73\u5e73\u8861\uff0c\u7279\u5225\u9069\u5408\u91c0\u9020\u7c89\u7d05\u9152\u3002<\/p>\n<hr \/>\n<\/div>\n<div class=\"wine-section\">\n<h3>\u54c1\u98f2\u7b46\u8a18<\/h3>\n<p>\u9152\u8272\u5448\u6de1\u9bad\u9b5a\u7c89\u7d05\u8272\u3002\u9999\u6c23\u6e05\u65b0\u8a98\u4eba\uff0c\u5e36\u6709\u91ce\u8349\u8393\u3001\u767d\u6843\u3001\u67d1\u6a58\u76ae\u8207\u7d30\u7dfb\u82b1\u9999\u3002\u53e3\u611f\u6d3b\u6f51\u723d\u53e3\uff0c\u7d05\u8272\u6c34\u679c\u591a\u6c41\uff0c\u9178\u5ea6\u660e\u4eae\uff0c\u6536\u5c3e\u7d14\u6de8\u4e26\u5e36\u6709\u7926\u7269\u611f\u3002<\/p>\n<p class=\"wine-highlight\">\u4f86\u81ea\u5929\u5802\u8c37\uff08Vall\u00e9e du Paradis\uff09\u7684\u4e00\u6b3e\u5145\u6eff\u6d3b\u529b\u4e14\u512a\u96c5\u7684\u7c89\u7d05\u9152 \u2014\u2014 \u6e05\u65b0\u679c\u9999\uff0c\u6700\u9069\u5408\u967d\u5149\u660e\u5a9a\u7684\u6642\u523b\u4eab\u7528\u3002<\/p>\n<hr \/>\n<\/div>\n<div class=\"wine-section\">\n<h3>\u9910\u9152\u642d\u914d<\/h3>\n<p>\u975e\u5e38\u9069\u5408\u4f5c\u70ba\u958b\u80c3\u9152\uff0c\u6216\u642d\u914d\u70ad\u70e4\u9b5a\u3001\u5730\u4e2d\u6d77\u98a8\u5473\u6c99\u62c9\u3001\u58fd\u53f8\u6216\u5c71\u7f8a\u8d77\u53f8\u3002<\/p>\n<\/div>\n<\/div>\n<p><!-- .vgblk-rw-wrapper --><\/p>","protected":false},"excerpt":{"rendered":"<p>Balansa Ros\u00e9 \u662f\u4f86\u81ea\u6cd5\u570b Languedoc \u5929\u5802\u8c37\uff08Vall\u00e9e du Paradis\uff09\u7684\u4e00\u6b3e\u5145\u6eff\u6d3b\u529b\u4e14\u512a\u96c5\u7684\u7c89\u7d05\u9152\uff0c\u7531\u81f4\u529b\u65bc\u6709\u6a5f\u8207\u751f\u7269\u52d5\u529b\u8fb2\u6cd5\u7684\u5bb6\u65cf\u9152\u838a\u91c0\u9020\u3002\u8461\u8404\u7a2e\u690d\u65bc\u77f3\u7070\u5ca9\u8207\u7247\u5ca9\u571f\u58e4\u4e2d\uff0c\u6c90\u6d74\u5728\u5730\u4e2d\u6d77\u7684\u967d\u5149\u4e0b\uff0c\u540c\u6642\u53d7\u5230\u6dbc\u723d\u6d77\u98a8\u7684\u6ecb\u990a\uff0c\u4f7f\u9019\u6b3e\u9152\u5c55\u73fe\u51fa\u65b0\u9bae\u4e14\u679c\u9999\u5c0e\u5411\u7684\u98a8\u683c\u3002<\/p>\n<p class=\"ai-optimize-25\">\u9019\u6b3e\u9152\u5448\u73fe\u7f8e\u9e97\u7684\u6dfa\u9bad\u9b5a\u7c89\u8272\uff0c\u9999\u6c23\u6e05\u65b0\u8a98\u4eba\uff0c\u5e36\u6709\u91ce\u751f\u8349\u8393\u3001\u767d\u6843\u3001\u67d1\u6a58\u76ae\u548c\u7d30\u7dfb\u82b1\u9999\u3002\u53e3\u611f\u6d3b\u6f51\u6e05\u8106\uff0c\u63d0\u4f9b\u591a\u6c41\u7684\u7d05\u8272\u6c34\u679c\u98a8\u5473\u548c\u660e\u4eae\u7684\u9178\u5ea6\uff0c\u4e26\u4ee5\u4e7e\u6de8\u3001\u7926\u7269\u611f\u7684\u98a8\u683c\u6536\u5c3e\u3002\u9019\u6b3e\u512a\u96c5\u3001\u679c\u5473\u6fc3\u90c1\u7684\u7c89\u7d05\u9152\u662f\u4eab\u53d7\u967d\u5149\u6642\u523b\u7684\u5b8c\u7f8e\u9078\u64c7\uff0c\u8207\u70e4\u9b5a\u3001\u58fd\u53f8\u6216\u5c71\u7f8a\u4e73\u916a\u642d\u914d\u6975\u4f73\u3002<\/p>","protected":false},"featured_media":993366,"comment_status":"open","ping_status":"closed","template":"","meta":[],"product_brand":[],"product_cat":[138,109],"product_tag":[156,149],"class_list":{"0":"post-990842","1":"product","2":"type-product","3":"status-publish","4":"has-post-thumbnail","6":"product_cat-languedoc","7":"product_cat-rose","8":"product_tag-grenache","9":"product_tag-syrah","11":"first","12":"instock","13":"shipping-taxable","14":"product-type-simple"},"yoast_head":"<!-- This site is optimized with the Yoast SEO Premium plugin v27.2 (Yoast SEO v27.3) - https:\/\/yoast.com\/product\/yoast-seo-premium-wordpress\/ -->\n<title>Balansa Vall\u00e9e du Paradis Pech de Rozies Rose 2020 - Vavin \u9152\u76d2\u5b50<\/title>\n<meta name=\"description\" content=\"A fresh and natural ros\u00e9 from Vall\u00e9e du Paradis, Balansa Pech de Rozies 2020 offers wild strawberry, citrus, and mineral notes. A pure Grenache expression with vibrant elegance.\" \/>\n<meta name=\"robots\" content=\"index, follow, max-snippet:-1, max-image-preview:large, max-video-preview:-1\" \/>\n<link rel=\"canonical\" href=\"https:\/\/vavin.tw\/zh_tw\/product\/\u5df4\u862d\u85a9\u5929\u5802\u8c37\u4f69\u5947\u5fb7\u7f85\u897f\u65af\u7f85\u8a25\u6cb3\u7d05\u8461\u8404\u9152-2020\/\" \/>\n<meta property=\"og:locale\" content=\"zh_TW\" \/>\n<meta property=\"og:type\" content=\"article\" \/>\n<meta property=\"og:title\" content=\"Balansa Vall\u00e9e du Paradis Pech de Rozies Rose 2020\" \/>\n<meta property=\"og:description\" content=\"A fresh and natural ros\u00e9 from Vall\u00e9e du Paradis, Balansa Pech de Rozies 2020 offers wild strawberry, citrus, and mineral notes. A pure Grenache expression with vibrant elegance.\" \/>\n<meta property=\"og:url\" content=\"https:\/\/vavin.tw\/zh_tw\/product\/\u5df4\u862d\u85a9\u5929\u5802\u8c37\u4f69\u5947\u5fb7\u7f85\u897f\u65af\u7f85\u8a25\u6cb3\u7d05\u8461\u8404\u9152-2020\/\" \/>\n<meta property=\"og:site_name\" content=\"Vavin \u9152\u76d2\u5b50\" \/>\n<meta property=\"article:publisher\" content=\"https:\/\/www.facebook.com\/vavintw\" \/>\n<meta property=\"article:modified_time\" content=\"2025-12-31T17:21:47+00:00\" \/>\n<meta property=\"og:image\" content=\"https:\/\/vavin.tw\/wp-content\/uploads\/2023\/04\/vallee-du-paradis-pech-de-rozies-domaine-balansa-2020.png\" \/>\n\t<meta property=\"og:image:width\" content=\"400\" \/>\n\t<meta property=\"og:image:height\" content=\"600\" \/>\n\t<meta property=\"og:image:type\" content=\"image\/png\" \/>\n<meta name=\"twitter:card\" content=\"summary_large_image\" \/>\n<meta name=\"twitter:label1\" content=\"\u9810\u4f30\u95b1\u8b80\u6642\u9593\" \/>\n\t<meta name=\"twitter:data1\" content=\"1 \u5206\u9418\" \/>\n<script type=\"application\/ld+json\" class=\"yoast-schema-graph\">{\"@context\":\"https:\\\/\\\/schema.org\",\"@graph\":[{\"@type\":\"WebPage\",\"@id\":\"https:\\\/\\\/vavin.tw\\\/product\\\/balansa-vallee-du-paradis-pech-de-rozies-rose-2020\\\/\",\"url\":\"https:\\\/\\\/vavin.tw\\\/product\\\/balansa-vallee-du-paradis-pech-de-rozies-rose-2020\\\/\",\"name\":\"Balansa Vall\u00e9e du Paradis Pech de Rozies Rose 2020 - Vavin \u9152\u76d2\u5b50\",\"isPartOf\":{\"@id\":\"https:\\\/\\\/vavin.tw\\\/#website\"},\"primaryImageOfPage\":{\"@id\":\"https:\\\/\\\/vavin.tw\\\/product\\\/balansa-vallee-du-paradis-pech-de-rozies-rose-2020\\\/#primaryimage\"},\"image\":{\"@id\":\"https:\\\/\\\/vavin.tw\\\/product\\\/balansa-vallee-du-paradis-pech-de-rozies-rose-2020\\\/#primaryimage\"},\"thumbnailUrl\":\"https:\\\/\\\/vavin.tw\\\/wp-content\\\/uploads\\\/2023\\\/04\\\/vallee-du-paradis-pech-de-rozies-domaine-balansa-2020.png\",\"datePublished\":\"2023-04-11T10:01:22+00:00\",\"dateModified\":\"2025-12-31T17:21:47+00:00\",\"description\":\"A fresh and natural ros\u00e9 from Vall\u00e9e du Paradis, Balansa Pech de Rozies 2020 offers wild strawberry, citrus, and mineral notes. A pure Grenache expression with vibrant elegance.\",\"breadcrumb\":{\"@id\":\"https:\\\/\\\/vavin.tw\\\/product\\\/balansa-vallee-du-paradis-pech-de-rozies-rose-2020\\\/#breadcrumb\"},\"inLanguage\":\"zh-TW\",\"potentialAction\":[{\"@type\":\"ReadAction\",\"target\":[\"https:\\\/\\\/vavin.tw\\\/product\\\/balansa-vallee-du-paradis-pech-de-rozies-rose-2020\\\/\"]}]},{\"@type\":\"ImageObject\",\"inLanguage\":\"zh-TW\",\"@id\":\"https:\\\/\\\/vavin.tw\\\/product\\\/balansa-vallee-du-paradis-pech-de-rozies-rose-2020\\\/#primaryimage\",\"url\":\"https:\\\/\\\/vavin.tw\\\/wp-content\\\/uploads\\\/2023\\\/04\\\/vallee-du-paradis-pech-de-rozies-domaine-balansa-2020.png\",\"contentUrl\":\"https:\\\/\\\/vavin.tw\\\/wp-content\\\/uploads\\\/2023\\\/04\\\/vallee-du-paradis-pech-de-rozies-domaine-balansa-2020.png\",\"width\":400,\"height\":600},{\"@type\":\"BreadcrumbList\",\"@id\":\"https:\\\/\\\/vavin.tw\\\/product\\\/balansa-vallee-du-paradis-pech-de-rozies-rose-2020\\\/#breadcrumb\",\"itemListElement\":[{\"@type\":\"ListItem\",\"position\":1,\"name\":\"Home\",\"item\":\"https:\\\/\\\/vavin.tw\\\/\"},{\"@type\":\"ListItem\",\"position\":2,\"name\":\"Products\",\"item\":\"https:\\\/\\\/vavin.tw\\\/shop\\\/\"},{\"@type\":\"ListItem\",\"position\":3,\"name\":\"Balansa Vall\u00e9e du Paradis Pech de Rozies Rose 2020\"}]},{\"@type\":\"WebSite\",\"@id\":\"https:\\\/\\\/vavin.tw\\\/#website\",\"url\":\"https:\\\/\\\/vavin.tw\\\/\",\"name\":\"Vavin \u9152\u76d2\u5b50\",\"description\":\"Savor the Art of Wine\",\"publisher\":{\"@id\":\"https:\\\/\\\/vavin.tw\\\/#organization\"},\"potentialAction\":[{\"@type\":\"SearchAction\",\"target\":{\"@type\":\"EntryPoint\",\"urlTemplate\":\"https:\\\/\\\/vavin.tw\\\/?s={search_term_string}\"},\"query-input\":{\"@type\":\"PropertyValueSpecification\",\"valueRequired\":true,\"valueName\":\"search_term_string\"}}],\"inLanguage\":\"zh-TW\"},{\"@type\":\"Organization\",\"@id\":\"https:\\\/\\\/vavin.tw\\\/#organization\",\"name\":\"Vavin \u9152\u76d2\u5b50\",\"url\":\"https:\\\/\\\/vavin.tw\\\/\",\"logo\":{\"@type\":\"ImageObject\",\"inLanguage\":\"zh-TW\",\"@id\":\"https:\\\/\\\/vavin.tw\\\/#\\\/schema\\\/logo\\\/image\\\/\",\"url\":\"https:\\\/\\\/vavin.tw\\\/wp-content\\\/uploads\\\/2023\\\/03\\\/cropped-favicon-violet-v1.png\",\"contentUrl\":\"https:\\\/\\\/vavin.tw\\\/wp-content\\\/uploads\\\/2023\\\/03\\\/cropped-favicon-violet-v1.png\",\"width\":512,\"height\":512,\"caption\":\"Vavin \u9152\u76d2\u5b50\"},\"image\":{\"@id\":\"https:\\\/\\\/vavin.tw\\\/#\\\/schema\\\/logo\\\/image\\\/\"},\"sameAs\":[\"https:\\\/\\\/www.facebook.com\\\/vavintw\",\"https:\\\/\\\/www.instagram.com\\\/vavin_tw\"]}]}<\/script>\n<!-- \/ Yoast SEO Premium plugin. -->","yoast_head_json":{"title":"Balansa Vall\u00e9e du Paradis Pech de Rozies Rose 2020 - Vavin \u9152\u76d2\u5b50","description":"\u4f86\u81ea\u5929\u5802\u8c37\uff08Vall\u00e9e du Paradis\uff09\u7684\u6e05\u65b0\u81ea\u7136\u9152\uff0cBalansa Pech de Rozies 2020 \u5c55\u73fe\u91ce\u8349\u8393\u3001\u67d1\u6a58\u8207\u7926\u7269\u98a8\u5473\u3002\u7d14\u7cb9\u7684 Grenache \u8a6e\u91cb\uff0c\u5c55\u73fe\u51fa\u660e\u4eae\u800c\u512a\u96c5\u7684\u98a8\u683c\u3002","robots":{"index":"index","follow":"follow","max-snippet":"max-snippet:-1","max-image-preview":"max-image-preview:large","max-video-preview":"max-video-preview:-1"},"canonical":"https:\/\/vavin.tw\/zh_tw\/product\/\u5df4\u862d\u85a9\u5929\u5802\u8c37\u4f69\u5947\u5fb7\u7f85\u897f\u65af\u7f85\u8a25\u6cb3\u7d05\u8461\u8404\u9152-2020\/","og_locale":"zh_TW","og_type":"article","og_title":"Balansa Vall\u00e9e du Paradis Pech de Rozies Rose 2020","og_description":"A fresh and natural ros\u00e9 from Vall\u00e9e du Paradis, Balansa Pech de Rozies 2020 offers wild strawberry, citrus, and mineral notes. A pure Grenache expression with vibrant elegance.","og_url":"https:\/\/vavin.tw\/zh_tw\/product\/\u5df4\u862d\u85a9\u5929\u5802\u8c37\u4f69\u5947\u5fb7\u7f85\u897f\u65af\u7f85\u8a25\u6cb3\u7d05\u8461\u8404\u9152-2020\/","og_site_name":"Vavin \u9152\u76d2\u5b50","article_publisher":"https:\/\/www.facebook.com\/vavintw","article_modified_time":"2025-12-31T17:21:47+00:00","og_image":[{"width":400,"height":600,"url":"https:\/\/vavin.tw\/wp-content\/uploads\/2023\/04\/vallee-du-paradis-pech-de-rozies-domaine-balansa-2020.png","type":"image\/png"}],"twitter_card":"summary_large_image","twitter_misc":{"\u9810\u4f30\u95b1\u8b80\u6642\u9593":"1 \u5206\u9418"},"schema":{"@context":"https:\/\/schema.org","@graph":[{"@type":"WebPage","@id":"https:\/\/vavin.tw\/product\/balansa-vallee-du-paradis-pech-de-rozies-rose-2020\/","url":"https:\/\/vavin.tw\/product\/balansa-vallee-du-paradis-pech-de-rozies-rose-2020\/","name":"Balansa Vall\u00e9e du Paradis Pech de Rozies Rose 2020 - Vavin \u9152\u76d2\u5b50","isPartOf":{"@id":"https:\/\/vavin.tw\/#website"},"primaryImageOfPage":{"@id":"https:\/\/vavin.tw\/product\/balansa-vallee-du-paradis-pech-de-rozies-rose-2020\/#primaryimage"},"image":{"@id":"https:\/\/vavin.tw\/product\/balansa-vallee-du-paradis-pech-de-rozies-rose-2020\/#primaryimage"},"thumbnailUrl":"https:\/\/vavin.tw\/wp-content\/uploads\/2023\/04\/vallee-du-paradis-pech-de-rozies-domaine-balansa-2020.png","datePublished":"2023-04-11T10:01:22+00:00","dateModified":"2025-12-31T17:21:47+00:00","description":"\u4f86\u81ea\u5929\u5802\u8c37\uff08Vall\u00e9e du Paradis\uff09\u7684\u6e05\u65b0\u81ea\u7136\u9152\uff0cBalansa Pech de Rozies 2020 \u5c55\u73fe\u91ce\u8349\u8393\u3001\u67d1\u6a58\u8207\u7926\u7269\u98a8\u5473\u3002\u7d14\u7cb9\u7684 Grenache \u8a6e\u91cb\uff0c\u5c55\u73fe\u51fa\u660e\u4eae\u800c\u512a\u96c5\u7684\u98a8\u683c\u3002","breadcrumb":{"@id":"https:\/\/vavin.tw\/product\/balansa-vallee-du-paradis-pech-de-rozies-rose-2020\/#breadcrumb"},"inLanguage":"zh-TW","potentialAction":[{"@type":"ReadAction","target":["https:\/\/vavin.tw\/product\/balansa-vallee-du-paradis-pech-de-rozies-rose-2020\/"]}]},{"@type":"ImageObject","inLanguage":"zh-TW","@id":"https:\/\/vavin.tw\/product\/balansa-vallee-du-paradis-pech-de-rozies-rose-2020\/#primaryimage","url":"https:\/\/vavin.tw\/wp-content\/uploads\/2023\/04\/vallee-du-paradis-pech-de-rozies-domaine-balansa-2020.png","contentUrl":"https:\/\/vavin.tw\/wp-content\/uploads\/2023\/04\/vallee-du-paradis-pech-de-rozies-domaine-balansa-2020.png","width":400,"height":600},{"@type":"BreadcrumbList","@id":"https:\/\/vavin.tw\/product\/balansa-vallee-du-paradis-pech-de-rozies-rose-2020\/#breadcrumb","itemListElement":[{"@type":"ListItem","position":1,"name":"Home","item":"https:\/\/vavin.tw\/"},{"@type":"ListItem","position":2,"name":"Products","item":"https:\/\/vavin.tw\/shop\/"},{"@type":"ListItem","position":3,"name":"Balansa Vall\u00e9e du Paradis Pech de Rozies Rose 2020"}]},{"@type":"WebSite","@id":"https:\/\/vavin.tw\/#website","url":"https:\/\/vavin.tw\/","name":"Vavin \u9152\u76d2\u5b50","description":"\u54c1\u5473\u8461\u8404\u9152\u7684\u85dd\u8853","publisher":{"@id":"https:\/\/vavin.tw\/#organization"},"potentialAction":[{"@type":"SearchAction","target":{"@type":"EntryPoint","urlTemplate":"https:\/\/vavin.tw\/?s={search_term_string}"},"query-input":{"@type":"PropertyValueSpecification","valueRequired":true,"valueName":"search_term_string"}}],"inLanguage":"zh-TW"},{"@type":"Organization","@id":"https:\/\/vavin.tw\/#organization","name":"Vavin \u9152\u76d2\u5b50","url":"https:\/\/vavin.tw\/","logo":{"@type":"ImageObject","inLanguage":"zh-TW","@id":"https:\/\/vavin.tw\/#\/schema\/logo\/image\/","url":"https:\/\/vavin.tw\/wp-content\/uploads\/2023\/03\/cropped-favicon-violet-v1.png","contentUrl":"https:\/\/vavin.tw\/wp-content\/uploads\/2023\/03\/cropped-favicon-violet-v1.png","width":512,"height":512,"caption":"Vavin \u9152\u76d2\u5b50"},"image":{"@id":"https:\/\/vavin.tw\/#\/schema\/logo\/image\/"},"sameAs":["https:\/\/www.facebook.com\/vavintw","https:\/\/www.instagram.com\/vavin_tw"]}]}},"_links":{"self":[{"href":"https:\/\/vavin.tw\/zh_tw\/wp-json\/wp\/v2\/product\/990842","targetHints":{"allow":["GET"]}}],"collection":[{"href":"https:\/\/vavin.tw\/zh_tw\/wp-json\/wp\/v2\/product"}],"about":[{"href":"https:\/\/vavin.tw\/zh_tw\/wp-json\/wp\/v2\/types\/product"}],"replies":[{"embeddable":true,"href":"https:\/\/vavin.tw\/zh_tw\/wp-json\/wp\/v2\/comments?post=990842"}],"version-history":[{"count":1,"href":"https:\/\/vavin.tw\/zh_tw\/wp-json\/wp\/v2\/product\/990842\/revisions"}],"predecessor-version":[{"id":1006315,"href":"https:\/\/vavin.tw\/zh_tw\/wp-json\/wp\/v2\/product\/990842\/revisions\/1006315"}],"wp:featuredmedia":[{"embeddable":true,"href":"https:\/\/vavin.tw\/zh_tw\/wp-json\/wp\/v2\/media\/993366"}],"wp:attachment":[{"href":"https:\/\/vavin.tw\/zh_tw\/wp-json\/wp\/v2\/media?parent=990842"}],"wp:term":[{"taxonomy":"product_brand","embeddable":true,"href":"https:\/\/vavin.tw\/zh_tw\/wp-json\/wp\/v2\/product_brand?post=990842"},{"taxonomy":"product_cat","embeddable":true,"href":"https:\/\/vavin.tw\/zh_tw\/wp-json\/wp\/v2\/product_cat?post=990842"},{"taxonomy":"product_tag","embeddable":true,"href":"https:\/\/vavin.tw\/zh_tw\/wp-json\/wp\/v2\/product_tag?post=990842"}],"curies":[{"name":"WP","href":"https:\/\/api.w.org\/{rel}","templated":true}]}}