{"id":997907,"date":"2024-12-09T13:33:59","date_gmt":"2024-12-09T05:33:59","guid":{"rendered":"https:\/\/vavin.tw\/?post_type=product&#038;p=997907"},"modified":"2026-01-13T12:37:31","modified_gmt":"2026-01-13T04:37:31","slug":"chateau-grand-baril-montagne-st-emilion-gaia-2015","status":"publish","type":"product","link":"https:\/\/vavin.tw\/zh_tw\/product\/chateau-grand-baril-montagne-st-emilion-gaia-2015\/","title":{"rendered":"\u5821\u797f\u9152\u838a\u8056\u611b\u7f8e\u6fc3\u5c71\u4e18\u9152\u838a\u84cb\u4e9e2015"},"content":{"rendered":"<div class=\"vgblk-rw-wrapper limit-wrapper\">\n<div class=\"wine-info\"><strong>\u985e\u5225\uff1a<\/strong> \u7d05\u9152<br \/>\n<strong>\u9152\u7cbe\u6fc3\u5ea6\uff1a<\/strong> 13.5% \u5377.<br \/>\n<strong>\u8461\u8404\u54c1\u7a2e\uff1a<\/strong> 100% Merlot<br \/>\n<strong>\u5bb9\u91cf\uff1a<\/strong> 750\u6beb\u5347<\/div>\n<hr \/>\n<div class=\"wine-section\">\n<h3>\u9152\u838a\u4ecb\u7d39<\/h3>\n<p>Ch\u00e2teau Grand Baril \u4f4d\u65bc Montagne Saint-\u00c9milion\uff0c\u81f4\u529b\u65bc\u6709\u6a5f\u8015\u4f5c\uff0c\u5c0a\u91cd\u751f\u7269\u591a\u6a23\u6027\u8207\u81ea\u7136\u74b0\u5883\u3002Ga\u00efa \u9152\u6b3e\u7372\u5f97 AB\uff08\u6cd5\u570b\u6709\u6a5f\u8fb2\u696d\uff09\u8a8d\u8b49\uff0c\u9ad4\u73fe\u9152\u838a\u5c0d\u6c38\u7e8c\u7406\u5ff5\u8207\u98a8\u571f\u8868\u73fe\u7684\u5805\u6301\u3002<\/p>\n<hr \/>\n<\/div>\n<div class=\"wine-section\">\n<h3>\u98a8\u571f\u689d\u4ef6<\/h3>\n<p>Merlot \u8461\u8404\u7a2e\u690d\u65bc Montagne Saint-\u00c9milion \u7279\u6709\u7684\u9ecf\u571f-\u77f3\u7070\u5ca9\u8207\u7802\u8cea\u571f\u58e4\u4e0a\u3002\u9019\u7a2e\u5e73\u8861\u7684\u98a8\u571f\u689d\u4ef6\u540c\u6642\u8ce6\u4e88\u9152\u9ad4\u6fc3\u90c1\u8207\u6e05\u65b0\uff0c\u9020\u5c31\u9999\u6c23\u5c64\u6b21\u8c50\u5bcc\u4e14\u7d50\u69cb\u512a\u96c5\u7684\u98a8\u683c\u3002<\/p>\n<hr \/>\n<\/div>\n<div class=\"wine-section\">\n<h3>\u54c1\u98f2\u7b46\u8a18<\/h3>\n<p>\u9152\u8272\u70ba\u6df1\u7d05\u5bf6\u77f3\u8272\u3002\u9999\u6c23\u4e2d\u5e36\u6709\u7159\u71fb\u3001\u70d8\u70e4\u6c23\u606f\uff0c\u878d\u5408\u6afb\u6843\u8207\u70d8\u7119\u5496\u5561\u7684\u7d30\u81a9\u98a8\u5473\u3002\u5165\u53e3\u5713\u6f64\u5e73\u8861\uff0c\u9152\u9ad4\u8c50\u6eff\uff0c\u9918\u97fb\u7d30\u7dfb\u4e14\u6301\u4e45\u3002<\/p>\n<p class=\"wine-highlight\">\u9019\u662f\u4e00\u6b3e\u512a\u96c5\u7684\u6709\u6a5f\u6ce2\u723e\u591a\u7d05\u9152\uff0c\u517c\u5177\u5e73\u8861\u611f\u3001\u9999\u6c23\u6df1\u5ea6\u8207\u7d72\u6ed1\u53e3\u611f \u2014\u2014 \u7121\u8ad6\u662f\u5373\u98f2\u6216\u9673\u5e74\u7686\u5b9c\u3002<\/p>\n<hr \/>\n<\/div>\n<div class=\"wine-section\">\n<h3>\u9910\u9152\u642d\u914d<\/h3>\n<p>\u975e\u5e38\u9069\u5408\u642d\u914d\u70e4\u8089\u3001\u7f8a\u8089\u3001\u9d28\u80f8\uff0c\u6216\u662f\u5982\u5eb7\u5824\uff08Comt\u00e9\uff09\u8207\u719f\u6210\u9ad8\u9054\uff08Gouda\uff09\u7b49\u786c\u8cea\u8d77\u53f8\u3002<\/p>\n<\/div>\n<\/div>\n<p><!-- .vgblk-rw-wrapper --><\/p>","protected":false},"excerpt":{"rendered":"<p>Ch\u00e2teau Grand Baril \u4f4d\u65bc\u6ce2\u723e\u591a Montagne Saint-\u00c9milion\uff0c\u81f4\u529b\u65bc\u6709\u6a5f\u8fb2\u6cd5\uff0c\u5176 Ga\u00efa \u9152\u6b3e\u6b63\u662f\u9019\u7a2e\u7406\u5ff5\u7684\u5177\u9ad4\u5c55\u73fe\u3002\u9019\u6b3e\u6709\u6a5f\u6ce2\u723e\u591a\u7d05\u9152\u4ee5\u6885\u6d1b\uff08Merlot\uff09\u91c0\u88fd\uff0c\u8461\u8404\u7a2e\u690d\u65bc\u7576\u5730\u5178\u578b\u7684\u9ecf\u571f-\u77f3\u7070\u5ca9\u8207\u7802\u8cea\u571f\u58e4\u4e4b\u4e0a\uff0c\u9019\u7a2e\u5e73\u8861\u7684\u98a8\u571f\u8ce6\u4e88\u4e86\u9152\u9ad4\u82b3\u9999\u7684\u8907\u96dc\u6027\u8207\u512a\u96c5\u7684\u7d50\u69cb\u3002<\/p>\n<p>\u9019\u6b3e\u9152\u5448\u73fe\u6df1\u9083\u7684\u7d05\u5bf6\u77f3\u8272\uff0c\u9999\u6c23\u4ee5\u7159\u71fb\u3001\u70d8\u70e4\u7684\u6afb\u6843\u548c\u70d8\u7119\u5496\u5561\u6c23\u606f\u958b\u5834\u3002\u53e3\u611f\u5b9c\u4eba\u4e14\u5747\u8861\uff0c\u98fd\u6eff\u7684\u9152\u9ad4\u8207\u7d30\u81a9\u3001\u82ac\u82b3\u7684\u9918\u97fb\u76f8\u5f97\u76ca\u5f70\uff0c\u8cea\u5730\u5982\u7d72\u7da2\u822c\u67d4\u6ed1\u3002\u9019\u6b3e\u512a\u96c5\u7684\u8461\u8404\u9152\u65e2\u9069\u5408\u9673\u5e74\uff0c\u4e5f\u9069\u5408\u5373\u6642\u4eab\u7528\u3002\u5b83\u8207\u70e4\u8089\u3001\u7f8a\u8089\u3001\u9d28\u80f8\u6216 Comt\u00e9 \u7b49\u786c\u8cea\u4e73\u916a\u642d\u914d\u6975\u4f73\u3002<\/p>","protected":false},"featured_media":999379,"comment_status":"open","ping_status":"closed","template":"","meta":[],"product_brand":[],"product_cat":[139,63],"product_tag":[286,157,285],"class_list":{"0":"post-997907","1":"product","2":"type-product","3":"status-publish","4":"has-post-thumbnail","6":"product_cat-bordeaux","7":"product_cat-red","8":"product_tag-ciment","9":"product_tag-merlot","10":"product_tag-montagne-saint-emilion","12":"first","13":"instock","14":"shipping-taxable","15":"product-type-simple"},"yoast_head":"<!-- This site is optimized with the Yoast SEO Premium plugin v27.2 (Yoast SEO v27.3) - https:\/\/yoast.com\/product\/yoast-seo-premium-wordpress\/ -->\n<title>Ch\u00e2teau Grand Baril Montagne St-Emilion Ga\u00efa 2015 - Vavin \u9152\u76d2\u5b50<\/title>\n<meta name=\"description\" content=\"Organic Montagne Saint-\u00c9milion Ga\u00efa 2015 from Ch\u00e2teau Grand Baril, 100% Merlot. Smoky, cherry, and roasted coffee notes with balance, depth, and silky texture\" \/>\n<meta name=\"robots\" content=\"index, follow, max-snippet:-1, max-image-preview:large, max-video-preview:-1\" \/>\n<link rel=\"canonical\" href=\"https:\/\/vavin.tw\/zh_tw\/product\/chateau-grand-baril-montagne-st-emilion-gaia-2015\/\" \/>\n<meta property=\"og:locale\" content=\"zh_TW\" \/>\n<meta property=\"og:type\" content=\"article\" \/>\n<meta property=\"og:title\" content=\"Ch\u00e2teau Grand Baril Montagne St-Emilion Ga\u00efa 2015\" \/>\n<meta property=\"og:description\" content=\"Organic Montagne Saint-\u00c9milion Ga\u00efa 2015 from Ch\u00e2teau Grand Baril, 100% Merlot. Smoky, cherry, and roasted coffee notes with balance, depth, and silky texture\" \/>\n<meta property=\"og:url\" content=\"https:\/\/vavin.tw\/zh_tw\/product\/chateau-grand-baril-montagne-st-emilion-gaia-2015\/\" \/>\n<meta property=\"og:site_name\" content=\"Vavin \u9152\u76d2\u5b50\" \/>\n<meta property=\"article:publisher\" content=\"https:\/\/www.facebook.com\/vavintw\" \/>\n<meta property=\"article:modified_time\" content=\"2026-01-13T04:37:31+00:00\" \/>\n<meta property=\"og:image\" content=\"https:\/\/vavin.tw\/wp-content\/uploads\/2024\/12\/Chateau-Grand-Baril-Montagne-St-Emilion-Gaia-2014.png\" \/>\n\t<meta property=\"og:image:width\" content=\"400\" \/>\n\t<meta property=\"og:image:height\" content=\"600\" \/>\n\t<meta property=\"og:image:type\" content=\"image\/png\" \/>\n<meta name=\"twitter:card\" content=\"summary_large_image\" \/>\n<meta name=\"twitter:label1\" content=\"\u9810\u4f30\u95b1\u8b80\u6642\u9593\" \/>\n\t<meta name=\"twitter:data1\" content=\"1 \u5206\u9418\" \/>\n<script type=\"application\/ld+json\" class=\"yoast-schema-graph\">{\"@context\":\"https:\\\/\\\/schema.org\",\"@graph\":[{\"@type\":\"WebPage\",\"@id\":\"https:\\\/\\\/vavin.tw\\\/product\\\/chateau-grand-baril-montagne-st-emilion-gaia-2015\\\/\",\"url\":\"https:\\\/\\\/vavin.tw\\\/product\\\/chateau-grand-baril-montagne-st-emilion-gaia-2015\\\/\",\"name\":\"Ch\u00e2teau Grand Baril Montagne St-Emilion Ga\u00efa 2015 - Vavin \u9152\u76d2\u5b50\",\"isPartOf\":{\"@id\":\"https:\\\/\\\/vavin.tw\\\/#website\"},\"primaryImageOfPage\":{\"@id\":\"https:\\\/\\\/vavin.tw\\\/product\\\/chateau-grand-baril-montagne-st-emilion-gaia-2015\\\/#primaryimage\"},\"image\":{\"@id\":\"https:\\\/\\\/vavin.tw\\\/product\\\/chateau-grand-baril-montagne-st-emilion-gaia-2015\\\/#primaryimage\"},\"thumbnailUrl\":\"https:\\\/\\\/vavin.tw\\\/wp-content\\\/uploads\\\/2024\\\/12\\\/Chateau-Grand-Baril-Montagne-St-Emilion-Gaia-2014.png\",\"datePublished\":\"2024-12-09T05:33:59+00:00\",\"dateModified\":\"2026-01-13T04:37:31+00:00\",\"description\":\"Organic Montagne Saint-\u00c9milion Ga\u00efa 2015 from Ch\u00e2teau Grand Baril, 100% Merlot. Smoky, cherry, and roasted coffee notes with balance, depth, and silky texture\",\"breadcrumb\":{\"@id\":\"https:\\\/\\\/vavin.tw\\\/product\\\/chateau-grand-baril-montagne-st-emilion-gaia-2015\\\/#breadcrumb\"},\"inLanguage\":\"zh-TW\",\"potentialAction\":[{\"@type\":\"ReadAction\",\"target\":[\"https:\\\/\\\/vavin.tw\\\/product\\\/chateau-grand-baril-montagne-st-emilion-gaia-2015\\\/\"]}]},{\"@type\":\"ImageObject\",\"inLanguage\":\"zh-TW\",\"@id\":\"https:\\\/\\\/vavin.tw\\\/product\\\/chateau-grand-baril-montagne-st-emilion-gaia-2015\\\/#primaryimage\",\"url\":\"https:\\\/\\\/vavin.tw\\\/wp-content\\\/uploads\\\/2024\\\/12\\\/Chateau-Grand-Baril-Montagne-St-Emilion-Gaia-2014.png\",\"contentUrl\":\"https:\\\/\\\/vavin.tw\\\/wp-content\\\/uploads\\\/2024\\\/12\\\/Chateau-Grand-Baril-Montagne-St-Emilion-Gaia-2014.png\",\"width\":400,\"height\":600},{\"@type\":\"BreadcrumbList\",\"@id\":\"https:\\\/\\\/vavin.tw\\\/product\\\/chateau-grand-baril-montagne-st-emilion-gaia-2015\\\/#breadcrumb\",\"itemListElement\":[{\"@type\":\"ListItem\",\"position\":1,\"name\":\"Home\",\"item\":\"https:\\\/\\\/vavin.tw\\\/\"},{\"@type\":\"ListItem\",\"position\":2,\"name\":\"Products\",\"item\":\"https:\\\/\\\/vavin.tw\\\/shop\\\/\"},{\"@type\":\"ListItem\",\"position\":3,\"name\":\"Ch\u00e2teau Grand Baril Montagne St-Emilion Ga\u00efa 2015\"}]},{\"@type\":\"WebSite\",\"@id\":\"https:\\\/\\\/vavin.tw\\\/#website\",\"url\":\"https:\\\/\\\/vavin.tw\\\/\",\"name\":\"Vavin \u9152\u76d2\u5b50\",\"description\":\"Savor the Art of Wine\",\"publisher\":{\"@id\":\"https:\\\/\\\/vavin.tw\\\/#organization\"},\"potentialAction\":[{\"@type\":\"SearchAction\",\"target\":{\"@type\":\"EntryPoint\",\"urlTemplate\":\"https:\\\/\\\/vavin.tw\\\/?s={search_term_string}\"},\"query-input\":{\"@type\":\"PropertyValueSpecification\",\"valueRequired\":true,\"valueName\":\"search_term_string\"}}],\"inLanguage\":\"zh-TW\"},{\"@type\":\"Organization\",\"@id\":\"https:\\\/\\\/vavin.tw\\\/#organization\",\"name\":\"Vavin \u9152\u76d2\u5b50\",\"url\":\"https:\\\/\\\/vavin.tw\\\/\",\"logo\":{\"@type\":\"ImageObject\",\"inLanguage\":\"zh-TW\",\"@id\":\"https:\\\/\\\/vavin.tw\\\/#\\\/schema\\\/logo\\\/image\\\/\",\"url\":\"https:\\\/\\\/vavin.tw\\\/wp-content\\\/uploads\\\/2023\\\/03\\\/cropped-favicon-violet-v1.png\",\"contentUrl\":\"https:\\\/\\\/vavin.tw\\\/wp-content\\\/uploads\\\/2023\\\/03\\\/cropped-favicon-violet-v1.png\",\"width\":512,\"height\":512,\"caption\":\"Vavin \u9152\u76d2\u5b50\"},\"image\":{\"@id\":\"https:\\\/\\\/vavin.tw\\\/#\\\/schema\\\/logo\\\/image\\\/\"},\"sameAs\":[\"https:\\\/\\\/www.facebook.com\\\/vavintw\",\"https:\\\/\\\/www.instagram.com\\\/vavin_tw\"]}]}<\/script>\n<!-- \/ Yoast SEO Premium plugin. -->","yoast_head_json":{"title":"Ch\u00e2teau Grand Baril Montagne St-Emilion Ga\u00efa 2015 - Vavin \u9152\u76d2\u5b50","description":"Ch\u00e2teau Grand Baril \u7684\u6709\u6a5f Montagne Saint-\u00c9milion Ga\u00efa 2015\uff0c100% Merlot \u91c0\u88fd\u3002\u5e36\u6709\u7159\u71fb\u3001\u6afb\u6843\u8207\u70d8\u7119\u5496\u5561\u9999\u6c23\uff0c\u9152\u9ad4\u5747\u8861\uff0c\u5c64\u6b21\u8c50\u5bcc\uff0c\u53e3\u611f\u7d72\u6ed1\u3002","robots":{"index":"index","follow":"follow","max-snippet":"max-snippet:-1","max-image-preview":"max-image-preview:large","max-video-preview":"max-video-preview:-1"},"canonical":"https:\/\/vavin.tw\/zh_tw\/product\/chateau-grand-baril-montagne-st-emilion-gaia-2015\/","og_locale":"zh_TW","og_type":"article","og_title":"Ch\u00e2teau Grand Baril Montagne St-Emilion Ga\u00efa 2015","og_description":"Organic Montagne Saint-\u00c9milion Ga\u00efa 2015 from Ch\u00e2teau Grand Baril, 100% Merlot. Smoky, cherry, and roasted coffee notes with balance, depth, and silky texture","og_url":"https:\/\/vavin.tw\/zh_tw\/product\/chateau-grand-baril-montagne-st-emilion-gaia-2015\/","og_site_name":"Vavin \u9152\u76d2\u5b50","article_publisher":"https:\/\/www.facebook.com\/vavintw","article_modified_time":"2026-01-13T04:37:31+00:00","og_image":[{"width":400,"height":600,"url":"https:\/\/vavin.tw\/wp-content\/uploads\/2024\/12\/Chateau-Grand-Baril-Montagne-St-Emilion-Gaia-2014.png","type":"image\/png"}],"twitter_card":"summary_large_image","twitter_misc":{"\u9810\u4f30\u95b1\u8b80\u6642\u9593":"1 \u5206\u9418"},"schema":{"@context":"https:\/\/schema.org","@graph":[{"@type":"WebPage","@id":"https:\/\/vavin.tw\/product\/chateau-grand-baril-montagne-st-emilion-gaia-2015\/","url":"https:\/\/vavin.tw\/product\/chateau-grand-baril-montagne-st-emilion-gaia-2015\/","name":"Ch\u00e2teau Grand Baril Montagne St-Emilion Ga\u00efa 2015 - Vavin \u9152\u76d2\u5b50","isPartOf":{"@id":"https:\/\/vavin.tw\/#website"},"primaryImageOfPage":{"@id":"https:\/\/vavin.tw\/product\/chateau-grand-baril-montagne-st-emilion-gaia-2015\/#primaryimage"},"image":{"@id":"https:\/\/vavin.tw\/product\/chateau-grand-baril-montagne-st-emilion-gaia-2015\/#primaryimage"},"thumbnailUrl":"https:\/\/vavin.tw\/wp-content\/uploads\/2024\/12\/Chateau-Grand-Baril-Montagne-St-Emilion-Gaia-2014.png","datePublished":"2024-12-09T05:33:59+00:00","dateModified":"2026-01-13T04:37:31+00:00","description":"Ch\u00e2teau Grand Baril \u7684\u6709\u6a5f Montagne Saint-\u00c9milion Ga\u00efa 2015\uff0c100% Merlot \u91c0\u88fd\u3002\u5e36\u6709\u7159\u71fb\u3001\u6afb\u6843\u8207\u70d8\u7119\u5496\u5561\u9999\u6c23\uff0c\u9152\u9ad4\u5747\u8861\uff0c\u5c64\u6b21\u8c50\u5bcc\uff0c\u53e3\u611f\u7d72\u6ed1\u3002","breadcrumb":{"@id":"https:\/\/vavin.tw\/product\/chateau-grand-baril-montagne-st-emilion-gaia-2015\/#breadcrumb"},"inLanguage":"zh-TW","potentialAction":[{"@type":"ReadAction","target":["https:\/\/vavin.tw\/product\/chateau-grand-baril-montagne-st-emilion-gaia-2015\/"]}]},{"@type":"ImageObject","inLanguage":"zh-TW","@id":"https:\/\/vavin.tw\/product\/chateau-grand-baril-montagne-st-emilion-gaia-2015\/#primaryimage","url":"https:\/\/vavin.tw\/wp-content\/uploads\/2024\/12\/Chateau-Grand-Baril-Montagne-St-Emilion-Gaia-2014.png","contentUrl":"https:\/\/vavin.tw\/wp-content\/uploads\/2024\/12\/Chateau-Grand-Baril-Montagne-St-Emilion-Gaia-2014.png","width":400,"height":600},{"@type":"BreadcrumbList","@id":"https:\/\/vavin.tw\/product\/chateau-grand-baril-montagne-st-emilion-gaia-2015\/#breadcrumb","itemListElement":[{"@type":"ListItem","position":1,"name":"Home","item":"https:\/\/vavin.tw\/"},{"@type":"ListItem","position":2,"name":"Products","item":"https:\/\/vavin.tw\/shop\/"},{"@type":"ListItem","position":3,"name":"Ch\u00e2teau Grand Baril Montagne St-Emilion Ga\u00efa 2015"}]},{"@type":"WebSite","@id":"https:\/\/vavin.tw\/#website","url":"https:\/\/vavin.tw\/","name":"Vavin \u9152\u76d2\u5b50","description":"\u54c1\u5473\u8461\u8404\u9152\u7684\u85dd\u8853","publisher":{"@id":"https:\/\/vavin.tw\/#organization"},"potentialAction":[{"@type":"SearchAction","target":{"@type":"EntryPoint","urlTemplate":"https:\/\/vavin.tw\/?s={search_term_string}"},"query-input":{"@type":"PropertyValueSpecification","valueRequired":true,"valueName":"search_term_string"}}],"inLanguage":"zh-TW"},{"@type":"Organization","@id":"https:\/\/vavin.tw\/#organization","name":"Vavin \u9152\u76d2\u5b50","url":"https:\/\/vavin.tw\/","logo":{"@type":"ImageObject","inLanguage":"zh-TW","@id":"https:\/\/vavin.tw\/#\/schema\/logo\/image\/","url":"https:\/\/vavin.tw\/wp-content\/uploads\/2023\/03\/cropped-favicon-violet-v1.png","contentUrl":"https:\/\/vavin.tw\/wp-content\/uploads\/2023\/03\/cropped-favicon-violet-v1.png","width":512,"height":512,"caption":"Vavin \u9152\u76d2\u5b50"},"image":{"@id":"https:\/\/vavin.tw\/#\/schema\/logo\/image\/"},"sameAs":["https:\/\/www.facebook.com\/vavintw","https:\/\/www.instagram.com\/vavin_tw"]}]}},"_links":{"self":[{"href":"https:\/\/vavin.tw\/zh_tw\/wp-json\/wp\/v2\/product\/997907","targetHints":{"allow":["GET"]}}],"collection":[{"href":"https:\/\/vavin.tw\/zh_tw\/wp-json\/wp\/v2\/product"}],"about":[{"href":"https:\/\/vavin.tw\/zh_tw\/wp-json\/wp\/v2\/types\/product"}],"replies":[{"embeddable":true,"href":"https:\/\/vavin.tw\/zh_tw\/wp-json\/wp\/v2\/comments?post=997907"}],"version-history":[{"count":2,"href":"https:\/\/vavin.tw\/zh_tw\/wp-json\/wp\/v2\/product\/997907\/revisions"}],"predecessor-version":[{"id":1006219,"href":"https:\/\/vavin.tw\/zh_tw\/wp-json\/wp\/v2\/product\/997907\/revisions\/1006219"}],"wp:featuredmedia":[{"embeddable":true,"href":"https:\/\/vavin.tw\/zh_tw\/wp-json\/wp\/v2\/media\/999379"}],"wp:attachment":[{"href":"https:\/\/vavin.tw\/zh_tw\/wp-json\/wp\/v2\/media?parent=997907"}],"wp:term":[{"taxonomy":"product_brand","embeddable":true,"href":"https:\/\/vavin.tw\/zh_tw\/wp-json\/wp\/v2\/product_brand?post=997907"},{"taxonomy":"product_cat","embeddable":true,"href":"https:\/\/vavin.tw\/zh_tw\/wp-json\/wp\/v2\/product_cat?post=997907"},{"taxonomy":"product_tag","embeddable":true,"href":"https:\/\/vavin.tw\/zh_tw\/wp-json\/wp\/v2\/product_tag?post=997907"}],"curies":[{"name":"WP","href":"https:\/\/api.w.org\/{rel}","templated":true}]}}