{"id":998967,"date":"2025-02-11T20:27:42","date_gmt":"2025-02-11T12:27:42","guid":{"rendered":"https:\/\/vavin.tw\/?post_type=product&#038;p=998967"},"modified":"2025-07-16T12:28:48","modified_gmt":"2025-07-16T04:28:48","slug":"lupe-cholet-savigny-les-beaune-1er-cru-les-peuillets-red-2018","status":"publish","type":"product","link":"https:\/\/vavin.tw\/zh_tw\/product\/lupe-cholet-savigny-les-beaune-1er-cru-les-peuillets-red-2018\/","title":{"rendered":"\u76e7\u666e\u00b7\u856d\u840a \u85a9\u7dad\u5c3c\u840a\u535a\u8a25 \u4e00\u7d1a\u5712 \u4f69\u8036\u5712 2018"},"content":{"rendered":"<div class=\"vgblk-rw-wrapper limit-wrapper\">\n<div class=\"wine-info\"><strong>\u985e\u5225\uff1a<\/strong> \u7d05\u9152<br \/>\n<strong>\u9152\u7cbe\u6fc3\u5ea6\uff1a<\/strong> 13% \u5377.<br \/>\n<strong>\u8461\u8404\u54c1\u7a2e\uff1a<\/strong> 100% \u9ed1\u76ae\u8afe<br \/>\n<strong>\u5bb9\u91cf\uff1a<\/strong> 750\u6beb\u5347<\/div>\n<hr \/>\n<div class=\"wine-section\">\n<h3>\u9152\u838a\u4ecb\u7d39<\/h3>\n<p>Maison Lup\u00e9 Cholet \u6210\u7acb\u65bc 1903 \u5e74\uff0c\u4f4d\u65bc Nuits-Saint-Georges\uff0c\u64c1\u6709\u60a0\u4e45\u7684\u52c3\u6839\u5730\u91c0\u9152\u50b3\u7d71\u3002\u9152\u838a\u6ce8\u91cd\u7cbe\u6e96\u8207\u98a8\u571f\u8868\u73fe\uff0c\u7cbe\u9078\u4f86\u81ea\u52c3\u6839\u5730\u5404\u5730\u7684\u512a\u8cea\u5730\u584a\uff0c\u4ee5\u5c55\u73fe\u6bcf\u500b\u6cd5\u5b9a\u7522\u5340\u7684\u512a\u96c5\u8207\u771f\u5be6\u98a8\u8c8c\u3002<\/p>\n<hr \/>\n<\/div>\n<div class=\"wine-section\">\n<h3>\u98a8\u571f\u689d\u4ef6<\/h3>\n<p>\u4f4d\u65bc Savigny-l\u00e8s-Beaune \u5357\u5074\u7684\u4e00\u7d1a\u5712\u300cLes Peuillets\u300d\uff0c\u64c1\u6709\u6392\u6c34\u826f\u597d\u7684\u9ecf\u571f-\u77f3\u7070\u5ca9\u571f\u58e4\u3002\u5712\u5340\u4f4d\u65bc\u6771\u5411\u7de9\u5761\uff0c\u78ba\u4fdd\u8461\u8404\u6210\u719f\u5ea6\u7406\u60f3\uff0c\u70ba Pinot Noir \u5e36\u4f86\u512a\u96c5\u7d30\u7dfb\u7684\u98a8\u683c\u8207\u7d14\u6de8\u7684\u9999\u6c23\u8868\u73fe\u3002<\/p>\n<hr \/>\n<\/div>\n<div class=\"wine-section\">\n<h3>\u54c1\u98f2\u7b46\u8a18<\/h3>\n<p>\u9152\u8272\u660e\u4eae\u7684\u7d05\u5bf6\u77f3\u8272\u3002\u9999\u6c23\u7d30\u7dfb\uff0c\u5e36\u6709\u7d05\u6afb\u6843\u3001\u8986\u76c6\u5b50\u8207\u82b1\u9999\uff0c\u4e26\u4f34\u96a8\u4e00\u7d72\u9999\u6599\u6c23\u606f\u3002\u53e3\u611f\u7d72\u6ed1\u4e14\u5e73\u8861\u826f\u597d\uff0c\u55ae\u5be7\u7d30\u7dfb\u3001\u9178\u5ea6\u660e\u4eae\uff0c\u5c3e\u97fb\u60a0\u9577\u800c\u512a\u96c5\u3002<\/p>\n<p class=\"wine-highlight\">\u9019\u6b3e\u7cbe\u7dfb\u800c\u5bcc\u6709\u8868\u73fe\u529b\u7684\u4e00\u7d1a\u5712 Pinot Noir\uff0c\u5b8c\u7f8e\u5c55\u73fe\u4e86 Savigny-l\u00e8s-Beaune \u7684\u7d30\u7dfb\u98a8\u683c\u3002<\/p>\n<hr \/>\n<\/div>\n<div class=\"wine-section\">\n<h3>\u9910\u9152\u642d\u914d<\/h3>\n<p>\u975e\u5e38\u9069\u5408\u642d\u914d\u70e4\u96de\u3001\u9d28\u8089\u3001\u5c0f\u725b\u8089\u3001\u8548\u83c7\u6599\u7406\uff0c\u6216\u662f\u5982\u5e03\u91cc\u8207\u5361\u9580\u8c9d\u723e\u7b49\u8edf\u8cea\u8d77\u53f8\u3002<\/p>\n<\/div>\n<p>&nbsp;<\/p>\n<hr \/>\n<p>&nbsp;<\/p>\n<p><iframe title=\"YouTube \u5f71\u7247\u64ad\u653e\u5668\" src=\"https:\/\/www.youtube.com\/embed\/NaQysyfI6Tk?si=llMZ-s3ZFqI4PTek\" width=\"560\" height=\"315\" frameborder=\"0\" allowfullscreen=\"allowfullscreen\"><\/iframe><\/div>\n<p><!-- .vgblk-rw-wrapper --><\/p>","protected":false},"excerpt":{"rendered":"<p>\u4f86\u81ea Lup\u00e9 Cholet \u7684\u512a\u96c5 Savigny-l\u00e8s-Beaune \u4e00\u7d1a\u5712\uff0c100% \u9ed1\u76ae\u8afe\u91c0\u88fd\u3002\u9bae\u660e\u7684\u7d05\u8272\u679c\u9999\u3001\u82b1\u9999\u8207\u7d72\u6ed1\u8cea\u5730\uff0c\u6536\u5c3e\u6e05\u65b0\u7dbf\u9577\u3002<\/p>","protected":false},"featured_media":998968,"comment_status":"open","ping_status":"closed","template":"","meta":[],"product_brand":[],"product_cat":[135,63],"product_tag":[146,273],"class_list":{"0":"post-998967","1":"product","2":"type-product","3":"status-publish","4":"has-post-thumbnail","6":"product_cat-burgundy","7":"product_cat-red","8":"product_tag-pinot-noir","9":"product_tag-savigny-les-beaune","11":"first","12":"instock","13":"shipping-taxable","14":"product-type-simple"},"yoast_head":"<!-- This site is optimized with the Yoast SEO Premium plugin v27.2 (Yoast SEO v27.3) - https:\/\/yoast.com\/product\/yoast-seo-premium-wordpress\/ -->\n<title>Lup\u00e9 Cholet Savigny les Beaune 1er Cru Les Peuillets 2018 - Vavin \u9152\u76d2\u5b50<\/title>\n<meta name=\"description\" content=\"Elegant Savigny-l\u00e8s-Beaune 1er Cru from Lup\u00e9 Cholet, 100% Pinot Noir. Bright red fruits, floral notes, and silky texture with a long, fresh finish\" \/>\n<meta name=\"robots\" content=\"index, follow, max-snippet:-1, max-image-preview:large, max-video-preview:-1\" \/>\n<link rel=\"canonical\" href=\"https:\/\/vavin.tw\/zh_tw\/product\/lupe-cholet-savigny-les-beaune-1er-cru-les-peuillets-red-2018\/\" \/>\n<meta property=\"og:locale\" content=\"zh_TW\" \/>\n<meta property=\"og:type\" content=\"article\" \/>\n<meta property=\"og:title\" content=\"Lup\u00e9 Cholet Savigny les Beaune 1er Cru Les Peuillets 2018\" \/>\n<meta property=\"og:description\" content=\"Elegant Savigny-l\u00e8s-Beaune 1er Cru from Lup\u00e9 Cholet, 100% Pinot Noir. Bright red fruits, floral notes, and silky texture with a long, fresh finish\" \/>\n<meta property=\"og:url\" content=\"https:\/\/vavin.tw\/zh_tw\/product\/lupe-cholet-savigny-les-beaune-1er-cru-les-peuillets-red-2018\/\" \/>\n<meta property=\"og:site_name\" content=\"Vavin \u9152\u76d2\u5b50\" \/>\n<meta property=\"article:publisher\" content=\"https:\/\/www.facebook.com\/vavintw\" \/>\n<meta property=\"article:modified_time\" content=\"2025-07-16T04:28:48+00:00\" \/>\n<meta property=\"og:image\" content=\"https:\/\/vavin.tw\/wp-content\/uploads\/2025\/02\/savigny-.png\" \/>\n\t<meta property=\"og:image:width\" content=\"400\" \/>\n\t<meta property=\"og:image:height\" content=\"600\" \/>\n\t<meta property=\"og:image:type\" content=\"image\/png\" \/>\n<meta name=\"twitter:card\" content=\"summary_large_image\" \/>\n<meta name=\"twitter:label1\" content=\"\u9810\u4f30\u95b1\u8b80\u6642\u9593\" \/>\n\t<meta name=\"twitter:data1\" content=\"1 \u5206\u9418\" \/>\n<script type=\"application\/ld+json\" class=\"yoast-schema-graph\">{\"@context\":\"https:\\\/\\\/schema.org\",\"@graph\":[{\"@type\":\"WebPage\",\"@id\":\"https:\\\/\\\/vavin.tw\\\/product\\\/lupe-cholet-savigny-les-beaune-1er-cru-les-peuillets-red-2018\\\/\",\"url\":\"https:\\\/\\\/vavin.tw\\\/product\\\/lupe-cholet-savigny-les-beaune-1er-cru-les-peuillets-red-2018\\\/\",\"name\":\"Lup\u00e9 Cholet Savigny les Beaune 1er Cru Les Peuillets 2018 - Vavin \u9152\u76d2\u5b50\",\"isPartOf\":{\"@id\":\"https:\\\/\\\/vavin.tw\\\/#website\"},\"primaryImageOfPage\":{\"@id\":\"https:\\\/\\\/vavin.tw\\\/product\\\/lupe-cholet-savigny-les-beaune-1er-cru-les-peuillets-red-2018\\\/#primaryimage\"},\"image\":{\"@id\":\"https:\\\/\\\/vavin.tw\\\/product\\\/lupe-cholet-savigny-les-beaune-1er-cru-les-peuillets-red-2018\\\/#primaryimage\"},\"thumbnailUrl\":\"https:\\\/\\\/vavin.tw\\\/wp-content\\\/uploads\\\/2025\\\/02\\\/savigny-.png\",\"datePublished\":\"2025-02-11T12:27:42+00:00\",\"dateModified\":\"2025-07-16T04:28:48+00:00\",\"description\":\"Elegant Savigny-l\u00e8s-Beaune 1er Cru from Lup\u00e9 Cholet, 100% Pinot Noir. Bright red fruits, floral notes, and silky texture with a long, fresh finish\",\"breadcrumb\":{\"@id\":\"https:\\\/\\\/vavin.tw\\\/product\\\/lupe-cholet-savigny-les-beaune-1er-cru-les-peuillets-red-2018\\\/#breadcrumb\"},\"inLanguage\":\"zh-TW\",\"potentialAction\":[{\"@type\":\"ReadAction\",\"target\":[\"https:\\\/\\\/vavin.tw\\\/product\\\/lupe-cholet-savigny-les-beaune-1er-cru-les-peuillets-red-2018\\\/\"]}]},{\"@type\":\"ImageObject\",\"inLanguage\":\"zh-TW\",\"@id\":\"https:\\\/\\\/vavin.tw\\\/product\\\/lupe-cholet-savigny-les-beaune-1er-cru-les-peuillets-red-2018\\\/#primaryimage\",\"url\":\"https:\\\/\\\/vavin.tw\\\/wp-content\\\/uploads\\\/2025\\\/02\\\/savigny-.png\",\"contentUrl\":\"https:\\\/\\\/vavin.tw\\\/wp-content\\\/uploads\\\/2025\\\/02\\\/savigny-.png\",\"width\":400,\"height\":600},{\"@type\":\"BreadcrumbList\",\"@id\":\"https:\\\/\\\/vavin.tw\\\/product\\\/lupe-cholet-savigny-les-beaune-1er-cru-les-peuillets-red-2018\\\/#breadcrumb\",\"itemListElement\":[{\"@type\":\"ListItem\",\"position\":1,\"name\":\"Home\",\"item\":\"https:\\\/\\\/vavin.tw\\\/\"},{\"@type\":\"ListItem\",\"position\":2,\"name\":\"Products\",\"item\":\"https:\\\/\\\/vavin.tw\\\/shop\\\/\"},{\"@type\":\"ListItem\",\"position\":3,\"name\":\"Lup\u00e9 Cholet Savigny les Beaune 1er Cru Les Peuillets 2018\"}]},{\"@type\":\"WebSite\",\"@id\":\"https:\\\/\\\/vavin.tw\\\/#website\",\"url\":\"https:\\\/\\\/vavin.tw\\\/\",\"name\":\"Vavin \u9152\u76d2\u5b50\",\"description\":\"Savor the Art of Wine\",\"publisher\":{\"@id\":\"https:\\\/\\\/vavin.tw\\\/#organization\"},\"potentialAction\":[{\"@type\":\"SearchAction\",\"target\":{\"@type\":\"EntryPoint\",\"urlTemplate\":\"https:\\\/\\\/vavin.tw\\\/?s={search_term_string}\"},\"query-input\":{\"@type\":\"PropertyValueSpecification\",\"valueRequired\":true,\"valueName\":\"search_term_string\"}}],\"inLanguage\":\"zh-TW\"},{\"@type\":\"Organization\",\"@id\":\"https:\\\/\\\/vavin.tw\\\/#organization\",\"name\":\"Vavin \u9152\u76d2\u5b50\",\"url\":\"https:\\\/\\\/vavin.tw\\\/\",\"logo\":{\"@type\":\"ImageObject\",\"inLanguage\":\"zh-TW\",\"@id\":\"https:\\\/\\\/vavin.tw\\\/#\\\/schema\\\/logo\\\/image\\\/\",\"url\":\"https:\\\/\\\/vavin.tw\\\/wp-content\\\/uploads\\\/2023\\\/03\\\/cropped-favicon-violet-v1.png\",\"contentUrl\":\"https:\\\/\\\/vavin.tw\\\/wp-content\\\/uploads\\\/2023\\\/03\\\/cropped-favicon-violet-v1.png\",\"width\":512,\"height\":512,\"caption\":\"Vavin \u9152\u76d2\u5b50\"},\"image\":{\"@id\":\"https:\\\/\\\/vavin.tw\\\/#\\\/schema\\\/logo\\\/image\\\/\"},\"sameAs\":[\"https:\\\/\\\/www.facebook.com\\\/vavintw\",\"https:\\\/\\\/www.instagram.com\\\/vavin_tw\"]}]}<\/script>\n<!-- \/ Yoast SEO Premium plugin. -->","yoast_head_json":{"title":"Lup\u00e9 Cholet Savigny les Beaune 1er Cru Les Peuillets 2018 - Vavin \u9152\u76d2\u5b50","description":"\u4f86\u81ea Lup\u00e9 Cholet \u7684\u512a\u96c5 Savigny-l\u00e8s-Beaune \u4e00\u7d1a\u5712\uff0c100% \u9ed1\u76ae\u8afe\u91c0\u88fd\u3002\u9bae\u660e\u7684\u7d05\u8272\u679c\u9999\u3001\u82b1\u9999\u8207\u7d72\u6ed1\u8cea\u5730\uff0c\u6536\u5c3e\u6e05\u65b0\u7dbf\u9577\u3002","robots":{"index":"index","follow":"follow","max-snippet":"max-snippet:-1","max-image-preview":"max-image-preview:large","max-video-preview":"max-video-preview:-1"},"canonical":"https:\/\/vavin.tw\/zh_tw\/product\/lupe-cholet-savigny-les-beaune-1er-cru-les-peuillets-red-2018\/","og_locale":"zh_TW","og_type":"article","og_title":"Lup\u00e9 Cholet Savigny les Beaune 1er Cru Les Peuillets 2018","og_description":"Elegant Savigny-l\u00e8s-Beaune 1er Cru from Lup\u00e9 Cholet, 100% Pinot Noir. Bright red fruits, floral notes, and silky texture with a long, fresh finish","og_url":"https:\/\/vavin.tw\/zh_tw\/product\/lupe-cholet-savigny-les-beaune-1er-cru-les-peuillets-red-2018\/","og_site_name":"Vavin \u9152\u76d2\u5b50","article_publisher":"https:\/\/www.facebook.com\/vavintw","article_modified_time":"2025-07-16T04:28:48+00:00","og_image":[{"width":400,"height":600,"url":"https:\/\/vavin.tw\/wp-content\/uploads\/2025\/02\/savigny-.png","type":"image\/png"}],"twitter_card":"summary_large_image","twitter_misc":{"\u9810\u4f30\u95b1\u8b80\u6642\u9593":"1 \u5206\u9418"},"schema":{"@context":"https:\/\/schema.org","@graph":[{"@type":"WebPage","@id":"https:\/\/vavin.tw\/product\/lupe-cholet-savigny-les-beaune-1er-cru-les-peuillets-red-2018\/","url":"https:\/\/vavin.tw\/product\/lupe-cholet-savigny-les-beaune-1er-cru-les-peuillets-red-2018\/","name":"Lup\u00e9 Cholet Savigny les Beaune 1er Cru Les Peuillets 2018 - Vavin \u9152\u76d2\u5b50","isPartOf":{"@id":"https:\/\/vavin.tw\/#website"},"primaryImageOfPage":{"@id":"https:\/\/vavin.tw\/product\/lupe-cholet-savigny-les-beaune-1er-cru-les-peuillets-red-2018\/#primaryimage"},"image":{"@id":"https:\/\/vavin.tw\/product\/lupe-cholet-savigny-les-beaune-1er-cru-les-peuillets-red-2018\/#primaryimage"},"thumbnailUrl":"https:\/\/vavin.tw\/wp-content\/uploads\/2025\/02\/savigny-.png","datePublished":"2025-02-11T12:27:42+00:00","dateModified":"2025-07-16T04:28:48+00:00","description":"\u4f86\u81ea Lup\u00e9 Cholet \u7684\u512a\u96c5 Savigny-l\u00e8s-Beaune \u4e00\u7d1a\u5712\uff0c100% \u9ed1\u76ae\u8afe\u91c0\u88fd\u3002\u9bae\u660e\u7684\u7d05\u8272\u679c\u9999\u3001\u82b1\u9999\u8207\u7d72\u6ed1\u8cea\u5730\uff0c\u6536\u5c3e\u6e05\u65b0\u7dbf\u9577\u3002","breadcrumb":{"@id":"https:\/\/vavin.tw\/product\/lupe-cholet-savigny-les-beaune-1er-cru-les-peuillets-red-2018\/#breadcrumb"},"inLanguage":"zh-TW","potentialAction":[{"@type":"ReadAction","target":["https:\/\/vavin.tw\/product\/lupe-cholet-savigny-les-beaune-1er-cru-les-peuillets-red-2018\/"]}]},{"@type":"ImageObject","inLanguage":"zh-TW","@id":"https:\/\/vavin.tw\/product\/lupe-cholet-savigny-les-beaune-1er-cru-les-peuillets-red-2018\/#primaryimage","url":"https:\/\/vavin.tw\/wp-content\/uploads\/2025\/02\/savigny-.png","contentUrl":"https:\/\/vavin.tw\/wp-content\/uploads\/2025\/02\/savigny-.png","width":400,"height":600},{"@type":"BreadcrumbList","@id":"https:\/\/vavin.tw\/product\/lupe-cholet-savigny-les-beaune-1er-cru-les-peuillets-red-2018\/#breadcrumb","itemListElement":[{"@type":"ListItem","position":1,"name":"Home","item":"https:\/\/vavin.tw\/"},{"@type":"ListItem","position":2,"name":"Products","item":"https:\/\/vavin.tw\/shop\/"},{"@type":"ListItem","position":3,"name":"Lup\u00e9 Cholet Savigny les Beaune 1er Cru Les Peuillets 2018"}]},{"@type":"WebSite","@id":"https:\/\/vavin.tw\/#website","url":"https:\/\/vavin.tw\/","name":"Vavin \u9152\u76d2\u5b50","description":"\u54c1\u5473\u8461\u8404\u9152\u7684\u85dd\u8853","publisher":{"@id":"https:\/\/vavin.tw\/#organization"},"potentialAction":[{"@type":"SearchAction","target":{"@type":"EntryPoint","urlTemplate":"https:\/\/vavin.tw\/?s={search_term_string}"},"query-input":{"@type":"PropertyValueSpecification","valueRequired":true,"valueName":"search_term_string"}}],"inLanguage":"zh-TW"},{"@type":"Organization","@id":"https:\/\/vavin.tw\/#organization","name":"Vavin \u9152\u76d2\u5b50","url":"https:\/\/vavin.tw\/","logo":{"@type":"ImageObject","inLanguage":"zh-TW","@id":"https:\/\/vavin.tw\/#\/schema\/logo\/image\/","url":"https:\/\/vavin.tw\/wp-content\/uploads\/2023\/03\/cropped-favicon-violet-v1.png","contentUrl":"https:\/\/vavin.tw\/wp-content\/uploads\/2023\/03\/cropped-favicon-violet-v1.png","width":512,"height":512,"caption":"Vavin \u9152\u76d2\u5b50"},"image":{"@id":"https:\/\/vavin.tw\/#\/schema\/logo\/image\/"},"sameAs":["https:\/\/www.facebook.com\/vavintw","https:\/\/www.instagram.com\/vavin_tw"]}]}},"_links":{"self":[{"href":"https:\/\/vavin.tw\/zh_tw\/wp-json\/wp\/v2\/product\/998967","targetHints":{"allow":["GET"]}}],"collection":[{"href":"https:\/\/vavin.tw\/zh_tw\/wp-json\/wp\/v2\/product"}],"about":[{"href":"https:\/\/vavin.tw\/zh_tw\/wp-json\/wp\/v2\/types\/product"}],"replies":[{"embeddable":true,"href":"https:\/\/vavin.tw\/zh_tw\/wp-json\/wp\/v2\/comments?post=998967"}],"version-history":[{"count":0,"href":"https:\/\/vavin.tw\/zh_tw\/wp-json\/wp\/v2\/product\/998967\/revisions"}],"wp:featuredmedia":[{"embeddable":true,"href":"https:\/\/vavin.tw\/zh_tw\/wp-json\/wp\/v2\/media\/998968"}],"wp:attachment":[{"href":"https:\/\/vavin.tw\/zh_tw\/wp-json\/wp\/v2\/media?parent=998967"}],"wp:term":[{"taxonomy":"product_brand","embeddable":true,"href":"https:\/\/vavin.tw\/zh_tw\/wp-json\/wp\/v2\/product_brand?post=998967"},{"taxonomy":"product_cat","embeddable":true,"href":"https:\/\/vavin.tw\/zh_tw\/wp-json\/wp\/v2\/product_cat?post=998967"},{"taxonomy":"product_tag","embeddable":true,"href":"https:\/\/vavin.tw\/zh_tw\/wp-json\/wp\/v2\/product_tag?post=998967"}],"curies":[{"name":"WP","href":"https:\/\/api.w.org\/{rel}","templated":true}]}}